{"id":585767,"date":"2014-12-29T22:54:46","date_gmt":"2014-12-29T20:54:46","guid":{"rendered":"http:\/\/alkostore.ee\/?page_id=585767"},"modified":"2020-04-20T15:33:27","modified_gmt":"2020-04-20T12:33:27","slug":"kuller-ja-smartpost","status":"publish","type":"page","link":"https:\/\/alkostore.ee\/kuller-ja-smartpost\/","title":{"rendered":"Kuller ja SmartPost"},"content":{"rendered":"<p><strong>Liviko Store &amp; More kullerteenus ainult Eesti siseselt<\/strong><\/p>\n<p style=\"text-align: justify;\">Liviko koost\u00f6\u00f6partner Jet Kuller Express ja Omniva pakub meie e-poe klientidele kiiret kindlat ja usaldusv\u00e4\u00e4rset kullerteenust. Saad oma ostud saata uksest-ukseni k\u00f5ikjale \u00fcle Eesti, alates \u00fchest pudelist lemmikveinist kuni euroalust n\u00f5udvate suurte tellimusteni. Meie kvaliteetne kullerteenus sobib nii \u00e4riklientidele kui ka eraisikutele. Kullerteenuse tellimiseks ei ole vaja s\u00f5lmida kliendilepingut. V\u00f5ite asuda kohe <a href=\"http:\/\/alkostore.ee\/products\/kampaania\/\">tellimust esitama<\/a> v\u00f5i <a title=\"Registreeru\" href=\"http:\/\/alkostore.ee\/register\/\">registreeruda kasutajaks<\/a> ning <span style=\"color: #ff0000;\"><strong>saada igalt 20 eurot \u00fcletanud ostult 5% soodustust<\/strong><\/span> &#8212; valides registreerudes II taseme kliendikaardi.<\/p>\n<p style=\"text-align: justify;\"><a href=\"http:\/\/alkostore.ee\/wp-content\/uploads\/2013\/04\/liviko-ostuinfo-est-2.png\"><img loading=\"lazy\" class=\"alignleft size-large wp-image-694814\" src=\"http:\/\/alkostore.ee\/wp-content\/uploads\/2013\/04\/liviko-ostuinfo-est-2-856x1024.png\" alt=\"liviko-ostuinfo-est-2\" width=\"754\" height=\"901\" \/><\/a>Kullerteenuse hinnad s\u00f5ltuvad saadetise kaalust ning need hinnad kalkuleeritakse automaatselt, vastavalt teie tellimuse suurusele ja sihtkohale, kui olete oma kaubavaliku teinud. Kogu hinnaarvestus toimub tarne teenusepakkujate hinnakirjade alusel. Tarnehinna toome arve peal eraldi v\u00e4lja.Kui soovite rohkem infot meie teenuste kohta, v\u00f5tke \u00fchendust klienditeenindusega telefonil 6837744 E-R 10:00-17:00.<\/p>\n<p><strong>AEG ja KAAL<\/strong><\/p>\n<p style=\"text-align: justify;\">* Sama p\u00e4eva tellimus on kullerteenus, mille raames edastatakse saajale tellimus tellimuse esitamisega samal kuup\u00e4eval, ajavahemikus 10:00-17:00. Sama p\u00e4eva tellimuste k\u00e4ttetoimetamise aeg on kuni 4 tundi alates tellimuse kinnitamise hetkest. Sama p\u00e4eva tellimuste esitamise viimane piiraeg on kell 12:00.\u00a0 Samal p\u00e4eval k\u00e4ttetoimetamise teenust pakume ainult Tallinna piires. Erisoovide puhul palume helistada telefonil 6837744 E-R 10:00-17:00 L-P 10:00-18:00 telefonil 660 5986.<\/p>\n<p style=\"text-align: justify;\">* Tarneaeg \u00fclej\u00e4\u00e4nud Eesti piires v\u00f5ib ulatuda kuni 3 t\u00f6\u00f6p\u00e4evani tellimuse kinnitamise hetkest. Pideva transpordi\u00fchendusega kindlustamata saartele adresseeritud saadetised toimetatakse k\u00e4tte vastavalt transpordi\u00fchenduse sagedustele. K\u00f5ik erisoovid ning kogu t\u00e4psustava informatsiooni palume sisestada tellimuse teostamise hetkel veebikeskkonnas asuvasse lisainfo lahtrisse v\u00f5i telefoninumbril 6837744 E-R 10:00-17:00 ja n\u00e4dalavahetustel 10:00-18:00 telefonil 660 5986.<\/p>\n<p style=\"text-align: justify;\">* Saadetised kuni 30 kg toimetame \u00a0saaja elu- v\u00f5i asukoha ukseni. Saadetistele \u00fcle 30 kg hoonesisest logistikat ei osutata ja toimetame need laadimiskohani hoone 1. korrusel.<\/p>\n<p><strong>K\u00c4TTETTOIMETAMINE<\/strong><\/p>\n<p style=\"text-align: justify;\">* F\u00fc\u00fcsilisest isikust Saajale teatab kuller saadetise saabumisest telefoni v\u00f5i SMSi teel ette. Kui f\u00fc\u00fcsilisest isikust Saaja ei vasta telefonile, number puudub v\u00f5i on vale, siis teeb kuller sihtaadressil \u00fche k\u00e4ttetoimetamise katse saabumise p\u00e4eval. \u00a0 Kui meil ei ole v\u00f5imalik saadetist k\u00e4tte toimetada mis tahes p\u00f5hjusel, p\u00fc\u00fcame j\u00e4tta saaja aadressile teate k\u00e4ttetoimetamise katse ja saadetise asukoha kohta. Kui k\u00e4ttetoimetamine on eba\u00f5nnestunud ka teisel katsel v\u00f5i kui saaja keeldub saadetist vastu v\u00f5tmast, p\u00fc\u00fcame teiega kontakteeruda ja leppida kokku edasises tegevuses (kauba tellija peaks andma meile selliseks puhuks erijuhised tellimuse teostamise hetkel veebikeskkonnas asuvasse lisainfo lahtrisse). Saadetise k\u00e4ttetoimetamiseks teise asukohta \/ teisele isikule (n\u00e4iteks naabrile ja\/v\u00f5i naabri aadressile). Kui te soovite ja me n\u00f5ustume pakkuma sellist k\u00e4ttetoimetamise erijuhiste teenust, siis kohalduvad j\u00e4rgmised tingimused:<\/p>\n<p style=\"text-align: justify;\">* Meie poolt mis tahes k\u00e4ttetoimetamise t\u00f5endi esitamine, millele on m\u00e4rgitud alternatiivne isik ja\/v\u00f5i k\u00e4ttetoimetamisekoht, loetakse t\u00f5endiks saadetise k\u00e4ttetoimetamise kohta;<\/p>\n<p style=\"text-align: justify;\">* Me ei vastuta mis tahes kahjude eest, mis on tekkinud mis tahes viisil teie k\u00e4ttetoimetamise erijuhiste t\u00e4itmise tulemusena meie poolt;<\/p>\n<p style=\"text-align: justify;\">* Juriidilisest isikust Saajale ettehelistamise kohustust ei ole ja saadetise k\u00e4ttetoimetamiseks tehakse \u00fcks katse.<\/p>\n<p>* Alkohoolseid jooke ja tubakatooteid ei v\u00e4ljastata alla 18-aastastele isikutele.<\/p>\n<p style=\"text-align: justify;\">* Kui kliendi poolt sisestatud kontaktandmete eba\u00f5igsuse v\u00f5i kliendi alla 18 aastaseks osutumise t\u00f5ttu tellimuse \u00fcleandmine eba\u00f5nnestub, tagastatakse kliendile tema poolt makstud summa miinus tekkinud transpordikulu.<\/p>\n<p><strong>SMARTPOST<\/strong><\/p>\n<p style=\"text-align: justify;\">* SmartPOSTi on v\u00f5imalik tellida kaupu koguses, mida on maksimaalselt v\u00f5imalik pakkida m\u00f5\u00f5tmetesse : 60 cm * 36 cm * 60 cm. Kui tellitud kogust antud m\u00f5\u00f5tmetesse pakkida pole v\u00f5imalik, peate kauba k\u00e4ttesaamiseks kasutama kullerteenust v\u00f5i tulema ise kauplusesse j\u00e4rele.<\/p>\n<p>* SmartPOSTi pakiautomaadid asuvad erinevates kaubanduskeskustes \u00fcle Eesti. Valida saad neist endale sobiva.<\/p>\n<p style=\"text-align: justify;\">* SmartPOST on avatud nii kaua kui on avatud kaubanduskeskus, kus Sulle sobiv SmartPOST asub. * \u00a0Paki saabudes saadetakse sinu mobiiltelefonile SMS uksekoodiga. Paki k\u00e4ttesaamiseks pole automaadi juures vaja teha muud kui sisestada puutetundlikul ekraanil SMSis sisaldunud uksekood \u2013 selle peale avaneb \u00f5ige kapiuks ja pakk ongi k\u00e4es! . Soovi korral saad edasta oma uksekoodi usaldusv\u00e4\u00e4rsele inimesele, selle abil saab ta sinu asemel paki automaadist k\u00e4tte.<\/p>\n<p>* Pakki hoitakse pakiautomaadis 7 kalendrip\u00e4eva alates sinu mobiiltelefonile uksekoodi saatmisest.<\/p>\n","protected":false},"excerpt":{"rendered":"<p>Liviko Store &amp; More kullerteenus ainult Eesti siseselt Liviko koost\u00f6\u00f6partner Jet Kuller Express ja Omniva pakub meie e-poe klientidele kiiret kindlat ja usaldusv\u00e4\u00e4rset kullerteenust. Saad oma ostud saata uksest-ukseni k\u00f5ikjale \u00fcle Eesti, alates \u00fchest pudelist lemmikveinist kuni euroalust n\u00f5udvate suurte tellimusteni. Meie kvaliteetne kullerteenus sobib nii \u00e4riklientidele kui ka eraisikutele. &hellip;<\/p>\n","protected":false},"author":2,"featured_media":0,"parent":0,"menu_order":0,"comment_status":"closed","ping_status":"open","template":"","meta":{"inline_featured_image":false},"yoast_head":"<!-- This site is optimized with the Yoast SEO plugin v18.2 - https:\/\/yoast.com\/wordpress\/plugins\/seo\/ -->\n<meta name=\"robots\" content=\"index, follow, max-snippet:-1, max-image-preview:large, max-video-preview:-1\" \/>\n<link rel=\"canonical\" href=\"https:\/\/alkostore.ee\/kuller-ja-smartpost\/\" \/>\n<meta property=\"og:locale\" content=\"ru_RU\" \/>\n<meta property=\"og:type\" content=\"article\" \/>\n<meta property=\"og:title\" content=\"Kuller ja SmartPost | Alcostore\" \/>\n<meta property=\"og:description\" content=\"Liviko Store &amp; More kullerteenus ainult Eesti siseselt Liviko koost\u00f6\u00f6partner Jet Kuller Express ja Omniva pakub meie e-poe klientidele kiiret kindlat ja usaldusv\u00e4\u00e4rset kullerteenust. Saad oma ostud saata uksest-ukseni k\u00f5ikjale \u00fcle Eesti, alates \u00fchest pudelist lemmikveinist kuni euroalust n\u00f5udvate suurte tellimusteni. Meie kvaliteetne kullerteenus sobib nii \u00e4riklientidele kui ka eraisikutele. &hellip;\" \/>\n<meta property=\"og:url\" content=\"https:\/\/alkostore.ee\/kuller-ja-smartpost\/\" \/>\n<meta property=\"og:site_name\" content=\"Alcostore\" \/>\n<meta property=\"article:publisher\" content=\"https:\/\/www.facebook.com\/AlcostoreTallinn\" \/>\n<meta property=\"article:modified_time\" content=\"2020-04-20T12:33:27+00:00\" \/>\n<meta property=\"og:image\" content=\"http:\/\/alkostore.ee\/wp-content\/uploads\/2013\/04\/liviko-ostuinfo-est-2-856x1024.png\" \/>\n<meta name=\"twitter:card\" content=\"summary\" \/>\n<meta name=\"twitter:label1\" content=\"Est. reading time\" \/>\n\t<meta name=\"twitter:data1\" content=\"3 \u043c\u0438\u043d\u0443\u0442\u044b\" \/>\n<script type=\"application\/ld+json\" class=\"yoast-schema-graph\">{\"@context\":\"https:\/\/schema.org\",\"@graph\":[{\"@type\":\"Organization\",\"@id\":\"https:\/\/www.alkostore.ee\/fi\/#organization\",\"name\":\"ALKOSTORE\",\"url\":\"https:\/\/www.alkostore.ee\/fi\/\",\"sameAs\":[\"https:\/\/www.facebook.com\/AlcostoreTallinn\"],\"logo\":{\"@type\":\"ImageObject\",\"@id\":\"https:\/\/www.alkostore.ee\/fi\/#logo\",\"inLanguage\":\"ru\",\"url\":\"https:\/\/alkostore.ee\/wp-content\/uploads\/2021\/09\/liviko-alcostore_2x1.png\",\"contentUrl\":\"https:\/\/alkostore.ee\/wp-content\/uploads\/2021\/09\/liviko-alcostore_2x1.png\",\"width\":352,\"height\":130,\"caption\":\"ALKOSTORE\"},\"image\":{\"@id\":\"https:\/\/www.alkostore.ee\/fi\/#logo\"}},{\"@type\":\"WebSite\",\"@id\":\"https:\/\/www.alkostore.ee\/fi\/#website\",\"url\":\"https:\/\/www.alkostore.ee\/fi\/\",\"name\":\"Alcostore\",\"description\":\"Suurima valikuga alkoholi E-kauplus Eestis\",\"publisher\":{\"@id\":\"https:\/\/www.alkostore.ee\/fi\/#organization\"},\"potentialAction\":[{\"@type\":\"SearchAction\",\"target\":{\"@type\":\"EntryPoint\",\"urlTemplate\":\"https:\/\/www.alkostore.ee\/fi\/?s={search_term_string}\"},\"query-input\":\"required name=search_term_string\"}],\"inLanguage\":\"ru\"},{\"@type\":\"ImageObject\",\"@id\":\"https:\/\/alkostore.ee\/kuller-ja-smartpost\/#primaryimage\",\"inLanguage\":\"ru\",\"url\":\"http:\/\/alkostore.ee\/wp-content\/uploads\/2013\/04\/liviko-ostuinfo-est-2-856x1024.png\",\"contentUrl\":\"http:\/\/alkostore.ee\/wp-content\/uploads\/2013\/04\/liviko-ostuinfo-est-2-856x1024.png\"},{\"@type\":\"WebPage\",\"@id\":\"https:\/\/alkostore.ee\/kuller-ja-smartpost\/#webpage\",\"url\":\"https:\/\/alkostore.ee\/kuller-ja-smartpost\/\",\"name\":\"Kuller ja SmartPost | Alcostore\",\"isPartOf\":{\"@id\":\"https:\/\/www.alkostore.ee\/fi\/#website\"},\"primaryImageOfPage\":{\"@id\":\"https:\/\/alkostore.ee\/kuller-ja-smartpost\/#primaryimage\"},\"datePublished\":\"2014-12-29T20:54:46+00:00\",\"dateModified\":\"2020-04-20T12:33:27+00:00\",\"breadcrumb\":{\"@id\":\"https:\/\/alkostore.ee\/kuller-ja-smartpost\/#breadcrumb\"},\"inLanguage\":\"ru\",\"potentialAction\":[{\"@type\":\"ReadAction\",\"target\":[\"https:\/\/alkostore.ee\/kuller-ja-smartpost\/\"]}]},{\"@type\":\"BreadcrumbList\",\"@id\":\"https:\/\/alkostore.ee\/kuller-ja-smartpost\/#breadcrumb\",\"itemListElement\":[{\"@type\":\"ListItem\",\"position\":1,\"name\":\"Home\",\"item\":\"https:\/\/alkostore.ee\/ru\/avaleht-rus\/\"},{\"@type\":\"ListItem\",\"position\":2,\"name\":\"Kuller ja SmartPost\"}]}]}<\/script>\n<!-- \/ Yoast SEO plugin. -->","yoast_head_json":{"robots":{"index":"index","follow":"follow","max-snippet":"max-snippet:-1","max-image-preview":"max-image-preview:large","max-video-preview":"max-video-preview:-1"},"canonical":"https:\/\/alkostore.ee\/kuller-ja-smartpost\/","og_locale":"ru_RU","og_type":"article","og_title":"Kuller ja SmartPost | Alcostore","og_description":"Liviko Store &amp; More kullerteenus ainult Eesti siseselt Liviko koost\u00f6\u00f6partner Jet Kuller Express ja Omniva pakub meie e-poe klientidele kiiret kindlat ja usaldusv\u00e4\u00e4rset kullerteenust. Saad oma ostud saata uksest-ukseni k\u00f5ikjale \u00fcle Eesti, alates \u00fchest pudelist lemmikveinist kuni euroalust n\u00f5udvate suurte tellimusteni. Meie kvaliteetne kullerteenus sobib nii \u00e4riklientidele kui ka eraisikutele. &hellip;","og_url":"https:\/\/alkostore.ee\/kuller-ja-smartpost\/","og_site_name":"Alcostore","article_publisher":"https:\/\/www.facebook.com\/AlcostoreTallinn","article_modified_time":"2020-04-20T12:33:27+00:00","og_image":[{"url":"http:\/\/alkostore.ee\/wp-content\/uploads\/2013\/04\/liviko-ostuinfo-est-2-856x1024.png"}],"twitter_card":"summary","twitter_misc":{"Est. reading time":"3 \u043c\u0438\u043d\u0443\u0442\u044b"},"schema":{"@context":"https:\/\/schema.org","@graph":[{"@type":"Organization","@id":"https:\/\/www.alkostore.ee\/fi\/#organization","name":"ALKOSTORE","url":"https:\/\/www.alkostore.ee\/fi\/","sameAs":["https:\/\/www.facebook.com\/AlcostoreTallinn"],"logo":{"@type":"ImageObject","@id":"https:\/\/www.alkostore.ee\/fi\/#logo","inLanguage":"ru","url":"https:\/\/alkostore.ee\/wp-content\/uploads\/2021\/09\/liviko-alcostore_2x1.png","contentUrl":"https:\/\/alkostore.ee\/wp-content\/uploads\/2021\/09\/liviko-alcostore_2x1.png","width":352,"height":130,"caption":"ALKOSTORE"},"image":{"@id":"https:\/\/www.alkostore.ee\/fi\/#logo"}},{"@type":"WebSite","@id":"https:\/\/www.alkostore.ee\/fi\/#website","url":"https:\/\/www.alkostore.ee\/fi\/","name":"Alcostore","description":"Suurima valikuga alkoholi E-kauplus Eestis","publisher":{"@id":"https:\/\/www.alkostore.ee\/fi\/#organization"},"potentialAction":[{"@type":"SearchAction","target":{"@type":"EntryPoint","urlTemplate":"https:\/\/www.alkostore.ee\/fi\/?s={search_term_string}"},"query-input":"required name=search_term_string"}],"inLanguage":"ru"},{"@type":"ImageObject","@id":"https:\/\/alkostore.ee\/kuller-ja-smartpost\/#primaryimage","inLanguage":"ru","url":"http:\/\/alkostore.ee\/wp-content\/uploads\/2013\/04\/liviko-ostuinfo-est-2-856x1024.png","contentUrl":"http:\/\/alkostore.ee\/wp-content\/uploads\/2013\/04\/liviko-ostuinfo-est-2-856x1024.png"},{"@type":"WebPage","@id":"https:\/\/alkostore.ee\/kuller-ja-smartpost\/#webpage","url":"https:\/\/alkostore.ee\/kuller-ja-smartpost\/","name":"Kuller ja SmartPost | Alcostore","isPartOf":{"@id":"https:\/\/www.alkostore.ee\/fi\/#website"},"primaryImageOfPage":{"@id":"https:\/\/alkostore.ee\/kuller-ja-smartpost\/#primaryimage"},"datePublished":"2014-12-29T20:54:46+00:00","dateModified":"2020-04-20T12:33:27+00:00","breadcrumb":{"@id":"https:\/\/alkostore.ee\/kuller-ja-smartpost\/#breadcrumb"},"inLanguage":"ru","potentialAction":[{"@type":"ReadAction","target":["https:\/\/alkostore.ee\/kuller-ja-smartpost\/"]}]},{"@type":"BreadcrumbList","@id":"https:\/\/alkostore.ee\/kuller-ja-smartpost\/#breadcrumb","itemListElement":[{"@type":"ListItem","position":1,"name":"Home","item":"https:\/\/alkostore.ee\/ru\/avaleht-rus\/"},{"@type":"ListItem","position":2,"name":"Kuller ja SmartPost"}]}]}},"_links":{"self":[{"href":"https:\/\/alkostore.ee\/ru\/wp-json\/wp\/v2\/pages\/585767"}],"collection":[{"href":"https:\/\/alkostore.ee\/ru\/wp-json\/wp\/v2\/pages"}],"about":[{"href":"https:\/\/alkostore.ee\/ru\/wp-json\/wp\/v2\/types\/page"}],"author":[{"embeddable":true,"href":"https:\/\/alkostore.ee\/ru\/wp-json\/wp\/v2\/users\/2"}],"replies":[{"embeddable":true,"href":"https:\/\/alkostore.ee\/ru\/wp-json\/wp\/v2\/comments?post=585767"}],"version-history":[{"count":10,"href":"https:\/\/alkostore.ee\/ru\/wp-json\/wp\/v2\/pages\/585767\/revisions"}],"predecessor-version":[{"id":9541365,"href":"https:\/\/alkostore.ee\/ru\/wp-json\/wp\/v2\/pages\/585767\/revisions\/9541365"}],"wp:attachment":[{"href":"https:\/\/alkostore.ee\/ru\/wp-json\/wp\/v2\/media?parent=585767"}],"curies":[{"name":"wp","href":"https:\/\/api.w.org\/{rel}","templated":true}]}}