{"id":14045274,"date":"2024-06-09T18:25:31","date_gmt":"2024-06-09T15:25:31","guid":{"rendered":"https:\/\/alkostore.ee\/?page_id=14045274"},"modified":"2024-06-12T14:50:46","modified_gmt":"2024-06-12T11:50:46","slug":"uus-pood","status":"publish","type":"page","link":"https:\/\/alkostore.ee\/uus-pood\/","title":{"rendered":"Uus pood"},"content":{"rendered":"<p>[vc_section css=&#187;.vc_custom_1717944604526{margin-top: -30px !important;}&#187;][vc_row][vc_column css_animation=&#187;fadeIn&#187; offset=&#187;vc_hidden-lg vc_hidden-md vc_hidden-sm&#187;][vc_column_text]<\/p>\n<p style=\"text-align: center;\"><span style=\"font-size: 24pt;\">Hea ligip\u00e4\u00e4s<\/span><\/p>\n<p style=\"text-align: center;\"><span style=\"font-size: 14pt;\">Ahtri t\u00e4nav on uuesti avatud.<\/span><\/p>\n<p>[\/vc_column_text][vc_media_grid style=&#187;load-more&#187; items_per_page=&#187;1&#8243; element_width=&#187;12&#8243; gap=&#187;30&#8243; item=&#187;mediaGrid_FadeInWithIcon&#187; btn_style=&#187;modern&#187; btn_color=&#187;default&#187; btn_size=&#187;xs&#187; grid_id=&#187;vc_gid:1718192573597-103702be-d554-8&#8243; include=&#187;14045284,14045285,14045286,14045292,14045293,14045294,14045295,14045296,14045297,14045298,14045299,14045300&#8243;][vc_column_text css=&#187;.vc_custom_1717941995807{margin-top: -70px !important;}&#187;]<\/p>\n<p style=\"text-align: center;\"><span style=\"font-size: 24pt;\">Mugav parkimine<\/span><\/p>\n<p>[\/vc_column_text][vc_media_grid style=&#187;load-more&#187; items_per_page=&#187;1&#8243; element_width=&#187;12&#8243; gap=&#187;30&#8243; item=&#187;mediaGrid_FadeInWithIcon&#187; btn_style=&#187;modern&#187; btn_color=&#187;default&#187; btn_size=&#187;xs&#187; grid_id=&#187;vc_gid:1718192573624-b9985ea3-d13f-0&#8243; include=&#187;14045308,14045309,14045310,14045300,14045299,14045298,14045297,14045296,14045292,14045293,14045294,14045295&#8243;][vc_column_text css=&#187;.vc_custom_1717942022758{margin-top: -70px !important;}&#187;]<\/p>\n<p style=\"text-align: center;\"><span style=\"font-size: 24pt;\">Suurem pood<\/span><\/p>\n<p>[\/vc_column_text][vc_media_grid style=&#187;load-more&#187; items_per_page=&#187;1&#8243; element_width=&#187;12&#8243; gap=&#187;30&#8243; item=&#187;mediaGrid_FadeInWithIcon&#187; btn_style=&#187;modern&#187; btn_color=&#187;default&#187; btn_size=&#187;xs&#187; grid_id=&#187;vc_gid:1718192573643-180d60df-4a20-8&#8243; include=&#187;14045288,14045290,14045289,14045292,14045293,14045294,14045295,14045300,14045299,14045298,14045297,14045296&#8243;][vc_column_text css=&#187;.vc_custom_1717942035182{margin-top: -70px !important;}&#187;]<\/p>\n<p style=\"text-align: center;\"><span style=\"font-size: 24pt;\">Laiem valik<\/span><\/p>\n<p>[\/vc_column_text][vc_media_grid style=&#187;load-more&#187; items_per_page=&#187;1&#8243; element_width=&#187;12&#8243; gap=&#187;30&#8243; item=&#187;mediaGrid_FadeInWithIcon&#187; btn_style=&#187;modern&#187; btn_color=&#187;default&#187; btn_size=&#187;xs&#187; grid_id=&#187;vc_gid:1718192573661-868c66c4-43ac-9&#8243; include=&#187;14045300,14045299,14045298,14045297,14045296,14045292,14045293,14045294,14045295&#8243;][vc_column_text css=&#187;.vc_custom_1717961577239{margin-top: -70px !important;}&#187;]<\/p>\n<p style=\"text-align: center;\"><span style=\"font-size: 24pt;\">Kohv ja saiakesed<\/span><\/p>\n<p>[\/vc_column_text][vc_media_grid style=&#187;load-more&#187; items_per_page=&#187;1&#8243; element_width=&#187;12&#8243; gap=&#187;30&#8243; item=&#187;mediaGrid_FadeInWithIcon&#187; btn_style=&#187;modern&#187; btn_color=&#187;default&#187; btn_size=&#187;xs&#187; grid_id=&#187;vc_gid:1718192573675-028756cc-cc3f-10&#8243; include=&#187;14045304,14045305,14045306&#8243;][\/vc_column][\/vc_row][\/vc_section][vc_section css_animation=&#187;fadeIn&#187; css=&#187;.vc_custom_1718193013362{margin-top: -30px !important;margin-right: 0px !important;margin-left: -31% !important;padding-right: 0px !important;padding-left: 0px !important;}&#187;][vc_row][vc_column width=&#187;1\/4&#8243; offset=&#187;vc_hidden-xs&#187;][vc_single_image source=&#187;external_link&#187; external_img_size=&#187;full&#187; onclick=&#187;custom_link&#187; link=&#187;https:\/\/alkostore.ee\/&#187; custom_src=&#187;https:\/\/alkostore.ee\/img\/homepage\/Alcostore.webp&#187; css=&#187;.vc_custom_1718147792962{margin-bottom: -40px !important;}&#187;][\/vc_column][vc_column width=&#187;3\/4&#8243; offset=&#187;vc_hidden-xs&#187;][\/vc_column][\/vc_row][vc_row css_animation=&#187;fadeIn&#187;][vc_column offset=&#187;vc_hidden-xs&#187;][vc_column_text css_animation=&#187;none&#187;]<\/p>\n<p style=\"text-align: center;\"><span style=\"font-size: 24pt;\">Hea ligip\u00e4\u00e4s<\/span><\/p>\n<p style=\"text-align: center;\"><span style=\"font-size: 14pt;\">Ahtri t\u00e4nav on uuesti avatud.<\/span><\/p>\n<p>[\/vc_column_text][\/vc_column][\/vc_row][vc_row css_animation=&#187;none&#187; css=&#187;.vc_custom_1718136953193{margin-right: 0px !important;margin-left: 0px !important;padding-right: 0px !important;padding-left: 0px !important;}&#187;][vc_column offset=&#187;vc_hidden-xs&#187;][vc_media_grid style=&#187;load-more&#187; items_per_page=&#187;3&#8243; gap=&#187;30&#8243; item=&#187;14045324&#8243; btn_style=&#187;modern&#187; btn_color=&#187;default&#187; btn_size=&#187;xs&#187; grid_id=&#187;vc_gid:1718192573684-853e552f-4599-8&#8243; include=&#187;14045220,14045221,14045222,14045236,14045238,14045239,14045240,14045241,14045242,14045245,14045244,14045243&#8243;][\/vc_column][\/vc_row][vc_row css_animation=&#187;fadeIn&#187;][vc_column offset=&#187;vc_hidden-xs&#187;][vc_column_text css_animation=&#187;fadeIn&#187; css=&#187;.vc_custom_1718192714561{margin-top: -70px !important;}&#187;]<\/p>\n<p style=\"text-align: center;\"><span style=\"font-size: 24pt;\">Mugav parkimine<\/span><\/p>\n<p>[\/vc_column_text][\/vc_column][\/vc_row][vc_row css_animation=&#187;none&#187;][vc_column offset=&#187;vc_hidden-xs&#187;][vc_media_grid style=&#187;load-more&#187; items_per_page=&#187;3&#8243; gap=&#187;30&#8243; item=&#187;14045324&#8243; btn_style=&#187;modern&#187; btn_color=&#187;default&#187; btn_size=&#187;xs&#187; grid_id=&#187;vc_gid:1718192573711-097ac9c3-bac5-9&#8243; include=&#187;14045224,14045225,14045226,14045236,14045238,14045239,14045240,14045241,14045242,14045245,14045244,14045243&#8243;][\/vc_column][\/vc_row][vc_row css_animation=&#187;fadeIn&#187;][vc_column offset=&#187;vc_hidden-xs&#187;][vc_column_text css_animation=&#187;fadeIn&#187; css=&#187;.vc_custom_1718192725626{margin-top: -70px !important;}&#187;]<\/p>\n<p style=\"text-align: center;\"><span style=\"font-size: 24pt;\">Suurem pood<\/span><\/p>\n<p>[\/vc_column_text][\/vc_column][\/vc_row][vc_row css_animation=&#187;none&#187;][vc_column offset=&#187;vc_hidden-xs&#187;][vc_media_grid style=&#187;load-more&#187; items_per_page=&#187;3&#8243; gap=&#187;30&#8243; item=&#187;14045324&#8243; btn_style=&#187;modern&#187; btn_color=&#187;default&#187; btn_size=&#187;xs&#187; grid_id=&#187;vc_gid:1718192573740-94e897fe-c9e7-4&#8243; include=&#187;14045230,14045232,14045231,14045236,14045238,14045239,14045240,14045241,14045242,14045245,14045244,14045243&#8243;][\/vc_column][\/vc_row][vc_row css_animation=&#187;fadeIn&#187;][vc_column offset=&#187;vc_hidden-xs&#187;][vc_column_text css_animation=&#187;fadeIn&#187; css=&#187;.vc_custom_1718192735465{margin-top: -70px !important;}&#187;]<\/p>\n<p style=\"text-align: center;\"><span style=\"font-size: 24pt;\">Laiem valik<\/span><\/p>\n<p>[\/vc_column_text][\/vc_column][\/vc_row][vc_row css_animation=&#187;none&#187;][vc_column offset=&#187;vc_hidden-xs&#187;][vc_media_grid style=&#187;load-more&#187; items_per_page=&#187;6&#8243; gap=&#187;30&#8243; item=&#187;14045324&#8243; btn_style=&#187;modern&#187; btn_color=&#187;default&#187; btn_size=&#187;xs&#187; grid_id=&#187;vc_gid:1718192573759-2f3a9795-1b2e-7&#8243; include=&#187;14045236,14045238,14045239,14045240,14045241,14045242,14045245,14045244,14045243&#8243;][\/vc_column][\/vc_row][vc_row css_animation=&#187;fadeIn&#187;][vc_column offset=&#187;vc_hidden-xs&#187;][vc_column_text css_animation=&#187;fadeIn&#187; css=&#187;.vc_custom_1718192744697{margin-top: -70px !important;}&#187;]<\/p>\n<p style=\"text-align: center;\"><span style=\"font-size: 24pt;\">Kohv ja saiakesed<\/span><\/p>\n<p>[\/vc_column_text][\/vc_column][\/vc_row][vc_row css_animation=&#187;none&#187;][vc_column offset=&#187;vc_hidden-xs&#187;][vc_media_grid style=&#187;load-more&#187; items_per_page=&#187;3&#8243; gap=&#187;30&#8243; item=&#187;14045324&#8243; btn_style=&#187;modern&#187; btn_color=&#187;default&#187; btn_size=&#187;xs&#187; grid_id=&#187;vc_gid:1718192573773-333e1425-fed6-8&#8243; include=&#187;14045248,14045247,14045249&#8243;][\/vc_column][\/vc_row][\/vc_section]<\/p>\n","protected":false},"excerpt":{"rendered":"<p>[vc_section css=&#187;.vc_custom_1717944604526{margin-top: -30px !important;}&#187;][vc_row][vc_column css_animation=&#187;fadeIn&#187; offset=&#187;vc_hidden-lg vc_hidden-md vc_hidden-sm&#187;][vc_column_text] Hea ligip\u00e4\u00e4s Ahtri t\u00e4nav on uuesti avatud. [\/vc_column_text][vc_media_grid style=&#187;load-more&#187; items_per_page=&#187;1&#8243; element_width=&#187;12&#8243; gap=&#187;30&#8243; item=&#187;mediaGrid_FadeInWithIcon&#187; btn_style=&#187;modern&#187; btn_color=&#187;default&#187; btn_size=&#187;xs&#187; grid_id=&#187;vc_gid:1718192573597-103702be-d554-8&#8243; include=&#187;14045284,14045285,14045286,14045292,14045293,14045294,14045295,14045296,14045297,14045298,14045299,14045300&#8243;][vc_column_text css=&#187;.vc_custom_1717941995807{margin-top: -70px !important;}&#187;] Mugav parkimine [\/vc_column_text][vc_media_grid style=&#187;load-more&#187; items_per_page=&#187;1&#8243; element_width=&#187;12&#8243; gap=&#187;30&#8243; item=&#187;mediaGrid_FadeInWithIcon&#187; btn_style=&#187;modern&#187; btn_color=&#187;default&#187; btn_size=&#187;xs&#187; grid_id=&#187;vc_gid:1718192573624-b9985ea3-d13f-0&#8243; include=&#187;14045308,14045309,14045310,14045300,14045299,14045298,14045297,14045296,14045292,14045293,14045294,14045295&#8243;][vc_column_text css=&#187;.vc_custom_1717942022758{margin-top: -70px !important;}&#187;] Suurem pood [\/vc_column_text][vc_media_grid style=&#187;load-more&#187; items_per_page=&#187;1&#8243; &hellip;<\/p>\n","protected":false},"author":3148,"featured_media":0,"parent":0,"menu_order":0,"comment_status":"closed","ping_status":"closed","template":"","meta":{"inline_featured_image":false},"yoast_head":"<!-- This site is optimized with the Yoast SEO plugin v18.2 - https:\/\/yoast.com\/wordpress\/plugins\/seo\/ -->\n<meta name=\"robots\" content=\"index, follow, max-snippet:-1, max-image-preview:large, max-video-preview:-1\" \/>\n<link rel=\"canonical\" href=\"https:\/\/alkostore.ee\/uus-pood\/\" \/>\n<meta property=\"og:locale\" content=\"ru_RU\" \/>\n<meta property=\"og:type\" content=\"article\" \/>\n<meta property=\"og:title\" content=\"Uus pood | Alcostore\" \/>\n<meta property=\"og:description\" content=\"[vc_section css=&#187;.vc_custom_1717944604526{margin-top: -30px !important;}&#187;][vc_row][vc_column css_animation=&#187;fadeIn&#187; offset=&#187;vc_hidden-lg vc_hidden-md vc_hidden-sm&#187;][vc_column_text] Hea ligip\u00e4\u00e4s Ahtri t\u00e4nav on uuesti avatud. [\/vc_column_text][vc_media_grid style=&#187;load-more&#187; items_per_page=&#187;1&#8243; element_width=&#187;12&#8243; gap=&#187;30&#8243; item=&#187;mediaGrid_FadeInWithIcon&#187; btn_style=&#187;modern&#187; btn_color=&#187;default&#187; btn_size=&#187;xs&#187; grid_id=&#187;vc_gid:1718192573597-103702be-d554-8&#8243; include=&#187;14045284,14045285,14045286,14045292,14045293,14045294,14045295,14045296,14045297,14045298,14045299,14045300&#8243;][vc_column_text css=&#187;.vc_custom_1717941995807{margin-top: -70px !important;}&#187;] Mugav parkimine [\/vc_column_text][vc_media_grid style=&#187;load-more&#187; items_per_page=&#187;1&#8243; element_width=&#187;12&#8243; gap=&#187;30&#8243; item=&#187;mediaGrid_FadeInWithIcon&#187; btn_style=&#187;modern&#187; btn_color=&#187;default&#187; btn_size=&#187;xs&#187; grid_id=&#187;vc_gid:1718192573624-b9985ea3-d13f-0&#8243; include=&#187;14045308,14045309,14045310,14045300,14045299,14045298,14045297,14045296,14045292,14045293,14045294,14045295&#8243;][vc_column_text css=&#187;.vc_custom_1717942022758{margin-top: -70px !important;}&#187;] Suurem pood [\/vc_column_text][vc_media_grid style=&#187;load-more&#187; items_per_page=&#187;1&#8243; &hellip;\" \/>\n<meta property=\"og:url\" content=\"https:\/\/alkostore.ee\/uus-pood\/\" \/>\n<meta property=\"og:site_name\" content=\"Alcostore\" \/>\n<meta property=\"article:publisher\" content=\"https:\/\/www.facebook.com\/AlcostoreTallinn\" \/>\n<meta property=\"article:modified_time\" content=\"2024-06-12T11:50:46+00:00\" \/>\n<meta name=\"twitter:card\" content=\"summary\" \/>\n<meta name=\"twitter:label1\" content=\"Est. reading time\" \/>\n\t<meta name=\"twitter:data1\" content=\"2 \u043c\u0438\u043d\u0443\u0442\u044b\" \/>\n<script type=\"application\/ld+json\" class=\"yoast-schema-graph\">{\"@context\":\"https:\/\/schema.org\",\"@graph\":[{\"@type\":\"Organization\",\"@id\":\"https:\/\/www.alkostore.ee\/fi\/#organization\",\"name\":\"ALKOSTORE\",\"url\":\"https:\/\/www.alkostore.ee\/fi\/\",\"sameAs\":[\"https:\/\/www.facebook.com\/AlcostoreTallinn\"],\"logo\":{\"@type\":\"ImageObject\",\"@id\":\"https:\/\/www.alkostore.ee\/fi\/#logo\",\"inLanguage\":\"ru\",\"url\":\"https:\/\/alkostore.ee\/wp-content\/uploads\/2021\/09\/liviko-alcostore_2x1.png\",\"contentUrl\":\"https:\/\/alkostore.ee\/wp-content\/uploads\/2021\/09\/liviko-alcostore_2x1.png\",\"width\":352,\"height\":130,\"caption\":\"ALKOSTORE\"},\"image\":{\"@id\":\"https:\/\/www.alkostore.ee\/fi\/#logo\"}},{\"@type\":\"WebSite\",\"@id\":\"https:\/\/www.alkostore.ee\/fi\/#website\",\"url\":\"https:\/\/www.alkostore.ee\/fi\/\",\"name\":\"Alcostore\",\"description\":\"Suurima valikuga alkoholi E-kauplus Eestis\",\"publisher\":{\"@id\":\"https:\/\/www.alkostore.ee\/fi\/#organization\"},\"potentialAction\":[{\"@type\":\"SearchAction\",\"target\":{\"@type\":\"EntryPoint\",\"urlTemplate\":\"https:\/\/www.alkostore.ee\/fi\/?s={search_term_string}\"},\"query-input\":\"required name=search_term_string\"}],\"inLanguage\":\"ru\"},{\"@type\":\"WebPage\",\"@id\":\"https:\/\/alkostore.ee\/uus-pood\/#webpage\",\"url\":\"https:\/\/alkostore.ee\/uus-pood\/\",\"name\":\"Uus pood | Alcostore\",\"isPartOf\":{\"@id\":\"https:\/\/www.alkostore.ee\/fi\/#website\"},\"datePublished\":\"2024-06-09T15:25:31+00:00\",\"dateModified\":\"2024-06-12T11:50:46+00:00\",\"breadcrumb\":{\"@id\":\"https:\/\/alkostore.ee\/uus-pood\/#breadcrumb\"},\"inLanguage\":\"ru\",\"potentialAction\":[{\"@type\":\"ReadAction\",\"target\":[\"https:\/\/alkostore.ee\/uus-pood\/\"]}]},{\"@type\":\"BreadcrumbList\",\"@id\":\"https:\/\/alkostore.ee\/uus-pood\/#breadcrumb\",\"itemListElement\":[{\"@type\":\"ListItem\",\"position\":1,\"name\":\"Home\",\"item\":\"https:\/\/alkostore.ee\/ru\/\"},{\"@type\":\"ListItem\",\"position\":2,\"name\":\"Uus pood\"}]}]}<\/script>\n<!-- \/ Yoast SEO plugin. -->","yoast_head_json":{"robots":{"index":"index","follow":"follow","max-snippet":"max-snippet:-1","max-image-preview":"max-image-preview:large","max-video-preview":"max-video-preview:-1"},"canonical":"https:\/\/alkostore.ee\/uus-pood\/","og_locale":"ru_RU","og_type":"article","og_title":"Uus pood | Alcostore","og_description":"[vc_section css=&#187;.vc_custom_1717944604526{margin-top: -30px !important;}&#187;][vc_row][vc_column css_animation=&#187;fadeIn&#187; offset=&#187;vc_hidden-lg vc_hidden-md vc_hidden-sm&#187;][vc_column_text] Hea ligip\u00e4\u00e4s Ahtri t\u00e4nav on uuesti avatud. [\/vc_column_text][vc_media_grid style=&#187;load-more&#187; items_per_page=&#187;1&#8243; element_width=&#187;12&#8243; gap=&#187;30&#8243; item=&#187;mediaGrid_FadeInWithIcon&#187; btn_style=&#187;modern&#187; btn_color=&#187;default&#187; btn_size=&#187;xs&#187; grid_id=&#187;vc_gid:1718192573597-103702be-d554-8&#8243; include=&#187;14045284,14045285,14045286,14045292,14045293,14045294,14045295,14045296,14045297,14045298,14045299,14045300&#8243;][vc_column_text css=&#187;.vc_custom_1717941995807{margin-top: -70px !important;}&#187;] Mugav parkimine [\/vc_column_text][vc_media_grid style=&#187;load-more&#187; items_per_page=&#187;1&#8243; element_width=&#187;12&#8243; gap=&#187;30&#8243; item=&#187;mediaGrid_FadeInWithIcon&#187; btn_style=&#187;modern&#187; btn_color=&#187;default&#187; btn_size=&#187;xs&#187; grid_id=&#187;vc_gid:1718192573624-b9985ea3-d13f-0&#8243; include=&#187;14045308,14045309,14045310,14045300,14045299,14045298,14045297,14045296,14045292,14045293,14045294,14045295&#8243;][vc_column_text css=&#187;.vc_custom_1717942022758{margin-top: -70px !important;}&#187;] Suurem pood [\/vc_column_text][vc_media_grid style=&#187;load-more&#187; items_per_page=&#187;1&#8243; &hellip;","og_url":"https:\/\/alkostore.ee\/uus-pood\/","og_site_name":"Alcostore","article_publisher":"https:\/\/www.facebook.com\/AlcostoreTallinn","article_modified_time":"2024-06-12T11:50:46+00:00","twitter_card":"summary","twitter_misc":{"Est. reading time":"2 \u043c\u0438\u043d\u0443\u0442\u044b"},"schema":{"@context":"https:\/\/schema.org","@graph":[{"@type":"Organization","@id":"https:\/\/www.alkostore.ee\/fi\/#organization","name":"ALKOSTORE","url":"https:\/\/www.alkostore.ee\/fi\/","sameAs":["https:\/\/www.facebook.com\/AlcostoreTallinn"],"logo":{"@type":"ImageObject","@id":"https:\/\/www.alkostore.ee\/fi\/#logo","inLanguage":"ru","url":"https:\/\/alkostore.ee\/wp-content\/uploads\/2021\/09\/liviko-alcostore_2x1.png","contentUrl":"https:\/\/alkostore.ee\/wp-content\/uploads\/2021\/09\/liviko-alcostore_2x1.png","width":352,"height":130,"caption":"ALKOSTORE"},"image":{"@id":"https:\/\/www.alkostore.ee\/fi\/#logo"}},{"@type":"WebSite","@id":"https:\/\/www.alkostore.ee\/fi\/#website","url":"https:\/\/www.alkostore.ee\/fi\/","name":"Alcostore","description":"Suurima valikuga alkoholi E-kauplus Eestis","publisher":{"@id":"https:\/\/www.alkostore.ee\/fi\/#organization"},"potentialAction":[{"@type":"SearchAction","target":{"@type":"EntryPoint","urlTemplate":"https:\/\/www.alkostore.ee\/fi\/?s={search_term_string}"},"query-input":"required name=search_term_string"}],"inLanguage":"ru"},{"@type":"WebPage","@id":"https:\/\/alkostore.ee\/uus-pood\/#webpage","url":"https:\/\/alkostore.ee\/uus-pood\/","name":"Uus pood | Alcostore","isPartOf":{"@id":"https:\/\/www.alkostore.ee\/fi\/#website"},"datePublished":"2024-06-09T15:25:31+00:00","dateModified":"2024-06-12T11:50:46+00:00","breadcrumb":{"@id":"https:\/\/alkostore.ee\/uus-pood\/#breadcrumb"},"inLanguage":"ru","potentialAction":[{"@type":"ReadAction","target":["https:\/\/alkostore.ee\/uus-pood\/"]}]},{"@type":"BreadcrumbList","@id":"https:\/\/alkostore.ee\/uus-pood\/#breadcrumb","itemListElement":[{"@type":"ListItem","position":1,"name":"Home","item":"https:\/\/alkostore.ee\/ru\/"},{"@type":"ListItem","position":2,"name":"Uus pood"}]}]}},"_links":{"self":[{"href":"https:\/\/alkostore.ee\/ru\/wp-json\/wp\/v2\/pages\/14045274"}],"collection":[{"href":"https:\/\/alkostore.ee\/ru\/wp-json\/wp\/v2\/pages"}],"about":[{"href":"https:\/\/alkostore.ee\/ru\/wp-json\/wp\/v2\/types\/page"}],"author":[{"embeddable":true,"href":"https:\/\/alkostore.ee\/ru\/wp-json\/wp\/v2\/users\/3148"}],"replies":[{"embeddable":true,"href":"https:\/\/alkostore.ee\/ru\/wp-json\/wp\/v2\/comments?post=14045274"}],"version-history":[{"count":10,"href":"https:\/\/alkostore.ee\/ru\/wp-json\/wp\/v2\/pages\/14045274\/revisions"}],"predecessor-version":[{"id":14052937,"href":"https:\/\/alkostore.ee\/ru\/wp-json\/wp\/v2\/pages\/14045274\/revisions\/14052937"}],"wp:attachment":[{"href":"https:\/\/alkostore.ee\/ru\/wp-json\/wp\/v2\/media?parent=14045274"}],"curies":[{"name":"wp","href":"https:\/\/api.w.org\/{rel}","templated":true}]}}