{"id":9,"date":"2013-04-30T17:18:23","date_gmt":"2013-04-30T14:18:23","guid":{"rendered":"http:\/\/kaarel\/liviko\/cms\/?page_id=9"},"modified":"2022-03-28T19:02:44","modified_gmt":"2022-03-28T16:02:44","slug":"ostuinfo","status":"publish","type":"page","link":"https:\/\/alkostore.ee\/fi\/tilausohjeita\/","title":{"rendered":"Alkostore.ee e-poe kasutustingimused ning m\u00fc\u00fcgitingimused"},"content":{"rendered":"<h1 class=\"title\"><span style=\"font-size: 12pt;\">Alkostore.ee e-poe kasutustingimused<\/span><\/h1>\n<ol>\n<li><strong>Kasutustingimused<\/strong><\/li>\n<\/ol>\n<p>1.1.Need tingimused sisaldavad alkostore.ee e-poe teenuse (\u201cTeenus\u201d) ja Alkostore.ee mobiilirakenduse (\u201cTeenus\u201d) kasutamise tingimusi. Teenuse kasutamine n\u00f5uab nende kasutustingimustega n\u00f5ustumist.<\/p>\n<p>1.2.Teenuse kasutaja (edaspidi \u201cklient\u201d) n\u00f5ustub tingimustega ja n\u00f5ustub teenust kasutades neid tingimusi j\u00e4rgima. Teenus sisaldab ka neid tingimusi t\u00e4psustavaid teatisi ja kasutusjuhendeid. Alkostore.ee j\u00e4tab endale \u00f5iguse muuta Teenuse sisu ja k\u00e4esolevaid tingimusi. Teenuse kasutamisel n\u00f5ustub klient muudatustega. Sel ajal kehtinud tingimused on alkostore.ee veebisaidil.<\/p>\n<p>1.3.Teenus ja selle sisu kuuluvad alkostore.ee-le. Teenust v\u00f5ib vaadata, sirvida ja printida Kliendi enda isiklikuks kasutamiseks. Teenuses sisalduvat teksti v\u00f5i pilte ei tohi siiski kasutada \u00e4rilistel eesm\u00e4rkidel ega muul viisil, mis rikub alkostore.ee intellektuaalomandi \u00f5igusi. Teenuses avaldatud b\u00fcllet\u00e4\u00e4ne v\u00f5ib kasutada ajakirjanduslikel eesm\u00e4rkidel, kui selle kasutamisel mainitakse teabe allikat. Klient vastutab trahvide eest, mis tulenevad autori\u00f5igusega kaitstud materjali loata kasutamisest alkostore.ee ja tema potentsiaalsete partnerite poolt.<\/p>\n<ol start=\"2\">\n<li><strong>Registreerimine<\/strong><\/li>\n<\/ol>\n<p>2.1.Klient on tarbija v\u00f5i \u00e4riklient, kes registreerib teenuse kasutamiseks. Klient on f\u00fc\u00fcsiline isik, kes on saanud v\u00e4hemalt 18-aastaseks. \u00c4riklient t\u00e4hendab juriidilist isikut, kellel on kehtiv \u00e4ritunnus.<\/p>\n<p>2.2.Klient saab teenuses tooteid tellida kas p\u00e4rast teenuse kasutajaks registreerumist v\u00f5i ilma registreerumiseta. \u00c4rikliendil peab olema kehtiv \u00e4ritunnus, mille ta sisestab teenusesse end registreerides.<\/p>\n<p>2.3.Toodete tellimiseks peab klient n\u00f5ustuma eraldi tellimuse ja kohaletoimetamise tingimustega ning vastama seal nimetatud n\u00f5uetele. N\u00f5uete n\u00f5ustumisest loobumisel j\u00e4tab alkostore.ee endale \u00f5iguse keelduda toodete m\u00fc\u00fcmisest v\u00f5i klientidele \u00fcleandmisest.<\/p>\n<p>2.4.Teenusesse registreerumisel loob klient Teenuse kasutamiseks kasutajanime ja parooli. Kasutajanimi on Kliendi e-posti aadress. Nii registreerub klient Teenuse kasutajaks.<\/p>\n<p>2.5.\u00c4riklientide puhul on alkostore.ee-l \u00f5igus kolmanda osapoole teenusepakkuja kaudu kontrollida, kas isikul on \u00f5igus esindada k\u00f5nealust ettev\u00f5tet v\u00f5i \u00fcksust.<\/p>\n<ol start=\"3\">\n<li><strong>Teenuse kasutamine<\/strong><\/li>\n<\/ol>\n<p>3.1.Toodete ostmine ja teenuste kasutamine on lubatud kliendile kelle vanus on v\u00e4hemalt 18-aastat. Klient vastutab Teenusesse sisestatud ja alkostore.ee edastatud teabe \u00f5igsuse eest. Alkostore.ee ei vastuta kahjude v\u00f5i h\u00e4irete eest, mis on kliendile v\u00f5i kolmandale isikule p\u00f5hjustatud kliendi poolt esitatud vale teabe t\u00f5ttu. Klient vastutab Teenusepakkujale edastatud teabe \u00f5igsuse ning kasutajanime ja parooli kasutamise ja s\u00e4ilitamise eest. Kasutajanimi ja parool on alati isiklikud.<\/p>\n<p>3.2.Klient kohustub kasutama teenust ainult vastavalt teenusele ning seadustele ja headele tavadele.<\/p>\n<p>3.3.Alkostore.ee on \u00f5igus registreerimisest keelduda ning vajadusel Kliendi kasutajanimi sulgeda ja Teenuse kasutamine blokeerida.<\/p>\n<h1 class=\"title\">M\u00fc\u00fcgitingimused<\/h1>\n<p>Kehtivad alates 05.04.2021<\/p>\n<p><strong>1.\u00dcLDS\u00c4TTED<\/strong><\/p>\n<p>1.1.K\u00e4esolevad alkostore.ee e-poe (edaspidi: e-pood) m\u00fc\u00fcgitingimused (edaspidi: tingimused) kehtivad alkostore.ee e-poest ostmisel internetiaadressilt https:\/\/www.alkostore.ee. Kauba m\u00fc\u00fcja on Liviko AS (edaspidi: m\u00fc\u00fcja), aadress Masina 11 Tallinn 10143, registrikood 10117341, tel +372 683 7744, e-posti aadress kliendiinfo@alkostore.ee. Tingimused kehtivad k\u00f5igi isikute (edaspidi: klient) ja m\u00fc\u00fcja vahel alkostore.ee e-poe vahendusel kauba ostmisel tekkivate \u00f5igussuhete kohta.<\/p>\n<p>1.2.M\u00fc\u00fcjal on \u00f5igus \u00fchepoolselt tingimusi muuta ja t\u00e4iendada, avaldades uued tingimused internetiaadressil https:\/\/www.alkostore.ee. Kui klient esitas tellimuse enne tingimuste muudatuste j\u00f5ustumist, kohaldatakse kliendi ja m\u00fc\u00fcja \u00f5igussuhtele tellimuse esitamise ajal kehtinud tingimusi.<\/p>\n<p>1.3.Kliendil on v\u00f5imalik enne ostu sooritamist tingimused salvestada, printida ja vajaduse korral taasesitada ning klient n\u00f5ustub alkostore.ee e-poest ostu sooritamisel tingimustes s\u00e4testatuga.<\/p>\n<p>1.4.Tingimustele lisaks kohaldatakse alkostore.ee e-poest ostu sooritamisele Eesti Vabariigis kehtivaid \u00f5igusakte.<\/p>\n<p><strong>2.TELLIMUSE ESITAMINE<\/strong><\/p>\n<p>2.1.Tellimusi saab alkostore.ee e-poes esitada kas kliendina sisse logides v\u00f5i sisse logimata.<\/p>\n<p>2.2.Klient valib alkostore.ee e-poest v\u00e4lja soovitud kaubad ja lisab ostukorvi.<\/p>\n<p>2.4.Alkoholi m\u00fc\u00fcakse ainult t\u00e4isealistele klientidele, kes on tellimuse esitamisel kinnitanud, et on v\u00e4hemalt 18-aastased. Kliendi vanust kontrollitakse alkoholi sisaldava kauba \u00fcleandmisel ning m\u00fc\u00fcja v\u00f5ib keelduda sellise kauba \u00fcleandmisest, kui klient ei suuda kauba vastuv\u00f5tmisel oma vanust t\u00f5estada.<\/p>\n<p>2.5.Klient valib tellimuse \u00fcleandmise viisi ja koha.<\/p>\n<p>2.6.Klient kinnitab ostukorvi ja tasub kauba eest m\u00fc\u00fcja poolt pakutud maksekeskkondades. Klient kontrollib enne arve tasumist, et arves toodud andmed vastavad kliendi tegelikule soovile.<\/p>\n<p>2.7.P\u00e4rast kauba eest tasumist tuleb kliendil vajutada lingile \u201cTagasi kaupmehe juurde\u201d.<\/p>\n<p>2.8.Tellimuse ja makse k\u00e4ttesaamise kohta saadab m\u00fc\u00fcja kliendile e-kirjaga kinnituse ja arve.<\/p>\n<p>2.9.M\u00fc\u00fcja ja kliendi vahel j\u00f5ustub m\u00fc\u00fcgileping alates kliendi poolt tasutud ostusumma tervikuna laekumisest m\u00fc\u00fcja arvelduskontole.<\/p>\n<p>2.10.Kaupade eest, mida ei \u00f5nnestu komplekteerida, maksab m\u00fc\u00fcja kliendile raha tagasi hiljemalt 14 p\u00e4eva jooksul.<\/p>\n<p><strong>3.KAUBA HIND, MAKSEV\u00d5IMALUSED, KLIENDIKAARDI EELISED<\/strong><\/p>\n<p>3.1.K\u00f5ik alkostore.ee e-poes m\u00fc\u00fcdavate kaupade hinnad on n\u00e4idatud eurodes ning sisaldavad k\u00e4ibemaksu.<\/p>\n<p>3.2.Sisse loginud kliendile kehtivad alkostore.ee e-poes Kliendikaardi soodustused. Kliendikaardi soodustus ei laiene kampaaniatoodetele tubakatoodetele ja kohaletoimetamise tasule. Kliendikaardi tingimustega saab tutvuda www.alkostore.ee\/ Kliendikaart ja soodustus e-poes.<\/p>\n<p>3.3.Klient tasub tellimuse eest ettemaksuna kauba m\u00fc\u00fcgihinna ning kohaletoimetamise tasu t\u00e4ies ulatuses. Tasumine toimub v\u00e4ljaspool alkostore.ee e-poe turvalises keskkonnas \u2013 k\u00f5ik makseandmed, sealhulgas makselinkide andmed vahendab SEB Pank ja k\u00f5ik Soome internetipankade makselinkide andmeid vahendab pangani ESTO AS Registrikood 14180709 Aadress Laeva tn 2, 10111, Tallinn, Eesti E-post\u00a0<a href=\"mailto:info@esto.ee\" target=\"_blank\" rel=\"noopener\">info@esto.ee<\/a>\u00a0Kontakttelefon (+372) 622 52 52\u00a0. M\u00fc\u00fcjal puudub ligip\u00e4\u00e4s kliendi panga ja krediitkaardi andmetele.<\/p>\n<p>3.4.Juhul, kui klient ei vali tellitud kaubale Tallinn, Mere pst.6, Lootsi 8\u00a0 ise j\u00e4rele tulemist, lisandub m\u00fc\u00fcgihinnale kauba kohaletoimetamise tasu mis kuvatakse tellimuse esitamisel.<\/p>\n<p>3.5.Kauba eest saab tasuda alkostore.ee e-poe veebikeskkonnas n\u00e4idatud viisidel. Tellimuse maksumusele v\u00f5ib lisanduda teenustasu vastavalt kliendi ja panga- v\u00f5i krediitkaardi v\u00e4ljastaja vahel s\u00f5lmitud lepingule.<\/p>\n<p><strong>4.KAUBA K\u00c4TTESAAMINE<\/strong><\/p>\n<p>4.1. Alkostosre.ee e-poest tellides v\u00f5id kaubale tulla ise j\u00e4rgi kauplusesse, Drive-in-i, tellida kaubad SmartPost pakiautomaati v\u00f5i kasutada kohale toimetamiseks kullerteenust.<\/p>\n<p><strong>4.2.Kauba k\u00e4ttesaamine kauplustes.<\/strong><\/p>\n<p>4.2.1.Kaupade v\u00e4ljastamised toimuvad allj\u00e4rgnevates kauplustes:<\/p>\n<p>Tallinn, Lootsi 8 kaupluses \u2013 V\u00e4ljastus toimub 10:00 \u2013 20:00<\/p>\n<p>Tallinn, Mere pst.6 \u2013 V\u00e4ljastus toimub 10:00 \u2013 20:00<\/p>\n<p>4.2.2.Ostetud kauba saab k\u00e4tte hiljemalt 3 t\u00f6\u00f6p\u00e4eva jooksul, kui aga oleme tellimuse komplekteerinud varem edastame sellekohase teate kohe ka e-posti teel v\u00f5i helistame teile kui olete telefoni numbri m\u00e4rkinud.\u00a0<strong>Mingeid pakkimise lisatasusid tellimusele ei lisandu<\/strong>.<\/p>\n<p>4.2.3.Tellitud tooted saab k\u00e4tte kaupluste lahtiolekuaegadel tellimuse numbri esitamisel ning kaup antakse \u00fcle ainult 18+ t\u00e4isealisele isikule, vanuse tuvastamiseks esitatud dokumendi alusel<\/p>\n<p>4.2.4.M\u00fc\u00fcja ei vastuta kliendile tekkinud kahju eest, kui m\u00fc\u00fcjast mittetulenevatel p\u00f5hjustel on kolmandad isikud saanud oma valdusse koopia arvest v\u00f5i unikaalse tellimuse numbri ja selle alusel on kaup k\u00e4tte saadud.<\/p>\n<p>4.2.5..Juhul, kui klient ei tule kaubale j\u00e4rele 7 kalendrip\u00e4eva jooksul, loeb m\u00fc\u00fcja, et klient on tellimusest loobunud ning m\u00fc\u00fcja tagastab kliendile ostusumma viivitamata, kuid mitte hiljem kui 14 kalendrip\u00e4eva jooksul samale arvelduskontole, millelt ostu eest tasuti.<\/p>\n<p><strong>4.3.Kauba k\u00e4ttesaamine pakiautomaadist<\/strong><\/p>\n<p>4.3.1. SmartPost pakiautomaati tellides lisandub hinnale kohaletoimetamise tasu.<\/p>\n<p>4.3.2.Pakiautomaati kohale j\u00f5uab esmasp\u00e4evast neljap\u00e4evani ostetud kaup ostu sooritamisele j\u00e4rgneval p\u00e4eval, reedest p\u00fchap\u00e4evani ostetud kaup hiljemalt j\u00e4rgneval teisip\u00e4eval. Saaremaa ja Hiiumaa pakiautomaatidesse saabub pakk 3 t\u00f6\u00f6p\u00e4eva jooksul. SmartPost teenust osutame ainult Eesti Vabariigi piirides.<\/p>\n<p>4.3.3.Kauba kohale j\u00f5udmisest pakiautomaati teavitab Klienti SMS-teade, mis sisaldab ukse avamiseks unikaalset uksekood. Juhised koodi kasutamiseks ja pakilaeka avamiseks leiab pakiautomaadi puutetundliult ekraanilt.<\/p>\n<p>4.3.4.Alkohoolseid jooke tellimuste puhul toimub kauba k\u00e4ttesaamine pakiautomaadist ajavahemikus kell 10.00-22.00 (v\u00f5i pakiautomaadi asukoha sulgemisajani, kui asukoht suletakse enne 22.00). Lisaks uksekoodile on vajalik alkoholitoodete vastuv\u00f5tmisel sisestada ka ID-kaart ning PIN-kood vanuse tuvastamiseks.<\/p>\n<p>4.3.5.M\u00fc\u00fcja ei vastuta kliendile tekkinud kahju eest, kui m\u00fc\u00fcjast mittetulenevatel p\u00f5hjustel on kolmandad isikud saanud oma valdusse koopia arvest v\u00f5i unikaalse tellimuse numbri ja selle alusel on kaup k\u00e4tte saadud.<\/p>\n<p>4.3.6.Juhul, kui klient ei v\u00f5ta kaupa 7 p\u00e4eva jooksul pakiautomaadist v\u00e4lja, loetakse klient lepingust taganenuks. V\u00e4lja v\u00f5tmata tellimuste ostusumma miinusega postikulud tagastame viivitamata, kuid mitte hiljem kui 30 kalendrip\u00e4eva jooksul samale arvelduskontole, millelt ostu eest tasuti.<\/p>\n<p><strong>4.4.Kauba k\u00e4ttesaamine kulleriga<\/strong><\/p>\n<p>4.4.1.Valides kauba kohaletoimetamiseks kulleri, lisandub tellimusele kohaletoimetamise tasu. Tasu genereeritakse ostukorvis vastavalt piirkonnale ja kaalule. Kullervedu toimub ainult Eest Vabariigi piirides.<\/p>\n<p>4.4.2.Kullerteenuse kasutajatele toimetatakse kaubad kohale otse tellimuses m\u00e4rgitud aadressile.<\/p>\n<p>4.4.3.Tarneaeg Eesti suurimatesse linnadesse on 1-2 t\u00f6\u00f6p\u00e4ev, maapiirkonnad 1-2 t\u00f6\u00f6p\u00e4eva ning saartele 1-3 t\u00f6\u00f6p\u00e4eva ajavahemikus 10:00 \u2013 17:00.<\/p>\n<p>4.4.4.Kauba \u00fcleandmise t\u00e4pse kellaaja lepib kuller Kliendiga enne kauba kohaletoimetamist telefoni teel kokku.<\/p>\n<p>4.4.5.Alkohoolseid jooke sisaldavad tellimuse antakse \u00fcle ainult 18 + t\u00e4isealistele isikutele vanuse tuvastamiseks esitatud dokumendi alusel.<\/p>\n<p>4.4.6.Kui kliendi poolt sisestatud kontaktandmete eba\u00f5igsuse v\u00f5i kliendi alla 18 aastaseks osutumise t\u00f5ttu tellimuse \u00fcleandmine eba\u00f5nnestub, tagastatakse kliendile tema poolt makstud summa, miinusega tekkinud transpordikulu viivitamatult, kuid mitte hiljem kui 14 kalendrip\u00e4eva jooksul.<\/p>\n<p><strong>4.6.Kauba kontroll<\/strong><\/p>\n<p>4.6.1.Kauba k\u00e4ttesaamisel kohustub klient avama tootepakendi ettevaatlikult, pakendit ja tooteid kahjustamata. Juhul kui klient on rikkunud pakendi hooletuse t\u00f5ttu ehk tootepakendit oli v\u00f5imalik avada seda kahjustamata, on m\u00fc\u00fcjal \u00f5igus kaupade tagastamisel n\u00f5uda tekitatud kahju h\u00fcvitamist. Juhul, kui tootepakendit ei saa rikkumata\/l\u00f5hkumata avada, ei vastuta klient rikutud pakendi eest.<\/p>\n<p>4.6.2.Juhul, kui klient avastab kauba k\u00e4ttesaamisel, et talle on saadetud vale v\u00f5i defektne kaup v\u00f5i kaup ei j\u00f5ua kliendini heas seisukorras ja kinnises pakendis, tuleb sellest koheselt teavitada m\u00fc\u00fcja klienditeenindust. <a href=\"mailto:kliendiinfo@alkostore.ee\">kliendiinfo@alkostore.ee<\/a>\u00a0Tel. +372\u00a0683 7744<\/p>\n<p>4.6.3.M\u00fc\u00fcja vastutab kliendi poolt ostetud kauba eest selle transportimise jooksul. Kauba k\u00e4ttesaamise hetkest l\u00e4heb kauba kahjustumise v\u00f5i kadumise risk \u00fcle kliendile.<\/p>\n<p><strong>4.7.Tarnetingimused riiklike p\u00fchade ajal<\/strong><\/p>\n<p>4.7.1.Riiklike p\u00fchade ja aastavahetuste ajal tehtud tellimuste puhul v\u00f5ivad tarneajad tellimuste suure koguse t\u00f5ttu olla pikemad, kuid alkostore.ee annab endast parima, et t\u00e4ita k\u00f5ik tellimused t\u00e4htaegselt.<\/p>\n<p><strong>5.KLIENDI ISIKUANDMETE T\u00d6\u00d6TLEMINE<\/strong><\/p>\n<p>5.1.M\u00fc\u00fcja t\u00f6\u00f6tleb kliendi poolt alkostostre.ee e-poes sisestatud isikuandmeid (sh nimi, telefoninumber, aadress, e-posti aadress, telefon) eelk\u00f5ige tellimuse t\u00e4itmiseks ning kauba kliendile kohale toimetamiseks vastavalt m\u00fc\u00fcja andmekaitsetingimustele.<\/p>\n<p>5.2.Alkostre.ee e-poodi sisse loginud klientide isikuandmeid t\u00f6\u00f6deldakse vastavalt m\u00fc\u00fcja andmekaitsetingimustele.<\/p>\n<p><strong>6.KAUBA TAGASTAMINE, LEPINGUST TAGANEMINE JA TAGASIMAKSED<\/strong><\/p>\n<p>6.1.AS Liviko-l on \u00f5igus alkostore.ee e-poe vahendusel s\u00f5lmitud m\u00fc\u00fcgilepingust sanktsioonideta taganeda ning tellitud kaup j\u00e4tta \u00fcle andmata v\u00f5i teenus osutamata allj\u00e4rgnevatel juhtudel:<\/p>\n<p>6.1.1.Kui ostja on alla 18-aastane;<\/p>\n<p>6.1.2.Kaup on laost otsa saanud v\u00f5i tarnijal on hankeprobleem;<\/p>\n<p>6.1.3.Kauba hind v\u00f5i omadused on e-poes s\u00fcsteemivea t\u00f5ttu valesti kuvatud;<\/p>\n<p>6.1.4.kauba eest tasutud summa pole laekunud AS Liviko pangakontole.<\/p>\n<p>6.2.Kui Livikol ei ole v\u00f5imalik tellimust t\u00e4ita, v\u00f5etakse ostjaga \u00fchendust ning tagastatakse tasutud summa juhul, kui ostja on j\u00f5udnud kauba eest ettemaksu teha viivitamata, kuid mitte hiljem kui 14 kalendrip\u00e4eva jooksul samale arvelduskontole, millelt ostu eest tasuti.<\/p>\n<p><strong>6.3.Kauba tagastamine<\/strong><\/p>\n<p>6.3.1.Vastavalt Eesti Vabariigi ja Euroopa Liidu \u00f5igusaktidele ei laiene tarbija lepingust taganemise ja kauba tagastamise \u00f5igus alkohoolsetele jookidele.<\/p>\n<p>6.3.2.Kui kaup on vale v\u00f5i defektiga, siis tuleb sellest teavitada kohe kauba k\u00e4ttesaamisel e-posti aadressil kliendiinfo@alkostore.ee v\u00f5i helistada kontakttelefonile +372 683 7744, v\u00f5i kus ost sooritati.<\/p>\n<p>Tallinn, Mere pst.6 \u2013 Tel. +372 6837745<\/p>\n<p>Tallinn, Lootsi 8 \u2013 Tel. +372\u00a0660 5986<\/p>\n<p>Vale v\u00f5i defektiga kauba saate v\u00e4lja vahetada ostut\u0161eki v\u00f5i arve alusel. Tagastamise kulud kannab Liviko AS.<\/p>\n<p><strong>6.4.Kauba tagastamine kokkuleppel<\/strong><\/p>\n<p>6.4.1.Tagastamisele kuuluvad ainult tellimused, mille kohta on kliendil esitada m\u00f5lemat osapoolt sisaldav kokkulepe kirjalikul kujul. Tagastamisele kuuluvad ainult rikkumata pakendiga avamata tooted. Tooteid mida m\u00fc\u00fcakse kasti v\u00f5i kohvriga v\u00f5tame vastu ainult suletud kujul. Avatud \u00f5lle ja viinakohvrid ning veinikastid tagastamisele ei kuulu. V\u00f5tame tagastusi vastu 14 p\u00e4eva jooksul alates m\u00fc\u00fcgi hetkest kauba ostut\u0161eki v\u00f5i arve alusel.<\/p>\n<p>&nbsp;<\/p>\n<p><strong>8.PRETENSIOONIDE ESITAMINE JA VASTUTUS<\/strong><\/p>\n<p>8.1.Kliendil on soovitatav esitada pretensioon e-posti teel aadressile kliendiinfo@alkostore.ee. Pretensioonis tuleb m\u00e4rkida kliendi nimi ja kontaktandmed, pretensiooni esitamise kuup\u00e4ev, kaubal ilmnenud puudus ja esitatava n\u00f5ude sisu ning lisada ostu t\u00f5endav ostut\u0161ekk v\u00f5i arve.<\/p>\n<p>8.2.M\u00fc\u00fcja ei vastuta tellimuse t\u00e4itmisel kliendi poolt esitatud ebakorrektsetest andmetest tekkiva kahju v\u00f5i mis tahes muude tagaj\u00e4rgede eest, sealhulgas kohaletoimetamise viivituse eest, kui see on tingitud asjaoludest, mida m\u00fc\u00fcjal ei olnud v\u00f5imalik m\u00f5jutada.<\/p>\n<p>8.3.M\u00fc\u00fcja ei vastuta tellitud kauba mittesihip\u00e4rasest kasutamisest tekkinud kahjude eest.<\/p>\n<p>8.4.M\u00fc\u00fcja ja kliendi vahel tekkivad vaidlused lahendavad pooled l\u00e4bir\u00e4\u00e4kimiste teel. Kokkuleppe mittesaavutamisel on kliendil \u00f5igus p\u00f6\u00f6rduda Tarbijakaitse ja Tehnilise J\u00e4relevalve Ameti Tarbimiskeskkonna osakonda (Pronksi 12 Tallinn 10117, https:\/\/www.ttja.ee) ja Tarbijavaidluste komisjoni (Pronksi 12 Tallinn 10117, http:\/\/www.komisjon.ee) vaidluse kohtuv\u00e4liseks lahendamiseks v\u00f5i Harju Maakohtusse. Lisaks on k\u00f5ikidele klientidele avatud e-kauplejatega tekkinud kaebuste lahendamiseks Euroopa Liidu elektrooniline keskkond ODR-platvorm (Online Dispute Resolution ehk veebip\u00f5hine vaidluste lahendamine) aadressil http:\/\/ec.europa.eu\/odr.<\/p>\n<p>&nbsp;<\/p>\n<p>Tingimused kehtivad alates 05.04.2021<\/p>\n","protected":false},"excerpt":{"rendered":"<p>Alkostore.ee e-poe kasutustingimused Kasutustingimused 1.1.Need tingimused sisaldavad alkostore.ee e-poe teenuse (\u201cTeenus\u201d) ja Alkostore.ee mobiilirakenduse (\u201cTeenus\u201d) kasutamise tingimusi. Teenuse kasutamine n\u00f5uab nende kasutustingimustega n\u00f5ustumist. 1.2.Teenuse kasutaja (edaspidi \u201cklient\u201d) n\u00f5ustub tingimustega ja n\u00f5ustub teenust kasutades neid tingimusi j\u00e4rgima. Teenus sisaldab ka neid tingimusi t\u00e4psustavaid teatisi ja kasutusjuhendeid. Alkostore.ee j\u00e4tab endale \u00f5iguse muuta &hellip;<\/p>\n","protected":false},"author":3148,"featured_media":0,"parent":0,"menu_order":0,"comment_status":"closed","ping_status":"open","template":"","meta":{"inline_featured_image":false},"yoast_head":"<!-- This site is optimized with the Yoast SEO plugin v18.2 - https:\/\/yoast.com\/wordpress\/plugins\/seo\/ -->\n<meta name=\"robots\" content=\"index, follow, max-snippet:-1, max-image-preview:large, max-video-preview:-1\" \/>\n<link rel=\"canonical\" href=\"https:\/\/www.alkostore.ee\/ru\/informatsiya\/\" \/>\n<meta property=\"og:locale\" content=\"fi_FI\" \/>\n<meta property=\"og:type\" content=\"article\" \/>\n<meta property=\"og:title\" content=\"Alkostore.ee e-poe kasutustingimused ning m\u00fc\u00fcgitingimused | Alcostore\" \/>\n<meta property=\"og:description\" content=\"Alkostore.ee e-poe kasutustingimused Kasutustingimused 1.1.Need tingimused sisaldavad alkostore.ee e-poe teenuse (\u201cTeenus\u201d) ja Alkostore.ee mobiilirakenduse (\u201cTeenus\u201d) kasutamise tingimusi. Teenuse kasutamine n\u00f5uab nende kasutustingimustega n\u00f5ustumist. 1.2.Teenuse kasutaja (edaspidi \u201cklient\u201d) n\u00f5ustub tingimustega ja n\u00f5ustub teenust kasutades neid tingimusi j\u00e4rgima. Teenus sisaldab ka neid tingimusi t\u00e4psustavaid teatisi ja kasutusjuhendeid. Alkostore.ee j\u00e4tab endale \u00f5iguse muuta &hellip;\" \/>\n<meta property=\"og:url\" content=\"https:\/\/www.alkostore.ee\/ru\/informatsiya\/\" \/>\n<meta property=\"og:site_name\" content=\"Alcostore\" \/>\n<meta property=\"article:publisher\" content=\"https:\/\/www.facebook.com\/AlcostoreTallinn\" \/>\n<meta property=\"article:modified_time\" content=\"2022-03-28T16:02:44+00:00\" \/>\n<meta name=\"twitter:card\" content=\"summary\" \/>\n<meta name=\"twitter:label1\" content=\"Est. reading time\" \/>\n\t<meta name=\"twitter:data1\" content=\"10 minutes\" \/>\n<script type=\"application\/ld+json\" class=\"yoast-schema-graph\">{\"@context\":\"https:\/\/schema.org\",\"@graph\":[{\"@type\":\"Organization\",\"@id\":\"https:\/\/www.alkostore.ee\/fi\/#organization\",\"name\":\"ALKOSTORE\",\"url\":\"https:\/\/www.alkostore.ee\/fi\/\",\"sameAs\":[\"https:\/\/www.facebook.com\/AlcostoreTallinn\"],\"logo\":{\"@type\":\"ImageObject\",\"@id\":\"https:\/\/www.alkostore.ee\/fi\/#logo\",\"inLanguage\":\"fi\",\"url\":\"https:\/\/alkostore.ee\/wp-content\/uploads\/2021\/09\/liviko-alcostore_2x1.png\",\"contentUrl\":\"https:\/\/alkostore.ee\/wp-content\/uploads\/2021\/09\/liviko-alcostore_2x1.png\",\"width\":352,\"height\":130,\"caption\":\"ALKOSTORE\"},\"image\":{\"@id\":\"https:\/\/www.alkostore.ee\/fi\/#logo\"}},{\"@type\":\"WebSite\",\"@id\":\"https:\/\/www.alkostore.ee\/fi\/#website\",\"url\":\"https:\/\/www.alkostore.ee\/fi\/\",\"name\":\"Alcostore\",\"description\":\"Suurima valikuga alkoholi E-kauplus Eestis\",\"publisher\":{\"@id\":\"https:\/\/www.alkostore.ee\/fi\/#organization\"},\"potentialAction\":[{\"@type\":\"SearchAction\",\"target\":{\"@type\":\"EntryPoint\",\"urlTemplate\":\"https:\/\/www.alkostore.ee\/fi\/?s={search_term_string}\"},\"query-input\":\"required name=search_term_string\"}],\"inLanguage\":\"fi\"},{\"@type\":\"WebPage\",\"@id\":\"https:\/\/www.alkostore.ee\/ru\/informatsiya\/#webpage\",\"url\":\"https:\/\/www.alkostore.ee\/ru\/informatsiya\/\",\"name\":\"Alkostore.ee e-poe kasutustingimused ning m\u00fc\u00fcgitingimused | Alcostore\",\"isPartOf\":{\"@id\":\"https:\/\/www.alkostore.ee\/fi\/#website\"},\"datePublished\":\"2013-04-30T14:18:23+00:00\",\"dateModified\":\"2022-03-28T16:02:44+00:00\",\"breadcrumb\":{\"@id\":\"https:\/\/www.alkostore.ee\/ru\/informatsiya\/#breadcrumb\"},\"inLanguage\":\"fi\",\"potentialAction\":[{\"@type\":\"ReadAction\",\"target\":[\"https:\/\/www.alkostore.ee\/ru\/informatsiya\/\"]}]},{\"@type\":\"BreadcrumbList\",\"@id\":\"https:\/\/www.alkostore.ee\/ru\/informatsiya\/#breadcrumb\",\"itemListElement\":[{\"@type\":\"ListItem\",\"position\":1,\"name\":\"Home\",\"item\":\"https:\/\/www.alkostore.ee\/fi\/\"},{\"@type\":\"ListItem\",\"position\":2,\"name\":\"Alkostore.ee e-poe kasutustingimused ning m\u00fc\u00fcgitingimused\"}]}]}<\/script>\n<!-- \/ Yoast SEO plugin. -->","yoast_head_json":{"robots":{"index":"index","follow":"follow","max-snippet":"max-snippet:-1","max-image-preview":"max-image-preview:large","max-video-preview":"max-video-preview:-1"},"canonical":"https:\/\/www.alkostore.ee\/ru\/informatsiya\/","og_locale":"fi_FI","og_type":"article","og_title":"Alkostore.ee e-poe kasutustingimused ning m\u00fc\u00fcgitingimused | Alcostore","og_description":"Alkostore.ee e-poe kasutustingimused Kasutustingimused 1.1.Need tingimused sisaldavad alkostore.ee e-poe teenuse (\u201cTeenus\u201d) ja Alkostore.ee mobiilirakenduse (\u201cTeenus\u201d) kasutamise tingimusi. Teenuse kasutamine n\u00f5uab nende kasutustingimustega n\u00f5ustumist. 1.2.Teenuse kasutaja (edaspidi \u201cklient\u201d) n\u00f5ustub tingimustega ja n\u00f5ustub teenust kasutades neid tingimusi j\u00e4rgima. Teenus sisaldab ka neid tingimusi t\u00e4psustavaid teatisi ja kasutusjuhendeid. Alkostore.ee j\u00e4tab endale \u00f5iguse muuta &hellip;","og_url":"https:\/\/www.alkostore.ee\/ru\/informatsiya\/","og_site_name":"Alcostore","article_publisher":"https:\/\/www.facebook.com\/AlcostoreTallinn","article_modified_time":"2022-03-28T16:02:44+00:00","twitter_card":"summary","twitter_misc":{"Est. reading time":"10 minutes"},"schema":{"@context":"https:\/\/schema.org","@graph":[{"@type":"Organization","@id":"https:\/\/www.alkostore.ee\/fi\/#organization","name":"ALKOSTORE","url":"https:\/\/www.alkostore.ee\/fi\/","sameAs":["https:\/\/www.facebook.com\/AlcostoreTallinn"],"logo":{"@type":"ImageObject","@id":"https:\/\/www.alkostore.ee\/fi\/#logo","inLanguage":"fi","url":"https:\/\/alkostore.ee\/wp-content\/uploads\/2021\/09\/liviko-alcostore_2x1.png","contentUrl":"https:\/\/alkostore.ee\/wp-content\/uploads\/2021\/09\/liviko-alcostore_2x1.png","width":352,"height":130,"caption":"ALKOSTORE"},"image":{"@id":"https:\/\/www.alkostore.ee\/fi\/#logo"}},{"@type":"WebSite","@id":"https:\/\/www.alkostore.ee\/fi\/#website","url":"https:\/\/www.alkostore.ee\/fi\/","name":"Alcostore","description":"Suurima valikuga alkoholi E-kauplus Eestis","publisher":{"@id":"https:\/\/www.alkostore.ee\/fi\/#organization"},"potentialAction":[{"@type":"SearchAction","target":{"@type":"EntryPoint","urlTemplate":"https:\/\/www.alkostore.ee\/fi\/?s={search_term_string}"},"query-input":"required name=search_term_string"}],"inLanguage":"fi"},{"@type":"WebPage","@id":"https:\/\/www.alkostore.ee\/ru\/informatsiya\/#webpage","url":"https:\/\/www.alkostore.ee\/ru\/informatsiya\/","name":"Alkostore.ee e-poe kasutustingimused ning m\u00fc\u00fcgitingimused | Alcostore","isPartOf":{"@id":"https:\/\/www.alkostore.ee\/fi\/#website"},"datePublished":"2013-04-30T14:18:23+00:00","dateModified":"2022-03-28T16:02:44+00:00","breadcrumb":{"@id":"https:\/\/www.alkostore.ee\/ru\/informatsiya\/#breadcrumb"},"inLanguage":"fi","potentialAction":[{"@type":"ReadAction","target":["https:\/\/www.alkostore.ee\/ru\/informatsiya\/"]}]},{"@type":"BreadcrumbList","@id":"https:\/\/www.alkostore.ee\/ru\/informatsiya\/#breadcrumb","itemListElement":[{"@type":"ListItem","position":1,"name":"Home","item":"https:\/\/www.alkostore.ee\/fi\/"},{"@type":"ListItem","position":2,"name":"Alkostore.ee e-poe kasutustingimused ning m\u00fc\u00fcgitingimused"}]}]}},"_links":{"self":[{"href":"https:\/\/alkostore.ee\/fi\/wp-json\/wp\/v2\/pages\/9"}],"collection":[{"href":"https:\/\/alkostore.ee\/fi\/wp-json\/wp\/v2\/pages"}],"about":[{"href":"https:\/\/alkostore.ee\/fi\/wp-json\/wp\/v2\/types\/page"}],"author":[{"embeddable":true,"href":"https:\/\/alkostore.ee\/fi\/wp-json\/wp\/v2\/users\/3148"}],"replies":[{"embeddable":true,"href":"https:\/\/alkostore.ee\/fi\/wp-json\/wp\/v2\/comments?post=9"}],"version-history":[{"count":10,"href":"https:\/\/alkostore.ee\/fi\/wp-json\/wp\/v2\/pages\/9\/revisions"}],"predecessor-version":[{"id":11398050,"href":"https:\/\/alkostore.ee\/fi\/wp-json\/wp\/v2\/pages\/9\/revisions\/11398050"}],"wp:attachment":[{"href":"https:\/\/alkostore.ee\/fi\/wp-json\/wp\/v2\/media?parent=9"}],"curies":[{"name":"wp","href":"https:\/\/api.w.org\/{rel}","templated":true}]}}