{"id":11743904,"date":"2022-01-29T07:59:09","date_gmt":"2022-01-29T05:59:09","guid":{"rendered":"https:\/\/alkostore.ee\/fi\/?page_id=11743904"},"modified":"2022-03-23T10:23:02","modified_gmt":"2022-03-23T08:23:02","slug":"kasutustingimused","status":"publish","type":"page","link":"https:\/\/alkostore.ee\/fi\/kasutustingimused\/","title":{"rendered":"kasutustingimused"},"content":{"rendered":"<p>1.1. N\u00e4m\u00e4 ehdot sis\u00e4lt\u00e4v\u00e4t\u00a0 alkostore.ee (\u201cPalvelu\u201d) -verkkokaupan ja Alkostore.ee-mobiilisovelluksen (\u201dPalvelu\u201d) k\u00e4ytt\u00f6ehdot. Palvelun k\u00e4ytt\u00f6 edellytt\u00e4\u00e4 n\u00e4iden k\u00e4ytt\u00f6ehtojen hyv\u00e4ksymist\u00e4.<\/p>\n<p>1.2. Palvelun k\u00e4ytt\u00e4j\u00e4 (\u201casiakas\u201d) hyv\u00e4ksyy ehdot ja sitoutuu noudattamaan n\u00e4it\u00e4 ehtoja k\u00e4ytt\u00e4ess\u00e4\u00e4n palvelua. Palvelu sis\u00e4lt\u00e4\u00e4 my\u00f6s ilmoitukset ja k\u00e4ytt\u00f6ohjeet, joissa m\u00e4\u00e4ritell\u00e4\u00e4n n\u00e4m\u00e4 ehdot. Alkostore.ee pid\u00e4tt\u00e4\u00e4 oikeuden muuttaa palvelun sis\u00e4lt\u00f6\u00e4 ja n\u00e4it\u00e4 ehtoja. K\u00e4ytt\u00e4m\u00e4ll\u00e4 palvelua asiakas suostuu muutoksiin. Voimassa olevat ehdot ovat alkostore.ee -sivustolla.<\/p>\n<p>1.3. Palvelu ja sen sis\u00e4lt\u00f6 kuuluvat alkostore.ee -sivustolle. Palvelua voi, selata ja tulostaa asiakkaan omaan henkil\u00f6kohtaiseen k\u00e4ytt\u00f6\u00f6n. Palvelun sis\u00e4lt\u00e4m\u00e4\u00e4 teksti\u00e4 tai kuvia ei kuitenkaan saa k\u00e4ytt\u00e4\u00e4 kaupallisiin tarkoituksiin tai muulla tavalla, joka loukkaa alkostore.ee: n oikeuksia. Palvelussa julkaistua tietoa voi k\u00e4ytt\u00e4\u00e4 journalistisiin tarkoituksiin, jos tiedon l\u00e4hde mainitaan. Asiakas on vastuussa sakoista, jotka aiheutuvat tekij\u00e4noikeudella suojatun materiaalin luvattomasta k\u00e4yt\u00f6st\u00e4 alkostore.ee: le ja sen mahdollisille yhteisty\u00f6kumppaneille.<\/p>\n<ol start=\"2\">\n<li>Rekister\u00f6inti<\/li>\n<\/ol>\n<p>2.1. Asiakas on kuluttaja tai yritysasiakas, joka k\u00e4ytt\u00e4\u00e4 palvelua. Asiakas on henkil\u00f6, joka on t\u00e4ytt\u00e4nyt 18 vuotta tai enemm\u00e4n. Yritysasiakkaalla tarkoitetaan yrityst\u00e4, jolla on voimassa oleva y-tunnus.<\/p>\n<p>2.2. Asiakas voi tilata palvelun tuotteita joko rekister\u00f6ityess\u00e4\u00e4n palvelun k\u00e4ytt\u00e4j\u00e4ksi tai ilman rekister\u00f6itymist\u00e4. Yritysasiakkaalla on oltava voimassa oleva y-tunnus, jonka h\u00e4n antaa palvelulle rekister\u00f6idess\u00e4\u00e4n.<\/p>\n<p>2.3. Tuotteiden tilaamiseksi asiakkaan on hyv\u00e4ksytt\u00e4v\u00e4 tilaus- ja toimitusehdot ja t\u00e4ytett\u00e4v\u00e4 m\u00e4\u00e4ritellyt vaatimukset. Jos asiakas ei t\u00e4yt\u00e4 vaatimuksia, on alkostore.ee-l\u00e4 oikeus kielt\u00e4yty\u00e4 myym\u00e4st\u00e4 tai toimittamasta tuotteita asiakkaalle.<\/p>\n<p>2.4. Rekister\u00f6ityess\u00e4\u00e4n palveluun asiakas luo k\u00e4ytt\u00e4j\u00e4nimen ja salasanan. K\u00e4ytt\u00e4j\u00e4tunnus on asiakkaan s\u00e4hk\u00f6postiosoite. N\u00e4in asiakas rekister\u00f6i itsens\u00e4 palvelun k\u00e4ytt\u00e4j\u00e4ksi.<\/p>\n<p>2.5. Yritysasiakkaiden tapauksessa alkostore.ee-sivustolla on oikeus tarkistaa kolmannen osapuolen palveluntarjoajan v\u00e4lityksell\u00e4, onko henkil\u00f6ll\u00e4 oikeus edustaa kyseist\u00e4 yrityst\u00e4.<\/p>\n<ol start=\"3\">\n<li>Palvelun k\u00e4ytt\u00f6<\/li>\n<\/ol>\n<p>3.1. Tuotteiden ostaminen ja palvelujen k\u00e4ytt\u00f6 on sallittua asiakkaalle, joka on v\u00e4hint\u00e4\u00e4n 18-vuotias. Asiakas on vastuussa palveluun sy\u00f6tettyjen tietojen oikeellisuudesta. Alkostore.ee ei ole vastuussa vahingoista, jotka aiheutuvat asiakkaalle tai kolmannelle osapuolelle asiakkaan antamien virheellisten tietojen vuoksi. Asiakas on vastuussa palveluntarjoajalle toimitettujen tietojen oikeellisuudesta sek\u00e4 k\u00e4ytt\u00e4j\u00e4nimen ja salasanan k\u00e4yt\u00f6st\u00e4 ja s\u00e4ilytt\u00e4misest\u00e4. K\u00e4ytt\u00e4j\u00e4tunnus ja salasana ovat aina henkil\u00f6kohtaisia.<\/p>\n<p>3.2. Asiakas sitoutuu k\u00e4ytt\u00e4m\u00e4\u00e4n palvelua vain lain ja hyvien k\u00e4yt\u00e4nt\u00f6jen mukaisesti.<\/p>\n<p>3.3 Alkostore.ee-sivustolla on oikeus kielt\u00e4yty\u00e4 rekister\u00f6innist\u00e4 ja tarvittaessa sulkea asiakkaan k\u00e4ytt\u00e4j\u00e4tunnus ja est\u00e4\u00e4 palvelun k\u00e4ytt\u00f6.<\/p>\n","protected":false},"excerpt":{"rendered":"<p>1.1. N\u00e4m\u00e4 ehdot sis\u00e4lt\u00e4v\u00e4t\u00a0 alkostore.ee (\u201cPalvelu\u201d) -verkkokaupan ja Alkostore.ee-mobiilisovelluksen (\u201dPalvelu\u201d) k\u00e4ytt\u00f6ehdot. Palvelun k\u00e4ytt\u00f6 edellytt\u00e4\u00e4 n\u00e4iden k\u00e4ytt\u00f6ehtojen hyv\u00e4ksymist\u00e4. 1.2. Palvelun k\u00e4ytt\u00e4j\u00e4 (\u201casiakas\u201d) hyv\u00e4ksyy ehdot ja sitoutuu noudattamaan n\u00e4it\u00e4 ehtoja k\u00e4ytt\u00e4ess\u00e4\u00e4n palvelua. Palvelu sis\u00e4lt\u00e4\u00e4 my\u00f6s ilmoitukset ja k\u00e4ytt\u00f6ohjeet, joissa m\u00e4\u00e4ritell\u00e4\u00e4n n\u00e4m\u00e4 ehdot. Alkostore.ee pid\u00e4tt\u00e4\u00e4 oikeuden muuttaa palvelun sis\u00e4lt\u00f6\u00e4 ja n\u00e4it\u00e4 ehtoja. K\u00e4ytt\u00e4m\u00e4ll\u00e4 &hellip;<\/p>\n","protected":false},"author":3148,"featured_media":0,"parent":0,"menu_order":0,"comment_status":"closed","ping_status":"closed","template":"","meta":{"inline_featured_image":false},"yoast_head":"<!-- This site is optimized with the Yoast SEO plugin v18.2 - https:\/\/yoast.com\/wordpress\/plugins\/seo\/ -->\n<meta name=\"robots\" content=\"index, follow, max-snippet:-1, max-image-preview:large, max-video-preview:-1\" \/>\n<link rel=\"canonical\" href=\"https:\/\/alkostore.ee\/fi\/kasutustingimused\/\" \/>\n<meta property=\"og:locale\" content=\"fi_FI\" \/>\n<meta property=\"og:type\" content=\"article\" \/>\n<meta property=\"og:title\" content=\"kasutustingimused | Alcostore\" \/>\n<meta property=\"og:description\" content=\"1.1. N\u00e4m\u00e4 ehdot sis\u00e4lt\u00e4v\u00e4t\u00a0 alkostore.ee (\u201cPalvelu\u201d) -verkkokaupan ja Alkostore.ee-mobiilisovelluksen (\u201dPalvelu\u201d) k\u00e4ytt\u00f6ehdot. Palvelun k\u00e4ytt\u00f6 edellytt\u00e4\u00e4 n\u00e4iden k\u00e4ytt\u00f6ehtojen hyv\u00e4ksymist\u00e4. 1.2. Palvelun k\u00e4ytt\u00e4j\u00e4 (\u201casiakas\u201d) hyv\u00e4ksyy ehdot ja sitoutuu noudattamaan n\u00e4it\u00e4 ehtoja k\u00e4ytt\u00e4ess\u00e4\u00e4n palvelua. Palvelu sis\u00e4lt\u00e4\u00e4 my\u00f6s ilmoitukset ja k\u00e4ytt\u00f6ohjeet, joissa m\u00e4\u00e4ritell\u00e4\u00e4n n\u00e4m\u00e4 ehdot. Alkostore.ee pid\u00e4tt\u00e4\u00e4 oikeuden muuttaa palvelun sis\u00e4lt\u00f6\u00e4 ja n\u00e4it\u00e4 ehtoja. K\u00e4ytt\u00e4m\u00e4ll\u00e4 &hellip;\" \/>\n<meta property=\"og:url\" content=\"https:\/\/alkostore.ee\/fi\/kasutustingimused\/\" \/>\n<meta property=\"og:site_name\" content=\"Alcostore\" \/>\n<meta property=\"article:publisher\" content=\"https:\/\/www.facebook.com\/AlcostoreTallinn\" \/>\n<meta property=\"article:modified_time\" content=\"2022-03-23T08:23:02+00:00\" \/>\n<meta name=\"twitter:card\" content=\"summary\" \/>\n<meta name=\"twitter:label1\" content=\"Est. reading time\" \/>\n\t<meta name=\"twitter:data1\" content=\"2 minutes\" \/>\n<script type=\"application\/ld+json\" class=\"yoast-schema-graph\">{\"@context\":\"https:\/\/schema.org\",\"@graph\":[{\"@type\":\"Organization\",\"@id\":\"https:\/\/www.alkostore.ee\/fi\/#organization\",\"name\":\"ALKOSTORE\",\"url\":\"https:\/\/www.alkostore.ee\/fi\/\",\"sameAs\":[\"https:\/\/www.facebook.com\/AlcostoreTallinn\"],\"logo\":{\"@type\":\"ImageObject\",\"@id\":\"https:\/\/www.alkostore.ee\/fi\/#logo\",\"inLanguage\":\"fi\",\"url\":\"https:\/\/alkostore.ee\/wp-content\/uploads\/2021\/09\/liviko-alcostore_2x1.png\",\"contentUrl\":\"https:\/\/alkostore.ee\/wp-content\/uploads\/2021\/09\/liviko-alcostore_2x1.png\",\"width\":352,\"height\":130,\"caption\":\"ALKOSTORE\"},\"image\":{\"@id\":\"https:\/\/www.alkostore.ee\/fi\/#logo\"}},{\"@type\":\"WebSite\",\"@id\":\"https:\/\/www.alkostore.ee\/fi\/#website\",\"url\":\"https:\/\/www.alkostore.ee\/fi\/\",\"name\":\"Alcostore\",\"description\":\"Suurima valikuga alkoholi E-kauplus Eestis\",\"publisher\":{\"@id\":\"https:\/\/www.alkostore.ee\/fi\/#organization\"},\"potentialAction\":[{\"@type\":\"SearchAction\",\"target\":{\"@type\":\"EntryPoint\",\"urlTemplate\":\"https:\/\/www.alkostore.ee\/fi\/?s={search_term_string}\"},\"query-input\":\"required name=search_term_string\"}],\"inLanguage\":\"fi\"},{\"@type\":\"WebPage\",\"@id\":\"https:\/\/alkostore.ee\/fi\/kasutustingimused\/#webpage\",\"url\":\"https:\/\/alkostore.ee\/fi\/kasutustingimused\/\",\"name\":\"kasutustingimused | Alcostore\",\"isPartOf\":{\"@id\":\"https:\/\/www.alkostore.ee\/fi\/#website\"},\"datePublished\":\"2022-01-29T05:59:09+00:00\",\"dateModified\":\"2022-03-23T08:23:02+00:00\",\"breadcrumb\":{\"@id\":\"https:\/\/alkostore.ee\/fi\/kasutustingimused\/#breadcrumb\"},\"inLanguage\":\"fi\",\"potentialAction\":[{\"@type\":\"ReadAction\",\"target\":[\"https:\/\/alkostore.ee\/fi\/kasutustingimused\/\"]}]},{\"@type\":\"BreadcrumbList\",\"@id\":\"https:\/\/alkostore.ee\/fi\/kasutustingimused\/#breadcrumb\",\"itemListElement\":[{\"@type\":\"ListItem\",\"position\":1,\"name\":\"Home\",\"item\":\"https:\/\/www.alkostore.ee\/fi\/\"},{\"@type\":\"ListItem\",\"position\":2,\"name\":\"kasutustingimused\"}]}]}<\/script>\n<!-- \/ Yoast SEO plugin. -->","yoast_head_json":{"robots":{"index":"index","follow":"follow","max-snippet":"max-snippet:-1","max-image-preview":"max-image-preview:large","max-video-preview":"max-video-preview:-1"},"canonical":"https:\/\/alkostore.ee\/fi\/kasutustingimused\/","og_locale":"fi_FI","og_type":"article","og_title":"kasutustingimused | Alcostore","og_description":"1.1. N\u00e4m\u00e4 ehdot sis\u00e4lt\u00e4v\u00e4t\u00a0 alkostore.ee (\u201cPalvelu\u201d) -verkkokaupan ja Alkostore.ee-mobiilisovelluksen (\u201dPalvelu\u201d) k\u00e4ytt\u00f6ehdot. Palvelun k\u00e4ytt\u00f6 edellytt\u00e4\u00e4 n\u00e4iden k\u00e4ytt\u00f6ehtojen hyv\u00e4ksymist\u00e4. 1.2. Palvelun k\u00e4ytt\u00e4j\u00e4 (\u201casiakas\u201d) hyv\u00e4ksyy ehdot ja sitoutuu noudattamaan n\u00e4it\u00e4 ehtoja k\u00e4ytt\u00e4ess\u00e4\u00e4n palvelua. Palvelu sis\u00e4lt\u00e4\u00e4 my\u00f6s ilmoitukset ja k\u00e4ytt\u00f6ohjeet, joissa m\u00e4\u00e4ritell\u00e4\u00e4n n\u00e4m\u00e4 ehdot. Alkostore.ee pid\u00e4tt\u00e4\u00e4 oikeuden muuttaa palvelun sis\u00e4lt\u00f6\u00e4 ja n\u00e4it\u00e4 ehtoja. K\u00e4ytt\u00e4m\u00e4ll\u00e4 &hellip;","og_url":"https:\/\/alkostore.ee\/fi\/kasutustingimused\/","og_site_name":"Alcostore","article_publisher":"https:\/\/www.facebook.com\/AlcostoreTallinn","article_modified_time":"2022-03-23T08:23:02+00:00","twitter_card":"summary","twitter_misc":{"Est. reading time":"2 minutes"},"schema":{"@context":"https:\/\/schema.org","@graph":[{"@type":"Organization","@id":"https:\/\/www.alkostore.ee\/fi\/#organization","name":"ALKOSTORE","url":"https:\/\/www.alkostore.ee\/fi\/","sameAs":["https:\/\/www.facebook.com\/AlcostoreTallinn"],"logo":{"@type":"ImageObject","@id":"https:\/\/www.alkostore.ee\/fi\/#logo","inLanguage":"fi","url":"https:\/\/alkostore.ee\/wp-content\/uploads\/2021\/09\/liviko-alcostore_2x1.png","contentUrl":"https:\/\/alkostore.ee\/wp-content\/uploads\/2021\/09\/liviko-alcostore_2x1.png","width":352,"height":130,"caption":"ALKOSTORE"},"image":{"@id":"https:\/\/www.alkostore.ee\/fi\/#logo"}},{"@type":"WebSite","@id":"https:\/\/www.alkostore.ee\/fi\/#website","url":"https:\/\/www.alkostore.ee\/fi\/","name":"Alcostore","description":"Suurima valikuga alkoholi E-kauplus Eestis","publisher":{"@id":"https:\/\/www.alkostore.ee\/fi\/#organization"},"potentialAction":[{"@type":"SearchAction","target":{"@type":"EntryPoint","urlTemplate":"https:\/\/www.alkostore.ee\/fi\/?s={search_term_string}"},"query-input":"required name=search_term_string"}],"inLanguage":"fi"},{"@type":"WebPage","@id":"https:\/\/alkostore.ee\/fi\/kasutustingimused\/#webpage","url":"https:\/\/alkostore.ee\/fi\/kasutustingimused\/","name":"kasutustingimused | Alcostore","isPartOf":{"@id":"https:\/\/www.alkostore.ee\/fi\/#website"},"datePublished":"2022-01-29T05:59:09+00:00","dateModified":"2022-03-23T08:23:02+00:00","breadcrumb":{"@id":"https:\/\/alkostore.ee\/fi\/kasutustingimused\/#breadcrumb"},"inLanguage":"fi","potentialAction":[{"@type":"ReadAction","target":["https:\/\/alkostore.ee\/fi\/kasutustingimused\/"]}]},{"@type":"BreadcrumbList","@id":"https:\/\/alkostore.ee\/fi\/kasutustingimused\/#breadcrumb","itemListElement":[{"@type":"ListItem","position":1,"name":"Home","item":"https:\/\/www.alkostore.ee\/fi\/"},{"@type":"ListItem","position":2,"name":"kasutustingimused"}]}]}},"_links":{"self":[{"href":"https:\/\/alkostore.ee\/fi\/wp-json\/wp\/v2\/pages\/11743904"}],"collection":[{"href":"https:\/\/alkostore.ee\/fi\/wp-json\/wp\/v2\/pages"}],"about":[{"href":"https:\/\/alkostore.ee\/fi\/wp-json\/wp\/v2\/types\/page"}],"author":[{"embeddable":true,"href":"https:\/\/alkostore.ee\/fi\/wp-json\/wp\/v2\/users\/3148"}],"replies":[{"embeddable":true,"href":"https:\/\/alkostore.ee\/fi\/wp-json\/wp\/v2\/comments?post=11743904"}],"version-history":[{"count":3,"href":"https:\/\/alkostore.ee\/fi\/wp-json\/wp\/v2\/pages\/11743904\/revisions"}],"predecessor-version":[{"id":11882551,"href":"https:\/\/alkostore.ee\/fi\/wp-json\/wp\/v2\/pages\/11743904\/revisions\/11882551"}],"wp:attachment":[{"href":"https:\/\/alkostore.ee\/fi\/wp-json\/wp\/v2\/media?parent=11743904"}],"curies":[{"name":"wp","href":"https:\/\/api.w.org\/{rel}","templated":true}]}}