{"id":11308814,"date":"2021-10-28T13:33:59","date_gmt":"2021-10-28T10:33:59","guid":{"rendered":"https:\/\/alkostore.ee\/fi\/?page_id=11308814"},"modified":"2024-03-07T11:11:39","modified_gmt":"2024-03-07T09:11:39","slug":"kauplused","status":"publish","type":"page","link":"https:\/\/alkostore.ee\/fi\/kauplused\/","title":{"rendered":"Myym\u00e4l\u00e4t"},"content":{"rendered":"<div class=\"text\" style=\"font-weight: inherit; font-style: inherit;\">\n<div class=\"text\" style=\"font-weight: inherit; font-style: inherit;\">\n<p style=\"font-weight: inherit; font-style: inherit; color: #73777a;\"><span style=\"color: #333333;\">Alcostore\u00a0<\/span>on perustanut Virossa ainutlaatuiset Alcostore myym\u00e4l\u00e4t, joissa on tarjolla kattava tuotevalikoima. Jokainen kauppa on lis\u00e4ksi valinnut lis\u00e4ksi yhden juomatuoteryhm\u00e4n, jonka eri merkkej\u00e4 kyseisess\u00e4 kaupassa on laaja valikoima. N\u00e4in pystymme tarjoamaan ainutlaatuisia tuotteita ja my\u00f6s ostosten tekeminen on helpompaa ja yksinkertaisempaa.<\/p>\n<p style=\"font-weight: inherit; font-style: inherit; color: #73777a;\">\n<\/div>\n<p>&nbsp;<\/p>\n<hr \/>\n<h2><span style=\"color: #cc99ff;\">Tallinn, Mere pst.6<\/span><\/h2>\n<p><span lang=\"FI\" style=\"color: #000000;\">Olemme asettaneet meid\u00e4n vanhimpaan, osoitteessa Mere puiestee 6 sijaitsevaan, kauppaan tarjolle erinomaisen viskivalikoiman.<\/span><\/p>\n<p><span style=\"color: #333333;\">Puh. +372 683 7745<\/span><\/p>\n<p><span style=\"color: #cc99ff;\"><a style=\"color: #ac108e;\" href=\"mailto:kauplusmere@alkostore.ee\"><span style=\"color: #cc99ff;\">kauplusmere@alkostore.ee<\/span><\/a><\/span><br \/>\n<span style=\"color: #333333;\">E-P 10:00-20:00<\/span><\/p>\n<p><iframe src=\"https:\/\/www.google.com\/maps\/embed?pb=!1m18!1m12!1m3!1d1014.3249876878799!2d24.75352252799314!3d59.43891214400528!2m3!1f0!2f0!3f0!3m2!1i1024!2i768!4f13.1!3m3!1m2!1s0x4692936123f88d85%3A0x13b69950b6fe7411!2sAlcostore!5e0!3m2!1set!2see!4v1709801782668!5m2!1set!2see\" width=\"100%\" height=\"600\" style=\"border:0;\" allowfullscreen=\"\" loading=\"lazy\" referrerpolicy=\"no-referrer-when-downgrade\"><\/iframe><\/p>\n<hr \/>\n<h2><span style=\"color: #993366;\">Tallinn, Lootsi 8<\/span><\/h2>\n<p>Lootsi 8 sijaitsevassa\u00a0kaupassa voi tutustua mittaavaan viinivalikoimaan<\/p>\n<p><span style=\"color: #333333;\">Puh. +372<\/span>\u00a0660 5986<br \/>\n<a href=\"mailto:lootsikauplus@alkostore.ee\">lootsikauplus@alkostore.ee<\/a><br \/>\nMa-Su\u00a010:00-20:00<\/p>\n<p><iframe src=\"https:\/\/www.google.com\/maps\/embed?pb=!1m18!1m12!1m3!1d2028.5301061558143!2d24.762629376329254!3d59.44091120208501!2m3!1f0!2f0!3f0!3m2!1i1024!2i768!4f13.1!3m3!1m2!1s0x4692935d9f03fc4d%3A0x6b1c07ed55013120!2sAlco%20Store%20%26%20More!5e0!3m2!1set!2see!4v1709801910281!5m2!1set!2see\" width=\"100%\" height=\"600\" style=\"border:0;\" allowfullscreen=\"\" loading=\"lazy\" referrerpolicy=\"no-referrer-when-downgrade\"><\/iframe><\/p>\n<hr \/>\n<\/div>\n","protected":false},"excerpt":{"rendered":"<p>Alcostore\u00a0on perustanut Virossa ainutlaatuiset Alcostore myym\u00e4l\u00e4t, joissa on tarjolla kattava tuotevalikoima. Jokainen kauppa on lis\u00e4ksi valinnut lis\u00e4ksi yhden juomatuoteryhm\u00e4n, jonka eri merkkej\u00e4 kyseisess\u00e4 kaupassa on laaja valikoima. N\u00e4in pystymme tarjoamaan ainutlaatuisia tuotteita ja my\u00f6s ostosten tekeminen on helpompaa ja yksinkertaisempaa. &nbsp; Tallinn, Mere pst.6 Olemme asettaneet meid\u00e4n vanhimpaan, osoitteessa Mere &hellip;<\/p>\n","protected":false},"author":3148,"featured_media":0,"parent":0,"menu_order":0,"comment_status":"closed","ping_status":"open","template":"","meta":{"inline_featured_image":false},"yoast_head":"<!-- This site is optimized with the Yoast SEO plugin v18.2 - https:\/\/yoast.com\/wordpress\/plugins\/seo\/ -->\n<meta name=\"robots\" content=\"index, follow, max-snippet:-1, max-image-preview:large, max-video-preview:-1\" \/>\n<link rel=\"canonical\" href=\"https:\/\/alkostore.ee\/fi\/kauplused\/\" \/>\n<meta property=\"og:locale\" content=\"fi_FI\" \/>\n<meta property=\"og:type\" content=\"article\" \/>\n<meta property=\"og:title\" content=\"Myym\u00e4l\u00e4t | Alcostore\" \/>\n<meta property=\"og:description\" content=\"Alcostore\u00a0on perustanut Virossa ainutlaatuiset Alcostore myym\u00e4l\u00e4t, joissa on tarjolla kattava tuotevalikoima. Jokainen kauppa on lis\u00e4ksi valinnut lis\u00e4ksi yhden juomatuoteryhm\u00e4n, jonka eri merkkej\u00e4 kyseisess\u00e4 kaupassa on laaja valikoima. N\u00e4in pystymme tarjoamaan ainutlaatuisia tuotteita ja my\u00f6s ostosten tekeminen on helpompaa ja yksinkertaisempaa. &nbsp; Tallinn, Mere pst.6 Olemme asettaneet meid\u00e4n vanhimpaan, osoitteessa Mere &hellip;\" \/>\n<meta property=\"og:url\" content=\"https:\/\/alkostore.ee\/fi\/kauplused\/\" \/>\n<meta property=\"og:site_name\" content=\"Alcostore\" \/>\n<meta property=\"article:publisher\" content=\"https:\/\/www.facebook.com\/AlcostoreTallinn\" \/>\n<meta property=\"article:modified_time\" content=\"2024-03-07T09:11:39+00:00\" \/>\n<meta name=\"twitter:card\" content=\"summary\" \/>\n<meta name=\"twitter:label1\" content=\"Est. reading time\" \/>\n\t<meta name=\"twitter:data1\" content=\"1 minute\" \/>\n<script type=\"application\/ld+json\" class=\"yoast-schema-graph\">{\"@context\":\"https:\/\/schema.org\",\"@graph\":[{\"@type\":\"Organization\",\"@id\":\"https:\/\/www.alkostore.ee\/fi\/#organization\",\"name\":\"ALKOSTORE\",\"url\":\"https:\/\/www.alkostore.ee\/fi\/\",\"sameAs\":[\"https:\/\/www.facebook.com\/AlcostoreTallinn\"],\"logo\":{\"@type\":\"ImageObject\",\"@id\":\"https:\/\/www.alkostore.ee\/fi\/#logo\",\"inLanguage\":\"fi\",\"url\":\"https:\/\/alkostore.ee\/wp-content\/uploads\/2021\/09\/liviko-alcostore_2x1.png\",\"contentUrl\":\"https:\/\/alkostore.ee\/wp-content\/uploads\/2021\/09\/liviko-alcostore_2x1.png\",\"width\":352,\"height\":130,\"caption\":\"ALKOSTORE\"},\"image\":{\"@id\":\"https:\/\/www.alkostore.ee\/fi\/#logo\"}},{\"@type\":\"WebSite\",\"@id\":\"https:\/\/www.alkostore.ee\/fi\/#website\",\"url\":\"https:\/\/www.alkostore.ee\/fi\/\",\"name\":\"Alcostore\",\"description\":\"Suurima valikuga alkoholi E-kauplus Eestis\",\"publisher\":{\"@id\":\"https:\/\/www.alkostore.ee\/fi\/#organization\"},\"potentialAction\":[{\"@type\":\"SearchAction\",\"target\":{\"@type\":\"EntryPoint\",\"urlTemplate\":\"https:\/\/www.alkostore.ee\/fi\/?s={search_term_string}\"},\"query-input\":\"required name=search_term_string\"}],\"inLanguage\":\"fi\"},{\"@type\":\"WebPage\",\"@id\":\"https:\/\/alkostore.ee\/fi\/kauplused\/#webpage\",\"url\":\"https:\/\/alkostore.ee\/fi\/kauplused\/\",\"name\":\"Myym\u00e4l\u00e4t | Alcostore\",\"isPartOf\":{\"@id\":\"https:\/\/www.alkostore.ee\/fi\/#website\"},\"datePublished\":\"2021-10-28T10:33:59+00:00\",\"dateModified\":\"2024-03-07T09:11:39+00:00\",\"breadcrumb\":{\"@id\":\"https:\/\/alkostore.ee\/fi\/kauplused\/#breadcrumb\"},\"inLanguage\":\"fi\",\"potentialAction\":[{\"@type\":\"ReadAction\",\"target\":[\"https:\/\/alkostore.ee\/fi\/kauplused\/\"]}]},{\"@type\":\"BreadcrumbList\",\"@id\":\"https:\/\/alkostore.ee\/fi\/kauplused\/#breadcrumb\",\"itemListElement\":[{\"@type\":\"ListItem\",\"position\":1,\"name\":\"Home\",\"item\":\"https:\/\/www.alkostore.ee\/fi\/\"},{\"@type\":\"ListItem\",\"position\":2,\"name\":\"Myym\u00e4l\u00e4t\"}]}]}<\/script>\n<!-- \/ Yoast SEO plugin. -->","yoast_head_json":{"robots":{"index":"index","follow":"follow","max-snippet":"max-snippet:-1","max-image-preview":"max-image-preview:large","max-video-preview":"max-video-preview:-1"},"canonical":"https:\/\/alkostore.ee\/fi\/kauplused\/","og_locale":"fi_FI","og_type":"article","og_title":"Myym\u00e4l\u00e4t | Alcostore","og_description":"Alcostore\u00a0on perustanut Virossa ainutlaatuiset Alcostore myym\u00e4l\u00e4t, joissa on tarjolla kattava tuotevalikoima. Jokainen kauppa on lis\u00e4ksi valinnut lis\u00e4ksi yhden juomatuoteryhm\u00e4n, jonka eri merkkej\u00e4 kyseisess\u00e4 kaupassa on laaja valikoima. N\u00e4in pystymme tarjoamaan ainutlaatuisia tuotteita ja my\u00f6s ostosten tekeminen on helpompaa ja yksinkertaisempaa. &nbsp; Tallinn, Mere pst.6 Olemme asettaneet meid\u00e4n vanhimpaan, osoitteessa Mere &hellip;","og_url":"https:\/\/alkostore.ee\/fi\/kauplused\/","og_site_name":"Alcostore","article_publisher":"https:\/\/www.facebook.com\/AlcostoreTallinn","article_modified_time":"2024-03-07T09:11:39+00:00","twitter_card":"summary","twitter_misc":{"Est. reading time":"1 minute"},"schema":{"@context":"https:\/\/schema.org","@graph":[{"@type":"Organization","@id":"https:\/\/www.alkostore.ee\/fi\/#organization","name":"ALKOSTORE","url":"https:\/\/www.alkostore.ee\/fi\/","sameAs":["https:\/\/www.facebook.com\/AlcostoreTallinn"],"logo":{"@type":"ImageObject","@id":"https:\/\/www.alkostore.ee\/fi\/#logo","inLanguage":"fi","url":"https:\/\/alkostore.ee\/wp-content\/uploads\/2021\/09\/liviko-alcostore_2x1.png","contentUrl":"https:\/\/alkostore.ee\/wp-content\/uploads\/2021\/09\/liviko-alcostore_2x1.png","width":352,"height":130,"caption":"ALKOSTORE"},"image":{"@id":"https:\/\/www.alkostore.ee\/fi\/#logo"}},{"@type":"WebSite","@id":"https:\/\/www.alkostore.ee\/fi\/#website","url":"https:\/\/www.alkostore.ee\/fi\/","name":"Alcostore","description":"Suurima valikuga alkoholi E-kauplus Eestis","publisher":{"@id":"https:\/\/www.alkostore.ee\/fi\/#organization"},"potentialAction":[{"@type":"SearchAction","target":{"@type":"EntryPoint","urlTemplate":"https:\/\/www.alkostore.ee\/fi\/?s={search_term_string}"},"query-input":"required name=search_term_string"}],"inLanguage":"fi"},{"@type":"WebPage","@id":"https:\/\/alkostore.ee\/fi\/kauplused\/#webpage","url":"https:\/\/alkostore.ee\/fi\/kauplused\/","name":"Myym\u00e4l\u00e4t | Alcostore","isPartOf":{"@id":"https:\/\/www.alkostore.ee\/fi\/#website"},"datePublished":"2021-10-28T10:33:59+00:00","dateModified":"2024-03-07T09:11:39+00:00","breadcrumb":{"@id":"https:\/\/alkostore.ee\/fi\/kauplused\/#breadcrumb"},"inLanguage":"fi","potentialAction":[{"@type":"ReadAction","target":["https:\/\/alkostore.ee\/fi\/kauplused\/"]}]},{"@type":"BreadcrumbList","@id":"https:\/\/alkostore.ee\/fi\/kauplused\/#breadcrumb","itemListElement":[{"@type":"ListItem","position":1,"name":"Home","item":"https:\/\/www.alkostore.ee\/fi\/"},{"@type":"ListItem","position":2,"name":"Myym\u00e4l\u00e4t"}]}]}},"_links":{"self":[{"href":"https:\/\/alkostore.ee\/fi\/wp-json\/wp\/v2\/pages\/11308814"}],"collection":[{"href":"https:\/\/alkostore.ee\/fi\/wp-json\/wp\/v2\/pages"}],"about":[{"href":"https:\/\/alkostore.ee\/fi\/wp-json\/wp\/v2\/types\/page"}],"author":[{"embeddable":true,"href":"https:\/\/alkostore.ee\/fi\/wp-json\/wp\/v2\/users\/3148"}],"replies":[{"embeddable":true,"href":"https:\/\/alkostore.ee\/fi\/wp-json\/wp\/v2\/comments?post=11308814"}],"version-history":[{"count":9,"href":"https:\/\/alkostore.ee\/fi\/wp-json\/wp\/v2\/pages\/11308814\/revisions"}],"predecessor-version":[{"id":13743272,"href":"https:\/\/alkostore.ee\/fi\/wp-json\/wp\/v2\/pages\/11308814\/revisions\/13743272"}],"wp:attachment":[{"href":"https:\/\/alkostore.ee\/fi\/wp-json\/wp\/v2\/media?parent=11308814"}],"curies":[{"name":"wp","href":"https:\/\/api.w.org\/{rel}","templated":true}]}}