{"id":11294820,"date":"2021-10-10T20:05:54","date_gmt":"2021-10-10T17:05:54","guid":{"rendered":"https:\/\/alkostore.ee\/fi\/kliendi-isikuandmete-tootlemine-ja-kupsised\/"},"modified":"2022-03-23T10:37:26","modified_gmt":"2022-03-23T08:37:26","slug":"kliendi-isikuandmete-tootlemine-ja-kupsised","status":"publish","type":"page","link":"https:\/\/alkostore.ee\/fi\/kliendi-isikuandmete-tootlemine-ja-kupsised\/","title":{"rendered":"Asiakkaan henkil\u00f6tietojen ja ev\u00e4steiden k\u00e4sittely"},"content":{"rendered":"<p>6.1. Asiakkaan s\u00e4hk\u00f6isesti tai muulla tavalla l\u00e4hett\u00e4mi\u00e4 henkil\u00f6tietoja on k\u00e4sitelt\u00e4v\u00e4 EU: n tietosuoja-asetuksen (EU 2016\/679) ja kansallisen lains\u00e4\u00e4d\u00e4nn\u00f6n mukaisesti. Alkostore.ee huolehtii asiakastietojen k\u00e4sittelyst\u00e4 ja tallennuksesta lain s\u00e4\u00e4t\u00e4m\u00e4ll\u00e4 tavalla.<\/p>\n<p>6.2. Myyj\u00e4ll\u00e4 on oikeus k\u00e4ytt\u00e4\u00e4 asiakkaan toimittamia henkil\u00f6tietoja ja ostotietoja sovellettavan lains\u00e4\u00e4d\u00e4nn\u00f6n mukaisesti silt\u00e4 osin kuin on tarpeen asiakkaan alkostore.ee-verkkokaupassa tekem\u00e4n tilauksen t\u00e4ytt\u00e4miseksi.<\/p>\n<p>6.3. Myyj\u00e4 k\u00e4sittelee asiakkaan henkil\u00f6tietoja seuraaviin tarkoituksiin:<\/p>\n<p>6.3.1. Alkostore.ee verkkokaupassa tehdyn tilauksen t\u00e4ytt\u00e4minen;<\/p>\n<p>6.3.2.Alkostore.ee verkkokaupan asiakassuhteiden hallinta ja viestint\u00e4 asiakkaan kanssa;<\/p>\n<p>6.3.3 Asiakkaan tiedusteluihin vastaamineen<\/p>\n<p>6.3.4.Kuluttajien tottumusten tutkimus;<\/p>\n<p>6.3.5. Myyntitilastojen kokoaminen;<\/p>\n<p>6.3.6 Alkostore.ee verkkokaupan palveluiden hallinta ja kehitt\u00e4minen.<\/p>\n<p>6.4. Myyj\u00e4 toteuttaa kaikki toimenpiteet (mukaan lukien hallinnolliset, tekniset ja fyysiset toimenpiteet) asiakkaan henkil\u00f6tietojen suojaamiseksi. Vain valtuutetuilla henkil\u00f6ill\u00e4 on p\u00e4\u00e4sy tietojen muuttamiseen ja k\u00e4sittelyyn.<\/p>\n<p>6.5. Myyj\u00e4 ei saa siirt\u00e4\u00e4 asiakkaan henkil\u00f6tietoja kolmansille osapuolille lukuun ottamatta maksupalvelun tarjoajalle siin\u00e4 m\u00e4\u00e4rin kuin se on v\u00e4ltt\u00e4m\u00e4t\u00f6nt\u00e4 oston maksamiseksi, ja posti- tai kuriiripalveluille siin\u00e4 m\u00e4\u00e4rin kuin on tarpeen tavaroiden toimittamiseksi asiakkaalle. Kun ostat vieraana Alkostore.ee verkkokaupasta, asiakkaan etu- ja sukunimi, s\u00e4hk\u00f6postiosoite, puhelin- ja postiosoite rekister\u00f6id\u00e4\u00e4n, jos tavarat toimitetaan asiakkaalle.<\/p>\n<p>6.6. Alkostore.ee verkkokaupassa vieraana ostaneen asiakkaan henkil\u00f6kohtaisia \u200b\u200btietoja ja ostotietoja s\u00e4ilytet\u00e4\u00e4n kahden vuoden ajan ostoksesta lukien. T\u00e4m\u00e4n m\u00e4\u00e4r\u00e4ajan j\u00e4lkeen henkil\u00f6tiedot poistetaan automaattisesti. Alkostore.ee verkkokaupassa ei aktiivisten asiakkaiden henkil\u00f6tiedot poistetaan puolen vuoden kuluessa.<\/p>\n<p>6.7. Asiakkaalla on milloin tahansa oikeus saada itse\u00e4\u00e4n koskevia tietoja alkostore.ee-verkkokaupan yll\u00e4pit\u00e4j\u00e4lt\u00e4, vaatia asiakkaan henkil\u00f6tietojen oikaisemista ja lopettaa henkil\u00f6tietojen k\u00e4sittely. L\u00e4het\u00e4 hakemukset s\u00e4hk\u00f6isesti alkostore.ee-verkkokaupan yll\u00e4pit\u00e4j\u00e4lle kliendiinfo@alkostore.ee. Henkil\u00f6tietojen k\u00e4sittelyn turvallisuuden varmistamiseksi asiakkaan hakemus on allekirjoitettava digitaalisesti. Myyj\u00e4ll\u00e4 on oikeus hyl\u00e4t\u00e4 asiakkaan pyynt\u00f6, jos asiakkaan henkil\u00f6llisyytt\u00e4 ei voida selvitt\u00e4\u00e4 tai henkil\u00f6tietojen siirto ei ole turvallista.<\/p>\n<p>6.8. Myyj\u00e4ll\u00e4 ei ole p\u00e4\u00e4sy\u00e4 asiakkaan pankkitietoihin, kun h\u00e4n maksaa tavaroita verkkopankin kautta. Myyj\u00e4ll\u00e4 on oikeus suorittaa profiilianalyysi alkostore.ee-verkkokaupassa rekister\u00f6idyille henkil\u00f6tiedoille ymm\u00e4rt\u00e4\u00e4kseen paremmin asiakkaiden odotuksia ja tarjoamalla parempia tuotteita ja palveluita mahdollistamalla suoramarkkinoinnin .<\/p>\n<p>6.9. Liviko AS on henkil\u00f6tietojen p\u00e4\u00e4k\u00e4sittelij\u00e4 Alkostore.ee verkkokaupassa. Liviko AS: lla on oikeus jakaa henkil\u00f6tietoja alkostore.ee verkkokaupasta yhteisty\u00f6kumppaneille valtuutetuille tietojenk\u00e4sittelij\u00f6ille tarjotakseen asiakkailleen parasta palvelua. Valtuutetuilla k\u00e4sittelij\u00f6ill\u00e4 on oikeus k\u00e4sitell\u00e4 henkil\u00f6tietoja vain myyj\u00e4lt\u00e4 saatujen ohjeiden mukaisesti. Valtuutettujen k\u00e4sittelij\u00f6iden kanssa on tehty sopimukset henkil\u00f6tietojen luottamuksellisuudesta. Alkostore.ee-verkkokaupan valtuutetut henkil\u00f6tietojen k\u00e4sittelij\u00e4t on lueteltu t\u00e4ss\u00e4.<\/p>\n<p>AS Livikon osoite: Masina 11 &#8211; 10144 Tallinn, Viro, Puhelin +372667 8000 Faksi +372667 8002,<\/p>\n<p>Eesti Post AS-osoite: Pallasti 28, Tallinna, puhelin: +37261 6616, s\u00e4hk\u00f6postiosoite: info@omniva.ee<\/p>\n<p>JetExspress O\u00dc osoite: Liivalao 14, Tallinna, puhelin: 646 3222 info@kuller.ee<\/p>\n<p>Itella Estoonia O\u00dc osoite: Loom\u00e4e tee13, Lehmja k\u00fcla Rae vald, puhelin: +372 6990431 estonia@itella.com<\/p>\n<p>ESTO AS Rekisteritunnus 14180709 Osoite Laeva 2, 10111, Tallinn, Eesti S\u00e4hk\u00f6posti info@esto.ee Yhteyspuhelin +372) 622 52 52<\/p>\n<p>6.10 Sivusto k\u00e4ytt\u00e4\u00e4 ev\u00e4steit\u00e4. T\u00e4m\u00e4 auttaa verkkosivustoa muistamaan valintanne meid\u00e4n sivustolla. Vierailemalla t\u00e4ll\u00e4 sivustolla hyv\u00e4ksyt, ett\u00e4 k\u00e4yt\u00e4mme ev\u00e4steit\u00e4.<\/p>\n<p>6.11 Mit\u00e4 ev\u00e4steet ovat?<\/p>\n<p>6.11.1. Ev\u00e4ste on pieni teksti, joka ladataan tietokoneellesi, kun vierailet verkkosivustolla. Ev\u00e4steiden avulla verkkosivusto tunnistaa tietokoneesi. Se auttaa my\u00f6s verkkosivustoa muistamaan vierailuun liittyv\u00e4t tiedot, kuten haluamasi kielen ja muut asetukset. T\u00e4m\u00e4 voi tehd\u00e4 seuraavan vierailusi helpommaksi ja hy\u00f6dyllisemm\u00e4ksi sinulle. Ev\u00e4steill\u00e4 on t\u00e4rke\u00e4 rooli. Ilman niit\u00e4 verkon k\u00e4ytt\u00f6 olisi paljon h\u00e4iritsev\u00e4mp\u00e4\u00e4 kokemus.<\/p>\n<p>6.11.2 Alcostore k\u00e4ytt\u00e4\u00e4:<\/p>\n<ul>\n<li>istuntoev\u00e4steet, jotka poistetaan automaattisesti jokaisen k\u00e4ynnin j\u00e4lkeen;<\/li>\n<li>pysyv\u00e4t ev\u00e4steet, jotka s\u00e4ilyv\u00e4t verkkosivuston toistuvan k\u00e4yt\u00f6n j\u00e4lkeen;<\/li>\n<li>Kolmannen osapuolen ev\u00e4steet, joita kumppanisivustomme k\u00e4ytt\u00e4v\u00e4t ja jotka on upotettu sivustoomme tai linkitetty siihen. Emme hallitse n\u00e4iden ev\u00e4steiden alkuper\u00e4\u00e4. L\u00f6yd\u00e4t tietoja n\u00e4iden ev\u00e4steiden hallinnasta kolmannen osapuolen verkkosivustolta.<\/li>\n<\/ul>\n<p>6.12 Miksi k\u00e4yt\u00e4mme ev\u00e4steit\u00e4 ja mit\u00e4 tietoja ker\u00e4\u00e4mme?<\/p>\n<p>6.12.1. Ev\u00e4steet auttavat meit\u00e4 toimittamaan palveluja toiveidesi ja tapojesi mukaan. Ev\u00e4steit\u00e4 k\u00e4ytet\u00e4\u00e4n tyypillisesti tilastojen ker\u00e4\u00e4miseen, jotka seuraavat k\u00e4ytt\u00e4jien mieltymyksi\u00e4 verkkosivustoilla k\u00e4ydess\u00e4\u00e4n. K\u00e4yt\u00e4mme niit\u00e4 esimerkiksi muistamaan turvallisen haun asetuksesi, luomalla profiileja kohdistettujen mainosten n\u00e4ytt\u00e4miseksi, tekem\u00e4\u00e4n mainoksista osuvampia, auttamaan sinua rekister\u00f6itym\u00e4\u00e4n palveluihimme ja suojaamaan tietojasi. Kun vierailet verkkosivustollamme niin ev\u00e4steit\u00e4 voidaan tallentaa ja mainoskumppanimme voivat ker\u00e4t\u00e4 tietoja internettoiminnastasi ja verkkopalveluidemme k\u00e4yt\u00f6st\u00e4.<\/p>\n<p>6.13 Voiko ev\u00e4steiden k\u00e4ytt\u00f6 olla kielletty\u00e4?<\/p>\n<p>6.13.1 Kyll\u00e4, selain voi est\u00e4\u00e4 ev\u00e4steiden k\u00e4yt\u00f6n. L\u00f6yd\u00e4t lis\u00e4tietoja ev\u00e4steist\u00e4 verkkosivustolta: alkostore.ee<\/p>\n<p>Alkostore.ee asiakaspalvelun yhteystiedot:<\/p>\n<p>S\u00e4hk\u00f6posti: kliendiinfo@alkostore.ee<\/p>\n<p>Puhelinnumero: +372 6837744 ma-pe klo 9.00-16.00<\/p>\n","protected":false},"excerpt":{"rendered":"<p>6.1. Asiakkaan s\u00e4hk\u00f6isesti tai muulla tavalla l\u00e4hett\u00e4mi\u00e4 henkil\u00f6tietoja on k\u00e4sitelt\u00e4v\u00e4 EU: n tietosuoja-asetuksen (EU 2016\/679) ja kansallisen lains\u00e4\u00e4d\u00e4nn\u00f6n mukaisesti. Alkostore.ee huolehtii asiakastietojen k\u00e4sittelyst\u00e4 ja tallennuksesta lain s\u00e4\u00e4t\u00e4m\u00e4ll\u00e4 tavalla. 6.2. Myyj\u00e4ll\u00e4 on oikeus k\u00e4ytt\u00e4\u00e4 asiakkaan toimittamia henkil\u00f6tietoja ja ostotietoja sovellettavan lains\u00e4\u00e4d\u00e4nn\u00f6n mukaisesti silt\u00e4 osin kuin on tarpeen asiakkaan alkostore.ee-verkkokaupassa tekem\u00e4n tilauksen &hellip;<\/p>\n","protected":false},"author":3148,"featured_media":0,"parent":0,"menu_order":0,"comment_status":"closed","ping_status":"closed","template":"","meta":{"inline_featured_image":false},"yoast_head":"<!-- This site is optimized with the Yoast SEO plugin v18.2 - https:\/\/yoast.com\/wordpress\/plugins\/seo\/ -->\n<meta name=\"robots\" content=\"index, follow, max-snippet:-1, max-image-preview:large, max-video-preview:-1\" \/>\n<link rel=\"canonical\" href=\"https:\/\/alkostore.ee\/fi\/kliendi-isikuandmete-tootlemine-ja-kupsised\/\" \/>\n<meta property=\"og:locale\" content=\"fi_FI\" \/>\n<meta property=\"og:type\" content=\"article\" \/>\n<meta property=\"og:title\" content=\"Asiakkaan henkil\u00f6tietojen ja ev\u00e4steiden k\u00e4sittely | Alcostore\" \/>\n<meta property=\"og:description\" content=\"6.1. Asiakkaan s\u00e4hk\u00f6isesti tai muulla tavalla l\u00e4hett\u00e4mi\u00e4 henkil\u00f6tietoja on k\u00e4sitelt\u00e4v\u00e4 EU: n tietosuoja-asetuksen (EU 2016\/679) ja kansallisen lains\u00e4\u00e4d\u00e4nn\u00f6n mukaisesti. Alkostore.ee huolehtii asiakastietojen k\u00e4sittelyst\u00e4 ja tallennuksesta lain s\u00e4\u00e4t\u00e4m\u00e4ll\u00e4 tavalla. 6.2. Myyj\u00e4ll\u00e4 on oikeus k\u00e4ytt\u00e4\u00e4 asiakkaan toimittamia henkil\u00f6tietoja ja ostotietoja sovellettavan lains\u00e4\u00e4d\u00e4nn\u00f6n mukaisesti silt\u00e4 osin kuin on tarpeen asiakkaan alkostore.ee-verkkokaupassa tekem\u00e4n tilauksen &hellip;\" \/>\n<meta property=\"og:url\" content=\"https:\/\/alkostore.ee\/fi\/kliendi-isikuandmete-tootlemine-ja-kupsised\/\" \/>\n<meta property=\"og:site_name\" content=\"Alcostore\" \/>\n<meta property=\"article:publisher\" content=\"https:\/\/www.facebook.com\/AlcostoreTallinn\" \/>\n<meta property=\"article:modified_time\" content=\"2022-03-23T08:37:26+00:00\" \/>\n<meta name=\"twitter:card\" content=\"summary\" \/>\n<meta name=\"twitter:label1\" content=\"Est. reading time\" \/>\n\t<meta name=\"twitter:data1\" content=\"4 minutes\" \/>\n<script type=\"application\/ld+json\" class=\"yoast-schema-graph\">{\"@context\":\"https:\/\/schema.org\",\"@graph\":[{\"@type\":\"Organization\",\"@id\":\"https:\/\/www.alkostore.ee\/fi\/#organization\",\"name\":\"ALKOSTORE\",\"url\":\"https:\/\/www.alkostore.ee\/fi\/\",\"sameAs\":[\"https:\/\/www.facebook.com\/AlcostoreTallinn\"],\"logo\":{\"@type\":\"ImageObject\",\"@id\":\"https:\/\/www.alkostore.ee\/fi\/#logo\",\"inLanguage\":\"fi\",\"url\":\"https:\/\/alkostore.ee\/wp-content\/uploads\/2021\/09\/liviko-alcostore_2x1.png\",\"contentUrl\":\"https:\/\/alkostore.ee\/wp-content\/uploads\/2021\/09\/liviko-alcostore_2x1.png\",\"width\":352,\"height\":130,\"caption\":\"ALKOSTORE\"},\"image\":{\"@id\":\"https:\/\/www.alkostore.ee\/fi\/#logo\"}},{\"@type\":\"WebSite\",\"@id\":\"https:\/\/www.alkostore.ee\/fi\/#website\",\"url\":\"https:\/\/www.alkostore.ee\/fi\/\",\"name\":\"Alcostore\",\"description\":\"Suurima valikuga alkoholi E-kauplus Eestis\",\"publisher\":{\"@id\":\"https:\/\/www.alkostore.ee\/fi\/#organization\"},\"potentialAction\":[{\"@type\":\"SearchAction\",\"target\":{\"@type\":\"EntryPoint\",\"urlTemplate\":\"https:\/\/www.alkostore.ee\/fi\/?s={search_term_string}\"},\"query-input\":\"required name=search_term_string\"}],\"inLanguage\":\"fi\"},{\"@type\":\"WebPage\",\"@id\":\"https:\/\/alkostore.ee\/fi\/kliendi-isikuandmete-tootlemine-ja-kupsised\/#webpage\",\"url\":\"https:\/\/alkostore.ee\/fi\/kliendi-isikuandmete-tootlemine-ja-kupsised\/\",\"name\":\"Asiakkaan henkil\u00f6tietojen ja ev\u00e4steiden k\u00e4sittely | Alcostore\",\"isPartOf\":{\"@id\":\"https:\/\/www.alkostore.ee\/fi\/#website\"},\"datePublished\":\"2021-10-10T17:05:54+00:00\",\"dateModified\":\"2022-03-23T08:37:26+00:00\",\"breadcrumb\":{\"@id\":\"https:\/\/alkostore.ee\/fi\/kliendi-isikuandmete-tootlemine-ja-kupsised\/#breadcrumb\"},\"inLanguage\":\"fi\",\"potentialAction\":[{\"@type\":\"ReadAction\",\"target\":[\"https:\/\/alkostore.ee\/fi\/kliendi-isikuandmete-tootlemine-ja-kupsised\/\"]}]},{\"@type\":\"BreadcrumbList\",\"@id\":\"https:\/\/alkostore.ee\/fi\/kliendi-isikuandmete-tootlemine-ja-kupsised\/#breadcrumb\",\"itemListElement\":[{\"@type\":\"ListItem\",\"position\":1,\"name\":\"Home\",\"item\":\"https:\/\/alkostore.ee\/fi\/avaleht-fin\/\"},{\"@type\":\"ListItem\",\"position\":2,\"name\":\"Asiakkaan henkil\u00f6tietojen ja ev\u00e4steiden k\u00e4sittely\"}]}]}<\/script>\n<!-- \/ Yoast SEO plugin. -->","yoast_head_json":{"robots":{"index":"index","follow":"follow","max-snippet":"max-snippet:-1","max-image-preview":"max-image-preview:large","max-video-preview":"max-video-preview:-1"},"canonical":"https:\/\/alkostore.ee\/fi\/kliendi-isikuandmete-tootlemine-ja-kupsised\/","og_locale":"fi_FI","og_type":"article","og_title":"Asiakkaan henkil\u00f6tietojen ja ev\u00e4steiden k\u00e4sittely | Alcostore","og_description":"6.1. Asiakkaan s\u00e4hk\u00f6isesti tai muulla tavalla l\u00e4hett\u00e4mi\u00e4 henkil\u00f6tietoja on k\u00e4sitelt\u00e4v\u00e4 EU: n tietosuoja-asetuksen (EU 2016\/679) ja kansallisen lains\u00e4\u00e4d\u00e4nn\u00f6n mukaisesti. Alkostore.ee huolehtii asiakastietojen k\u00e4sittelyst\u00e4 ja tallennuksesta lain s\u00e4\u00e4t\u00e4m\u00e4ll\u00e4 tavalla. 6.2. Myyj\u00e4ll\u00e4 on oikeus k\u00e4ytt\u00e4\u00e4 asiakkaan toimittamia henkil\u00f6tietoja ja ostotietoja sovellettavan lains\u00e4\u00e4d\u00e4nn\u00f6n mukaisesti silt\u00e4 osin kuin on tarpeen asiakkaan alkostore.ee-verkkokaupassa tekem\u00e4n tilauksen &hellip;","og_url":"https:\/\/alkostore.ee\/fi\/kliendi-isikuandmete-tootlemine-ja-kupsised\/","og_site_name":"Alcostore","article_publisher":"https:\/\/www.facebook.com\/AlcostoreTallinn","article_modified_time":"2022-03-23T08:37:26+00:00","twitter_card":"summary","twitter_misc":{"Est. reading time":"4 minutes"},"schema":{"@context":"https:\/\/schema.org","@graph":[{"@type":"Organization","@id":"https:\/\/www.alkostore.ee\/fi\/#organization","name":"ALKOSTORE","url":"https:\/\/www.alkostore.ee\/fi\/","sameAs":["https:\/\/www.facebook.com\/AlcostoreTallinn"],"logo":{"@type":"ImageObject","@id":"https:\/\/www.alkostore.ee\/fi\/#logo","inLanguage":"fi","url":"https:\/\/alkostore.ee\/wp-content\/uploads\/2021\/09\/liviko-alcostore_2x1.png","contentUrl":"https:\/\/alkostore.ee\/wp-content\/uploads\/2021\/09\/liviko-alcostore_2x1.png","width":352,"height":130,"caption":"ALKOSTORE"},"image":{"@id":"https:\/\/www.alkostore.ee\/fi\/#logo"}},{"@type":"WebSite","@id":"https:\/\/www.alkostore.ee\/fi\/#website","url":"https:\/\/www.alkostore.ee\/fi\/","name":"Alcostore","description":"Suurima valikuga alkoholi E-kauplus Eestis","publisher":{"@id":"https:\/\/www.alkostore.ee\/fi\/#organization"},"potentialAction":[{"@type":"SearchAction","target":{"@type":"EntryPoint","urlTemplate":"https:\/\/www.alkostore.ee\/fi\/?s={search_term_string}"},"query-input":"required name=search_term_string"}],"inLanguage":"fi"},{"@type":"WebPage","@id":"https:\/\/alkostore.ee\/fi\/kliendi-isikuandmete-tootlemine-ja-kupsised\/#webpage","url":"https:\/\/alkostore.ee\/fi\/kliendi-isikuandmete-tootlemine-ja-kupsised\/","name":"Asiakkaan henkil\u00f6tietojen ja ev\u00e4steiden k\u00e4sittely | Alcostore","isPartOf":{"@id":"https:\/\/www.alkostore.ee\/fi\/#website"},"datePublished":"2021-10-10T17:05:54+00:00","dateModified":"2022-03-23T08:37:26+00:00","breadcrumb":{"@id":"https:\/\/alkostore.ee\/fi\/kliendi-isikuandmete-tootlemine-ja-kupsised\/#breadcrumb"},"inLanguage":"fi","potentialAction":[{"@type":"ReadAction","target":["https:\/\/alkostore.ee\/fi\/kliendi-isikuandmete-tootlemine-ja-kupsised\/"]}]},{"@type":"BreadcrumbList","@id":"https:\/\/alkostore.ee\/fi\/kliendi-isikuandmete-tootlemine-ja-kupsised\/#breadcrumb","itemListElement":[{"@type":"ListItem","position":1,"name":"Home","item":"https:\/\/alkostore.ee\/fi\/avaleht-fin\/"},{"@type":"ListItem","position":2,"name":"Asiakkaan henkil\u00f6tietojen ja ev\u00e4steiden k\u00e4sittely"}]}]}},"_links":{"self":[{"href":"https:\/\/alkostore.ee\/fi\/wp-json\/wp\/v2\/pages\/11294820"}],"collection":[{"href":"https:\/\/alkostore.ee\/fi\/wp-json\/wp\/v2\/pages"}],"about":[{"href":"https:\/\/alkostore.ee\/fi\/wp-json\/wp\/v2\/types\/page"}],"author":[{"embeddable":true,"href":"https:\/\/alkostore.ee\/fi\/wp-json\/wp\/v2\/users\/3148"}],"replies":[{"embeddable":true,"href":"https:\/\/alkostore.ee\/fi\/wp-json\/wp\/v2\/comments?post=11294820"}],"version-history":[{"count":4,"href":"https:\/\/alkostore.ee\/fi\/wp-json\/wp\/v2\/pages\/11294820\/revisions"}],"predecessor-version":[{"id":11882562,"href":"https:\/\/alkostore.ee\/fi\/wp-json\/wp\/v2\/pages\/11294820\/revisions\/11882562"}],"wp:attachment":[{"href":"https:\/\/alkostore.ee\/fi\/wp-json\/wp\/v2\/media?parent=11294820"}],"curies":[{"name":"wp","href":"https:\/\/api.w.org\/{rel}","templated":true}]}}