{"id":11294810,"date":"2021-10-10T20:02:09","date_gmt":"2021-10-10T17:02:09","guid":{"rendered":"https:\/\/alkostore.ee\/fi\/muugitingimused\/"},"modified":"2022-03-23T10:31:30","modified_gmt":"2022-03-23T08:31:30","slug":"muugitingimused","status":"publish","type":"page","link":"https:\/\/alkostore.ee\/fi\/muugitingimused\/","title":{"rendered":"Myyntiehdot"},"content":{"rendered":"<p>Voimassa 05.04.2021<\/p>\n<ol>\n<li>Yleiset ehdot<\/li>\n<\/ol>\n<p>1.1. N\u00e4m\u00e4 alkostore.ee verkkokaupan (verkkokauppa) myyntiehdot (ehdot) ovat voimassa ostettaessa alkostore.ee verkkokaupasta osoitteesta https:\/\/www.alkostore.ee. tavaroiden myyj\u00e4 on Liviko AS (myyj\u00e4), osoite Masina 11 Tallinn 10143, rekisterikoodi 10117341, puhelin +372 683 7744, s\u00e4hk\u00f6postiosoite kliendiinfo@alkostore.ee. K\u00e4ytt\u00f6ehdot koskevat kaikkia henkil\u00f6iden (asiakkaan) ja myyj\u00e4n v\u00e4lisi\u00e4 oikeussuhteita, jotka koskevat tavaroiden ostamista AS Liviko alkostore.ee verkkokaupan kautta.<\/p>\n<p>1.2. Myyj\u00e4ll\u00e4 on oikeus muuttaa ja t\u00e4ydent\u00e4\u00e4 ehtoja julkaisemalla uudet ehdot internet osoitteessa https:\/\/www.alkostore.ee. Jos asiakas teki tilauksen ennen ehtojen muutosten voimaantuloa, asiakkaan ja myyj\u00e4n v\u00e4liseen oikeussuhteeseen sovelletaan tilauksen tekohetkell\u00e4 voimassa olevia ehtoja.<\/p>\n<p>1.3. Ennen ostoksen tekemist\u00e4 asiakas voi tallentaa ja tulostaa ehtoja. Asiakas hyv\u00e4ksyy ehdot tehdess\u00e4\u00e4n ostoksia alkostore.ee verkkokaupasta.<\/p>\n<p>1.4. Ehtojen lis\u00e4ksi alkostore.ee verkkokaupasta ostamiseen sovelletaan Viron tasavallassa voimassa olevaa lains\u00e4\u00e4d\u00e4nt\u00f6\u00e4.<\/p>\n<ol start=\"2\">\n<li>Tilauksen tekeminen<\/li>\n<\/ol>\n<p>2.1. Tilaukset voidaan tehd\u00e4 alkostore.ee verkkokaupassa joko kirjautumalla sis\u00e4\u00e4n asiakkaana tai kirjautumatta sis\u00e4\u00e4n.<\/p>\n<p>2.2. Asiakas valitsee halutut tuotteet alkostore.ee verkkokaupasta ja lis\u00e4\u00e4 ne ostoskoriin.<\/p>\n<p>2.4. Alkoholia myyd\u00e4\u00e4n vain aikuisille asiakkaille, jotka ovat tilauksen tehdess\u00e4\u00e4n v\u00e4hint\u00e4\u00e4n 18 vuotta vanhat. Asiakkaan ik\u00e4 tarkistetaan alkoholia sis\u00e4lt\u00e4vien tavaroiden toimituksen yhteydess\u00e4, ja myyj\u00e4 voi kielt\u00e4yty\u00e4 toimittamasta \u200b\u200btuotteita, jos asiakas ei pysty todistamaan ik\u00e4\u00e4ns\u00e4 tavaroita vastaanotettaessa.<\/p>\n<p>2.5. Asiakas valitsee tilauksen toimitustavan ja -paikan.<\/p>\n<p>2.6. Asiakas vahvistaa ostoskorin ja maksaa tavarat myyj\u00e4n tarjoamalla maksuv\u00e4lineell\u00e4. Ennen laskun maksamista asiakas tarkistaa, ett\u00e4 laskussa annetut tiedot vastaavat asiakkaan todellista pyynt\u00f6\u00e4.<\/p>\n<p>2.7. Tavaroiden maksamisen j\u00e4lkeen asiakkaan on napsautettava linkki\u00e4 &#8221;Takaisin kauppiaalle&#8221;.<\/p>\n<p>2.8. Myyj\u00e4 l\u00e4hett\u00e4\u00e4 asiakkaalle s\u00e4hk\u00f6postitse vahvistuksen ja laskun tilauksesta ja maksusta.<\/p>\n<p>2.9. Myyj\u00e4n ja asiakkaan v\u00e4linen myyntisopimus vahvistetaan heti, kun asiakas on maksanut oston.<\/p>\n<p>2.10 Myyj\u00e4 palauttaa asiakkaalle summan, tuotteista joita ei voida koota, viimeist\u00e4\u00e4n 14 p\u00e4iv\u00e4n kuluessa.<\/p>\n<ol start=\"3\">\n<li>TAVAROIDEN HINTA, MAKSUVAIHTOEHDOT, ASIAKASKORTIN EDUT<\/li>\n<\/ol>\n<p>3.1. Alkostore.ee verkkokaupassa myyt\u00e4vien tavaroiden hinnat ovat euroina ja sis\u00e4lt\u00e4v\u00e4t arvonlis\u00e4veron.<\/p>\n<p>3.2. Asiakaskorttialennukset ovat voimassa asiakkaalle, joka on kirjautunut sis\u00e4\u00e4n alkostore.ee verkkokauppaan. Asiakaskorttialennus ei koske tupakkatuotteita ja toimitusmaksuja. Asiakaskortin ehdot ovat saatavilla osoitteessa www.alkostore.ee\/asiakaskortti ja alennus verkkokaupasta.<\/p>\n<p>3.3. Asiakas maksaa tavaroiden myyntihinnan ja toimitusmaksun kokonaisuudessaan etuk\u00e4teen. Maksaminen tapahtuu alkostore.ee verkkokaupan ulkopuolella suojatussa ymp\u00e4rist\u00f6ss\u00e4 &#8211; kaikki maksutiedot, my\u00f6s maksulinkkitiedot, v\u00e4litt\u00e4\u00e4 SEB Pankki ja kaikki tiedot suomalaisten pankkien maksulinkeist\u00e4 v\u00e4litt\u00e4\u00e4 ESTO AS Rekisteritunnus 14180709 Osoite Laeva 2, 10111, Tallinn, Eesti S\u00e4hk\u00f6posti info@esto.ee Yhteyspuhelin (+372) 622 52 52<br \/>\n. Myyj\u00e4ll\u00e4 ei ole p\u00e4\u00e4sy\u00e4 asiakkaan pankki- ja luottokorttitietoihin.<\/p>\n<p>3.4. Jos asiakas ei halua noutaa tilattuja tavaroita Tallinnasta, Mere pst.6, Lootsi 8\u00a0 tavaroiden toimitushinta lis\u00e4t\u00e4\u00e4n myyntihintaan.<\/p>\n<p>3.5. Voit maksaa tavaroista alkostore.ee verkkokaupan online-ymp\u00e4rist\u00f6ss\u00e4 esitetyill\u00e4 tavoilla. Palvelumaksu voidaan lis\u00e4t\u00e4 tilauksen hintaan asiakkaan ja pankin tai luottokortin my\u00f6nt\u00e4j\u00e4n v\u00e4lill\u00e4 tehdyn sopimuksen mukaisesti.<\/p>\n<p>4.Tavaroiden vastaanottaminen<\/p>\n<p>4.1. Tilaamalla Alkostosre.ee verkkokaupasta voit noutaa tavarat itse kaupasta, Drive-in-palvelusta, tilata tavarat SmartPost pakettiautomaattiin tai k\u00e4ytt\u00e4\u00e4 toimitusta kuriiripalvelun kautta.<\/p>\n<p>4.2 Tavaroiden vastaanottaminen kaupoissa.<\/p>\n<p>4.2.1. Tavarat voi hakea seuraavista myym\u00e4l\u00f6ist\u00e4:<\/p>\n<p>Tallinna, Lootsi 8 -myym\u00e4l\u00e4 &#8211; Toimitus tapahtuu klo 10.00-20.00<\/p>\n<p>Tallinna, Mere pst.6 &#8211; Toimitus tapahtuu klo 10.00-20.00<\/p>\n<p>4.2.2. Ostetut tavarat voi hakea viimeist\u00e4\u00e4n 3 ty\u00f6p\u00e4iv\u00e4n kuluessa, mutta jos olemme ker\u00e4nneet tilauksen aikaisemmin, l\u00e4het\u00e4mme siit\u00e4 ilmoituksen s\u00e4hk\u00f6postitse tai soitamme sinulle, jos olet ilmoittanut puhelinnumeron. Tilaukseen ei lis\u00e4t\u00e4 pakkausmaksuja.<\/p>\n<p>4.2.3. Tilatut tuotteet voi vastaanottaa myym\u00e4l\u00f6iden aukioloaikoina est\u00e4m\u00e4ll\u00e4 tilausnumeron ja tavarat luovutetaan vain yli 18-vuotiaille ik\u00e4todistuksen perusteella.<\/p>\n<p>4.2.4. Myyj\u00e4 ei ole vastuussa asiakkaalle aiheutuneista vahingoista, jos kolmannet osapuolet ovat myyj\u00e4st\u00e4 riippumattomista syist\u00e4 saaneet kopion laskusta tai yksil\u00f6llisen tilausnumeron ja v\u00e4\u00e4r\u00e4 henkil\u00f6 on saanut tavarat.<\/p>\n<p>4.2.5..Jos asiakas ei ole hakenut tavaroita 7 kalenterip\u00e4iv\u00e4n kuluessa, myyj\u00e4 katsoo, ett\u00e4 asiakas on peruuttanut tilauksen ja myyj\u00e4 palauttaa maksun asiakkaalle mahdollisimman pian, mutta viimeist\u00e4\u00e4n 14 p\u00e4iv\u00e4n kuluessa samalle tilille, josta osto maksettiin.<\/p>\n<p>4.3 Tavaroiden vastaanottaminen pakettiautomaatista<\/p>\n<p>4.3.1. Kun tilaat SmartPost pakettiautomaattiin, hintaan lis\u00e4t\u00e4\u00e4n toimitusmaksu.<\/p>\n<p>4.3.2. Maanantaista torstaihin ostetut tavarat saapuvat pakettiautomaatille ostoa seuraavana p\u00e4iv\u00e4n\u00e4, perjantaista sunnuntaihin ostetut tavarat viimeist\u00e4\u00e4n seuraavana tiistaina. Paketti saapuu Saarenmaan ja Hiidenmaan pakettiautomaatteihin 3 ty\u00f6p\u00e4iv\u00e4n kuluessa. Tarjoamme SmartPost palvelua vain Viron tasavallan rajoissa.<\/p>\n<p>4.3.3. Asiakkaalle ilmoitetaan tavaroiden saapumisesta pakettiautomaattiin tekstiviestill\u00e4, joka sis\u00e4lt\u00e4\u00e4 ainutlaatuisen oven avaamiskoodin. Ohjeet koodin k\u00e4ytt\u00f6\u00f6n ja pakettilokeron avaamiseen l\u00f6ytyv\u00e4t pakettiautomaatin kosketusn\u00e4yt\u00f6lt\u00e4.<\/p>\n<p>4.3.4. Alkoholijuomatilausten yhteydess\u00e4 tavarat voidaan ottaa vastaan \u200b\u200bpakettiautomaatista klo 10.00\u201322.00 (tai myyntiautomaatin sijainnin sulkeutumisaikaan, jos paikka on suljettu ennen klo 22.00). Ovikoodin lis\u00e4ksi on annettava henkil\u00f6todistus ja PIN-koodi i\u00e4n varmistamiseksi alkoholituotteita vastaanotettaessa.<\/p>\n<p>4.3.5. Myyj\u00e4 ei ole vastuussa asiakkaalle aiheutuneista vahingoista, jos kolmannet osapuolet ovat myyj\u00e4st\u00e4 riippumattomista syist\u00e4 saaneet kopion laskusta tai yksil\u00f6llisest\u00e4 tilausnumerosta ja v\u00e4\u00e4r\u00e4t henkil\u00f6t ovat vastaanottaneet tavarat.<\/p>\n<p>4.3.6. Jos asiakas ei poista tavaroita pakettiautomaatista 7 p\u00e4iv\u00e4n kuluessa, asiakkaan katsotaan irtisanoutuneen sopimuksesta. Palautamme tilauksesta maksetun summan miinus postikulut samalle tilille, josta osto maksettiin viimeist\u00e4\u00e4n 30 kalenterip\u00e4iv\u00e4n kuluessa.<\/p>\n<p>4.4 Tavaroiden vastaanottaminen kuriirilla<\/p>\n<p>4.4.1. Jos valitset ett\u00e4 kuriiri toimittaa tavarat, tilaukseen lis\u00e4t\u00e4\u00e4n toimitusmaksu. Maksu muodostuu ostoskorissa alueen ja painon mukaan. Kuriirikuljetukset tapahtuvat vain Viron tasavallan rajojen sis\u00e4ll\u00e4.<\/p>\n<p>4.4.2. Tavarat toimitetaan kuriiripalvelun k\u00e4ytt\u00e4jille suoraan tilauksessa ilmoitettuun osoitteeseen.<\/p>\n<p>4.4.3. Toimitusaika Viron suurimpiin kaupunkeihin on 1-2 ty\u00f6p\u00e4iv\u00e4\u00e4, maaseudulle 1-2 ty\u00f6p\u00e4iv\u00e4\u00e4 ja saarille 1-3 ty\u00f6p\u00e4iv\u00e4\u00e4 klo 10.00-17.00.<\/p>\n<p>4.4.4. Kuriiri sopii asiakkaan kanssa toimittamisen ajankohdan ennen tavaroiden toimittamista puhelimitse.<\/p>\n<p>4.4.5. Alkoholijuomia sis\u00e4lt\u00e4v\u00e4 tilaus luovutetaan vain yli 18 vuotta vanhoille henkil\u00f6ille.<\/p>\n<p>4.4.6 Jos tilauksen toimittaminen ep\u00e4onnistuu asiakkaan antamien virheellisten yhteystietojen vuoksi tai asiakas on alle 18 vuotta vanha, asiakkaalle palautetaan h\u00e4nen maksamansa summa v\u00e4hennettyn\u00e4 kuljetuskustannukset mahdollisimman pian, viimeist\u00e4\u00e4n 14 kalenterip\u00e4iv\u00e4n kuluessa.<\/p>\n<p>4.6. Tavaroiden tarkastus<\/p>\n<p>4.6.1. Vastaanottaessaan tavaroita asiakas sitoutuu avaamaan tuotepakkaukset huolellisesti vahingoittamatta pakkauksia ja tuotteita. Jos asiakas on vahingoittanut pakkausta huolimattomuudesta, jos tuotteen pakkaus on vahingoittunut on myyj\u00e4ll\u00e4 oikeus vaatia korvausta vahingoista, jotka aiheutuvat palautettaessa tavaraa. Jos tuotteen pakkausta ei voida avata vahingoittamatta \/ rikkomatta sitten asiakas ei ole vastuussa vahingoittuneesta pakkauksesta.<\/p>\n<p>4.6.2 Jos asiakas havaitsee, ett\u00e4 h\u00e4nelle on l\u00e4hetetty v\u00e4\u00e4r\u00e4 tai viallinen tavara tai tavara on rikki \u00a0on ilmoitettava v\u00e4litt\u00f6m\u00e4sti asiakaspalvelua kliendiinfo@alkostore.ee Puh. +372683 7744<\/p>\n<p>4.6.3. Myyj\u00e4 on vastuussa asiakkaan ostamista tavaroista kuljetuksen aikana. Tavaroiden vastaanottohetkest\u00e4 alkaen tavaroiden vaurioitumis- tai katoamisriski siirtyy asiakkaalle.<\/p>\n<p>4.7 Toimitusehdot juhlap\u00e4ivin\u00e4<\/p>\n<p>4.7.1. Juhlapyhin\u00e4 ja uudenvuodenaattona tehtyjen tilausten toimitusajat saattavat olla pitempi\u00e4 tilausten suuren m\u00e4\u00e4r\u00e4n vuoksi, mutta alkostore.ee pyrkii kaikin tavoin t\u00e4ytt\u00e4m\u00e4\u00e4n kaikki tilaukset ajoissa.<\/p>\n<ol start=\"5\">\n<li>ASIAKKAIDEN HENKIL\u00d6TIETOJEN K\u00c4SITTELY<\/li>\n<\/ol>\n<p>5.1. Myyj\u00e4 k\u00e4sittelee asiakkaan alkostostre.ee verkkokaupassa sy\u00f6tt\u00e4mi\u00e4 henkil\u00f6tietoja (sis. Nimen, puhelinnumeron, osoitteen, s\u00e4hk\u00f6postiosoitteen, puhelimen) ensisijaisesti tilauksen t\u00e4ytt\u00e4miseksi ja tavaroiden toimittamiseksi asiakkaalle myyj\u00e4n tietosuojaehtojen mukaisesti. 5.2. Alkostre.ee verkkokauppaan kirjautuneiden asiakkaiden henkil\u00f6tietoja k\u00e4sitell\u00e4\u00e4n myyj\u00e4n tietosuojaehtojen mukaisesti.<\/p>\n<ol start=\"6\">\n<li>TAVAROIDEN PALAUTTAMINEN JA SOPIMUKSEN PERUUTTAMINEN.<\/li>\n<\/ol>\n<p>6.1. AS Livikolla on oikeus vet\u00e4yty\u00e4 alkostore.ee verkkokaupan kautta tehdyst\u00e4 myyntisopimuksesta ilman seuraamuksia ja olla toimittamatta tilattuja tavaroita seuraavissa tapauksissa:<\/p>\n<p>6.1.1 Jos ostaja on alle 18 vuotta vanha;<\/p>\n<p>6.1.2 Tavarat ovat loppuneet tai toimittajalla on hankintavaikeuksia;<\/p>\n<p>6.1.3.Tavaroiden hinta tai ominaisuudet on esitetty virheellisesti verkkokaupassa j\u00e4rjestelm\u00e4virheen vuoksi;<\/p>\n<p>6.1.4. Tavaroista maksettu summa ei ole tullut perille AS Livikon pankkitilille.<\/p>\n<p>6.2 Jos Liviko ei pysty t\u00e4ytt\u00e4m\u00e4\u00e4n tilausta, ostajaan otetaan yhteytt\u00e4 ja maksettu summa palautetaan, jos ostaja on onnistunut maksamaan ennakkomaksun tavaroista, viimeist\u00e4\u00e4n 14 kalenterip\u00e4iv\u00e4n sis\u00e4ll\u00e4 samalle tilille, jolta osto maksettiin.<\/p>\n<p>6.3. Tavaroiden palautus<\/p>\n<p>6.3.1. Viron tasavallan ja Euroopan unionin lains\u00e4\u00e4d\u00e4nn\u00f6n mukaan kuluttajan oikeus peruuttaa sopimus ja palauttaa tavarat eiv\u00e4t ulotu alkoholijuomiin.<\/p>\n<p>6.3.2 Jos tavara on v\u00e4\u00e4r\u00e4 tai viallinen, sinun on ilmoitettava siit\u00e4 meille heti, kun vastaanotat tavaran s\u00e4hk\u00f6postiosoitteeseen kliendiinfo@alkostore.ee tai soittamalla puhelinnumeroon +372 683 7744 tai myym\u00e4l\u00e4\u00e4n, jossa ostot tehtiin .<\/p>\n<p>Tallinna, Mere pst.6 &#8211; Puh. +372 6837745<\/p>\n<p>Tallinna, Lootsi 8 &#8211; Puh. +372660 5986<\/p>\n<p>Voit vaihtaa v\u00e4\u00e4r\u00e4n tai viallisen tavaran ostokuitin tai laskun perusteella. Palautuskustannukset maksaa Liviko AS.<\/p>\n<p>6.4. Tavaroiden palautus sopimuksen mukaan<\/p>\n<p>6.4.1. Vain avaamattomat ja vahingoittumattomat tuotteet palautetaan. Hyv\u00e4ksymme vain tuotteet, jotka myyd\u00e4\u00e4n laatikossa tai kotelossa sinet\u00f6idyss\u00e4 muodossa. Avoimia olut- ja vodkalaatikoita sek\u00e4 viinipakkauksia ei palauteta. Hyv\u00e4ksymme palautukset 14 p\u00e4iv\u00e4n kuluessa myynnist\u00e4 ostokuitin tai laskun perusteella.<\/p>\n<p>&nbsp;<\/p>\n<ol start=\"8\">\n<li>VAATIMUSTEN ESITT\u00c4MINEN JA VASTUU<\/li>\n<\/ol>\n<p>8.1. Asiakkaalle on suositeltavaa l\u00e4hett\u00e4\u00e4 vaatimus s\u00e4hk\u00f6postitse osoitteeseen kliendiinfo@alkostore.ee. Vaatimuksessa on mainittava asiakkaan nimi ja yhteystiedot, vaatimuksen esitt\u00e4misp\u00e4iv\u00e4, tavaravirhe ja vaatimuksen sis\u00e4lt\u00f6, ja siihen on liitett\u00e4v\u00e4 ostotodistus tai ostoa todistava lasku.<\/p>\n<p>8.2. Myyj\u00e4 ei ole vastuussa mist\u00e4\u00e4n vahingoista tai muista seurauksista, jotka johtuvat asiakkaan tilauksen toteuttamisen aikana antamista virheellisist\u00e4 tiedoista, mukaan lukien toimituksen viiv\u00e4styminen, jos se johtuu myyj\u00e4n hallitsemattomista olosuhteista.<\/p>\n<p>8.3. Myyj\u00e4 ei ole vastuussa vahingoista, jotka aiheutuvat tilattujen tuotteiden v\u00e4\u00e4r\u00e4st\u00e4 k\u00e4yt\u00f6st\u00e4.<\/p>\n<p>8.4. Osapuolet ratkaisevat myyj\u00e4n ja asiakkaan v\u00e4lill\u00e4 syntyv\u00e4t riidat neuvottelujen avulla. Jos sopimusta ei saavuteta, asiakkaalla on oikeus k\u00e4\u00e4nty\u00e4 kuluttajansuoja- ja teknisen valvonnan viranomaisen kuluttajaymp\u00e4rist\u00f6osaston (Pronksi 12 Tallinn 10117, https:\/\/www.ttja.ee) ja kuluttajariitoja k\u00e4sittelev\u00e4n komitean (Pronksi 12) puoleen. Tallinn 10117, http:\/\/www.kiatt.ee) tuomioistuimen ulkopuolella. tai Harjun l\u00e4\u00e4nin tuomioistuimessa. Lis\u00e4ksi kaikille asiakkaille avoin Euroopan unionin s\u00e4hk\u00f6inen ymp\u00e4rist\u00f6 s\u00e4hk\u00f6isten kauppiaiden kanssa tehtyjen valitusten ratkaisemiseksi on ODR (Online Dispute Resolution) -alusta osoitteessa http:\/\/ec.europa.eu\/odr.<\/p>\n<p>&nbsp;<\/p>\n<p>Ehdot ovat voimassa 05.04.2021<\/p>\n","protected":false},"excerpt":{"rendered":"<p>Voimassa 05.04.2021 Yleiset ehdot 1.1. N\u00e4m\u00e4 alkostore.ee verkkokaupan (verkkokauppa) myyntiehdot (ehdot) ovat voimassa ostettaessa alkostore.ee verkkokaupasta osoitteesta https:\/\/www.alkostore.ee. tavaroiden myyj\u00e4 on Liviko AS (myyj\u00e4), osoite Masina 11 Tallinn 10143, rekisterikoodi 10117341, puhelin +372 683 7744, s\u00e4hk\u00f6postiosoite kliendiinfo@alkostore.ee. K\u00e4ytt\u00f6ehdot koskevat kaikkia henkil\u00f6iden (asiakkaan) ja myyj\u00e4n v\u00e4lisi\u00e4 oikeussuhteita, jotka koskevat tavaroiden ostamista &hellip;<\/p>\n","protected":false},"author":3148,"featured_media":0,"parent":0,"menu_order":0,"comment_status":"closed","ping_status":"closed","template":"","meta":{"inline_featured_image":false},"yoast_head":"<!-- This site is optimized with the Yoast SEO plugin v18.2 - https:\/\/yoast.com\/wordpress\/plugins\/seo\/ -->\n<meta name=\"robots\" content=\"index, follow, max-snippet:-1, max-image-preview:large, max-video-preview:-1\" \/>\n<link rel=\"canonical\" href=\"https:\/\/alkostore.ee\/fi\/muugitingimused\/\" \/>\n<meta property=\"og:locale\" content=\"fi_FI\" \/>\n<meta property=\"og:type\" content=\"article\" \/>\n<meta property=\"og:title\" content=\"Myyntiehdot | Alcostore\" \/>\n<meta property=\"og:description\" content=\"Voimassa 05.04.2021 Yleiset ehdot 1.1. N\u00e4m\u00e4 alkostore.ee verkkokaupan (verkkokauppa) myyntiehdot (ehdot) ovat voimassa ostettaessa alkostore.ee verkkokaupasta osoitteesta https:\/\/www.alkostore.ee. tavaroiden myyj\u00e4 on Liviko AS (myyj\u00e4), osoite Masina 11 Tallinn 10143, rekisterikoodi 10117341, puhelin +372 683 7744, s\u00e4hk\u00f6postiosoite kliendiinfo@alkostore.ee. K\u00e4ytt\u00f6ehdot koskevat kaikkia henkil\u00f6iden (asiakkaan) ja myyj\u00e4n v\u00e4lisi\u00e4 oikeussuhteita, jotka koskevat tavaroiden ostamista &hellip;\" \/>\n<meta property=\"og:url\" content=\"https:\/\/alkostore.ee\/fi\/muugitingimused\/\" \/>\n<meta property=\"og:site_name\" content=\"Alcostore\" \/>\n<meta property=\"article:publisher\" content=\"https:\/\/www.facebook.com\/AlcostoreTallinn\" \/>\n<meta property=\"article:modified_time\" content=\"2022-03-23T08:31:30+00:00\" \/>\n<meta name=\"twitter:card\" content=\"summary\" \/>\n<meta name=\"twitter:label1\" content=\"Est. reading time\" \/>\n\t<meta name=\"twitter:data1\" content=\"8 minutes\" \/>\n<script type=\"application\/ld+json\" class=\"yoast-schema-graph\">{\"@context\":\"https:\/\/schema.org\",\"@graph\":[{\"@type\":\"Organization\",\"@id\":\"https:\/\/www.alkostore.ee\/fi\/#organization\",\"name\":\"ALKOSTORE\",\"url\":\"https:\/\/www.alkostore.ee\/fi\/\",\"sameAs\":[\"https:\/\/www.facebook.com\/AlcostoreTallinn\"],\"logo\":{\"@type\":\"ImageObject\",\"@id\":\"https:\/\/www.alkostore.ee\/fi\/#logo\",\"inLanguage\":\"fi\",\"url\":\"https:\/\/alkostore.ee\/wp-content\/uploads\/2021\/09\/liviko-alcostore_2x1.png\",\"contentUrl\":\"https:\/\/alkostore.ee\/wp-content\/uploads\/2021\/09\/liviko-alcostore_2x1.png\",\"width\":352,\"height\":130,\"caption\":\"ALKOSTORE\"},\"image\":{\"@id\":\"https:\/\/www.alkostore.ee\/fi\/#logo\"}},{\"@type\":\"WebSite\",\"@id\":\"https:\/\/www.alkostore.ee\/fi\/#website\",\"url\":\"https:\/\/www.alkostore.ee\/fi\/\",\"name\":\"Alcostore\",\"description\":\"Suurima valikuga alkoholi E-kauplus Eestis\",\"publisher\":{\"@id\":\"https:\/\/www.alkostore.ee\/fi\/#organization\"},\"potentialAction\":[{\"@type\":\"SearchAction\",\"target\":{\"@type\":\"EntryPoint\",\"urlTemplate\":\"https:\/\/www.alkostore.ee\/fi\/?s={search_term_string}\"},\"query-input\":\"required name=search_term_string\"}],\"inLanguage\":\"fi\"},{\"@type\":\"WebPage\",\"@id\":\"https:\/\/alkostore.ee\/fi\/muugitingimused\/#webpage\",\"url\":\"https:\/\/alkostore.ee\/fi\/muugitingimused\/\",\"name\":\"Myyntiehdot | Alcostore\",\"isPartOf\":{\"@id\":\"https:\/\/www.alkostore.ee\/fi\/#website\"},\"datePublished\":\"2021-10-10T17:02:09+00:00\",\"dateModified\":\"2022-03-23T08:31:30+00:00\",\"breadcrumb\":{\"@id\":\"https:\/\/alkostore.ee\/fi\/muugitingimused\/#breadcrumb\"},\"inLanguage\":\"fi\",\"potentialAction\":[{\"@type\":\"ReadAction\",\"target\":[\"https:\/\/alkostore.ee\/fi\/muugitingimused\/\"]}]},{\"@type\":\"BreadcrumbList\",\"@id\":\"https:\/\/alkostore.ee\/fi\/muugitingimused\/#breadcrumb\",\"itemListElement\":[{\"@type\":\"ListItem\",\"position\":1,\"name\":\"Home\",\"item\":\"https:\/\/www.alkostore.ee\/fi\/\"},{\"@type\":\"ListItem\",\"position\":2,\"name\":\"Myyntiehdot\"}]}]}<\/script>\n<!-- \/ Yoast SEO plugin. -->","yoast_head_json":{"robots":{"index":"index","follow":"follow","max-snippet":"max-snippet:-1","max-image-preview":"max-image-preview:large","max-video-preview":"max-video-preview:-1"},"canonical":"https:\/\/alkostore.ee\/fi\/muugitingimused\/","og_locale":"fi_FI","og_type":"article","og_title":"Myyntiehdot | Alcostore","og_description":"Voimassa 05.04.2021 Yleiset ehdot 1.1. N\u00e4m\u00e4 alkostore.ee verkkokaupan (verkkokauppa) myyntiehdot (ehdot) ovat voimassa ostettaessa alkostore.ee verkkokaupasta osoitteesta https:\/\/www.alkostore.ee. tavaroiden myyj\u00e4 on Liviko AS (myyj\u00e4), osoite Masina 11 Tallinn 10143, rekisterikoodi 10117341, puhelin +372 683 7744, s\u00e4hk\u00f6postiosoite kliendiinfo@alkostore.ee. K\u00e4ytt\u00f6ehdot koskevat kaikkia henkil\u00f6iden (asiakkaan) ja myyj\u00e4n v\u00e4lisi\u00e4 oikeussuhteita, jotka koskevat tavaroiden ostamista &hellip;","og_url":"https:\/\/alkostore.ee\/fi\/muugitingimused\/","og_site_name":"Alcostore","article_publisher":"https:\/\/www.facebook.com\/AlcostoreTallinn","article_modified_time":"2022-03-23T08:31:30+00:00","twitter_card":"summary","twitter_misc":{"Est. reading time":"8 minutes"},"schema":{"@context":"https:\/\/schema.org","@graph":[{"@type":"Organization","@id":"https:\/\/www.alkostore.ee\/fi\/#organization","name":"ALKOSTORE","url":"https:\/\/www.alkostore.ee\/fi\/","sameAs":["https:\/\/www.facebook.com\/AlcostoreTallinn"],"logo":{"@type":"ImageObject","@id":"https:\/\/www.alkostore.ee\/fi\/#logo","inLanguage":"fi","url":"https:\/\/alkostore.ee\/wp-content\/uploads\/2021\/09\/liviko-alcostore_2x1.png","contentUrl":"https:\/\/alkostore.ee\/wp-content\/uploads\/2021\/09\/liviko-alcostore_2x1.png","width":352,"height":130,"caption":"ALKOSTORE"},"image":{"@id":"https:\/\/www.alkostore.ee\/fi\/#logo"}},{"@type":"WebSite","@id":"https:\/\/www.alkostore.ee\/fi\/#website","url":"https:\/\/www.alkostore.ee\/fi\/","name":"Alcostore","description":"Suurima valikuga alkoholi E-kauplus Eestis","publisher":{"@id":"https:\/\/www.alkostore.ee\/fi\/#organization"},"potentialAction":[{"@type":"SearchAction","target":{"@type":"EntryPoint","urlTemplate":"https:\/\/www.alkostore.ee\/fi\/?s={search_term_string}"},"query-input":"required name=search_term_string"}],"inLanguage":"fi"},{"@type":"WebPage","@id":"https:\/\/alkostore.ee\/fi\/muugitingimused\/#webpage","url":"https:\/\/alkostore.ee\/fi\/muugitingimused\/","name":"Myyntiehdot | Alcostore","isPartOf":{"@id":"https:\/\/www.alkostore.ee\/fi\/#website"},"datePublished":"2021-10-10T17:02:09+00:00","dateModified":"2022-03-23T08:31:30+00:00","breadcrumb":{"@id":"https:\/\/alkostore.ee\/fi\/muugitingimused\/#breadcrumb"},"inLanguage":"fi","potentialAction":[{"@type":"ReadAction","target":["https:\/\/alkostore.ee\/fi\/muugitingimused\/"]}]},{"@type":"BreadcrumbList","@id":"https:\/\/alkostore.ee\/fi\/muugitingimused\/#breadcrumb","itemListElement":[{"@type":"ListItem","position":1,"name":"Home","item":"https:\/\/www.alkostore.ee\/fi\/"},{"@type":"ListItem","position":2,"name":"Myyntiehdot"}]}]}},"_links":{"self":[{"href":"https:\/\/alkostore.ee\/fi\/wp-json\/wp\/v2\/pages\/11294810"}],"collection":[{"href":"https:\/\/alkostore.ee\/fi\/wp-json\/wp\/v2\/pages"}],"about":[{"href":"https:\/\/alkostore.ee\/fi\/wp-json\/wp\/v2\/types\/page"}],"author":[{"embeddable":true,"href":"https:\/\/alkostore.ee\/fi\/wp-json\/wp\/v2\/users\/3148"}],"replies":[{"embeddable":true,"href":"https:\/\/alkostore.ee\/fi\/wp-json\/wp\/v2\/comments?post=11294810"}],"version-history":[{"count":5,"href":"https:\/\/alkostore.ee\/fi\/wp-json\/wp\/v2\/pages\/11294810\/revisions"}],"predecessor-version":[{"id":11882558,"href":"https:\/\/alkostore.ee\/fi\/wp-json\/wp\/v2\/pages\/11294810\/revisions\/11882558"}],"wp:attachment":[{"href":"https:\/\/alkostore.ee\/fi\/wp-json\/wp\/v2\/media?parent=11294810"}],"curies":[{"name":"wp","href":"https:\/\/api.w.org\/{rel}","templated":true}]}}