{"id":11294792,"date":"2021-10-10T19:35:56","date_gmt":"2021-10-10T16:35:56","guid":{"rendered":"https:\/\/alkostore.ee\/fi\/kliendikaart-ja-soodustus\/"},"modified":"2022-01-29T06:10:00","modified_gmt":"2022-01-29T04:10:00","slug":"kliendikaart-ja-soodustus","status":"publish","type":"page","link":"https:\/\/alkostore.ee\/fi\/kliendikaart-ja-soodustus\/","title":{"rendered":"Kanta-asiakaskortti ja alennus"},"content":{"rendered":"<p>Voit tilata asiakaskortin verkkokaupan kautta t\u00e4ytt\u00e4m\u00e4ll\u00e4 rekister\u00f6inniss\u00e4 vaaditut kent\u00e4t, asiakaskortin tason ja myym\u00e4l\u00e4n osoitteen, josta haluat vastaanottaa asiakaskortin, tai merkitsem\u00e4ll\u00e4 sen tilauksen yhteydess\u00e4 &#8221;Lis\u00e4tietoja&#8221; -kentt\u00e4\u00e4n.<\/p>\n<p>Saat fyysisen asiakaskortin rekister\u00f6innin yhteydess\u00e4 valitsemastasi kaupasta sen j\u00e4lkeen, kun sinulle on l\u00e4hetetty s\u00e4hk\u00f6postitse siit\u00e4 tieto.<\/p>\n<p>HUOM! Jos asiakas ei ole noutanut asiakaskorttia 60 p\u00e4iv\u00e4n kuluessa, h\u00e4nen korttinsa peruutetaan ja tili poistetaan.<\/p>\n<p>Kaikki asiakaskortin alennukset koskevat sinua my\u00f6s alkostore.ee-verkkokaupassa. Alennuksen saamiseksi kirjaudu sis\u00e4\u00e4n ymp\u00e4rist\u00f6\u00f6n ja asiakaskortin edut koskevat sinua alkostore.ee-verkkokaupassa:<\/p>\n<p>HUOM! Asiakaskortti-alennus ei koske tupakkaa ja myynninedist\u00e4mistuotteita.<\/p>\n<ul>\n<li>Taso I saa aina 3%: n pysyv\u00e4n alennuksen<\/li>\n<li>Taso II saat aina 5%: n pysyv\u00e4n alennuksen ostoista, jos ostosumma ylitt\u00e4\u00e4 20 euroa.<\/li>\n<li>Kirjautumalla sis\u00e4\u00e4n voit tehd\u00e4 tilauksia nopeasti ja helposti, koska tietosi on jo tallennettu j\u00e4rjestelm\u00e4\u00e4n.<\/li>\n<li>sulje ja poista tarvittaessa tili.<\/li>\n<\/ul>\n","protected":false},"excerpt":{"rendered":"<p>Voit tilata asiakaskortin verkkokaupan kautta t\u00e4ytt\u00e4m\u00e4ll\u00e4 rekister\u00f6inniss\u00e4 vaaditut kent\u00e4t, asiakaskortin tason ja myym\u00e4l\u00e4n osoitteen, josta haluat vastaanottaa asiakaskortin, tai merkitsem\u00e4ll\u00e4 sen tilauksen yhteydess\u00e4 &#8221;Lis\u00e4tietoja&#8221; -kentt\u00e4\u00e4n. Saat fyysisen asiakaskortin rekister\u00f6innin yhteydess\u00e4 valitsemastasi kaupasta sen j\u00e4lkeen, kun sinulle on l\u00e4hetetty s\u00e4hk\u00f6postitse siit\u00e4 tieto. HUOM! Jos asiakas ei ole noutanut asiakaskorttia 60 p\u00e4iv\u00e4n &hellip;<\/p>\n","protected":false},"author":3148,"featured_media":0,"parent":0,"menu_order":0,"comment_status":"closed","ping_status":"closed","template":"","meta":{"inline_featured_image":false},"yoast_head":"<!-- This site is optimized with the Yoast SEO plugin v18.2 - https:\/\/yoast.com\/wordpress\/plugins\/seo\/ -->\n<meta name=\"robots\" content=\"index, follow, max-snippet:-1, max-image-preview:large, max-video-preview:-1\" \/>\n<link rel=\"canonical\" href=\"https:\/\/alkostore.ee\/fi\/kliendikaart-ja-soodustus\/\" \/>\n<meta property=\"og:locale\" content=\"fi_FI\" \/>\n<meta property=\"og:type\" content=\"article\" \/>\n<meta property=\"og:title\" content=\"Kanta-asiakaskortti ja alennus | Alcostore\" \/>\n<meta property=\"og:description\" content=\"Voit tilata asiakaskortin verkkokaupan kautta t\u00e4ytt\u00e4m\u00e4ll\u00e4 rekister\u00f6inniss\u00e4 vaaditut kent\u00e4t, asiakaskortin tason ja myym\u00e4l\u00e4n osoitteen, josta haluat vastaanottaa asiakaskortin, tai merkitsem\u00e4ll\u00e4 sen tilauksen yhteydess\u00e4 &#8221;Lis\u00e4tietoja&#8221; -kentt\u00e4\u00e4n. Saat fyysisen asiakaskortin rekister\u00f6innin yhteydess\u00e4 valitsemastasi kaupasta sen j\u00e4lkeen, kun sinulle on l\u00e4hetetty s\u00e4hk\u00f6postitse siit\u00e4 tieto. HUOM! Jos asiakas ei ole noutanut asiakaskorttia 60 p\u00e4iv\u00e4n &hellip;\" \/>\n<meta property=\"og:url\" content=\"https:\/\/alkostore.ee\/fi\/kliendikaart-ja-soodustus\/\" \/>\n<meta property=\"og:site_name\" content=\"Alcostore\" \/>\n<meta property=\"article:publisher\" content=\"https:\/\/www.facebook.com\/AlcostoreTallinn\" \/>\n<meta property=\"article:modified_time\" content=\"2022-01-29T04:10:00+00:00\" \/>\n<meta name=\"twitter:card\" content=\"summary\" \/>\n<meta name=\"twitter:label1\" content=\"Est. reading time\" \/>\n\t<meta name=\"twitter:data1\" content=\"1 minute\" \/>\n<script type=\"application\/ld+json\" class=\"yoast-schema-graph\">{\"@context\":\"https:\/\/schema.org\",\"@graph\":[{\"@type\":\"Organization\",\"@id\":\"https:\/\/www.alkostore.ee\/fi\/#organization\",\"name\":\"ALKOSTORE\",\"url\":\"https:\/\/www.alkostore.ee\/fi\/\",\"sameAs\":[\"https:\/\/www.facebook.com\/AlcostoreTallinn\"],\"logo\":{\"@type\":\"ImageObject\",\"@id\":\"https:\/\/www.alkostore.ee\/fi\/#logo\",\"inLanguage\":\"fi\",\"url\":\"https:\/\/alkostore.ee\/wp-content\/uploads\/2021\/09\/liviko-alcostore_2x1.png\",\"contentUrl\":\"https:\/\/alkostore.ee\/wp-content\/uploads\/2021\/09\/liviko-alcostore_2x1.png\",\"width\":352,\"height\":130,\"caption\":\"ALKOSTORE\"},\"image\":{\"@id\":\"https:\/\/www.alkostore.ee\/fi\/#logo\"}},{\"@type\":\"WebSite\",\"@id\":\"https:\/\/www.alkostore.ee\/fi\/#website\",\"url\":\"https:\/\/www.alkostore.ee\/fi\/\",\"name\":\"Alcostore\",\"description\":\"Suurima valikuga alkoholi E-kauplus Eestis\",\"publisher\":{\"@id\":\"https:\/\/www.alkostore.ee\/fi\/#organization\"},\"potentialAction\":[{\"@type\":\"SearchAction\",\"target\":{\"@type\":\"EntryPoint\",\"urlTemplate\":\"https:\/\/www.alkostore.ee\/fi\/?s={search_term_string}\"},\"query-input\":\"required name=search_term_string\"}],\"inLanguage\":\"fi\"},{\"@type\":\"WebPage\",\"@id\":\"https:\/\/alkostore.ee\/fi\/kliendikaart-ja-soodustus\/#webpage\",\"url\":\"https:\/\/alkostore.ee\/fi\/kliendikaart-ja-soodustus\/\",\"name\":\"Kanta-asiakaskortti ja alennus | Alcostore\",\"isPartOf\":{\"@id\":\"https:\/\/www.alkostore.ee\/fi\/#website\"},\"datePublished\":\"2021-10-10T16:35:56+00:00\",\"dateModified\":\"2022-01-29T04:10:00+00:00\",\"breadcrumb\":{\"@id\":\"https:\/\/alkostore.ee\/fi\/kliendikaart-ja-soodustus\/#breadcrumb\"},\"inLanguage\":\"fi\",\"potentialAction\":[{\"@type\":\"ReadAction\",\"target\":[\"https:\/\/alkostore.ee\/fi\/kliendikaart-ja-soodustus\/\"]}]},{\"@type\":\"BreadcrumbList\",\"@id\":\"https:\/\/alkostore.ee\/fi\/kliendikaart-ja-soodustus\/#breadcrumb\",\"itemListElement\":[{\"@type\":\"ListItem\",\"position\":1,\"name\":\"Home\",\"item\":\"https:\/\/www.alkostore.ee\/fi\/\"},{\"@type\":\"ListItem\",\"position\":2,\"name\":\"Kanta-asiakaskortti ja alennus\"}]}]}<\/script>\n<!-- \/ Yoast SEO plugin. -->","yoast_head_json":{"robots":{"index":"index","follow":"follow","max-snippet":"max-snippet:-1","max-image-preview":"max-image-preview:large","max-video-preview":"max-video-preview:-1"},"canonical":"https:\/\/alkostore.ee\/fi\/kliendikaart-ja-soodustus\/","og_locale":"fi_FI","og_type":"article","og_title":"Kanta-asiakaskortti ja alennus | Alcostore","og_description":"Voit tilata asiakaskortin verkkokaupan kautta t\u00e4ytt\u00e4m\u00e4ll\u00e4 rekister\u00f6inniss\u00e4 vaaditut kent\u00e4t, asiakaskortin tason ja myym\u00e4l\u00e4n osoitteen, josta haluat vastaanottaa asiakaskortin, tai merkitsem\u00e4ll\u00e4 sen tilauksen yhteydess\u00e4 &#8221;Lis\u00e4tietoja&#8221; -kentt\u00e4\u00e4n. Saat fyysisen asiakaskortin rekister\u00f6innin yhteydess\u00e4 valitsemastasi kaupasta sen j\u00e4lkeen, kun sinulle on l\u00e4hetetty s\u00e4hk\u00f6postitse siit\u00e4 tieto. HUOM! Jos asiakas ei ole noutanut asiakaskorttia 60 p\u00e4iv\u00e4n &hellip;","og_url":"https:\/\/alkostore.ee\/fi\/kliendikaart-ja-soodustus\/","og_site_name":"Alcostore","article_publisher":"https:\/\/www.facebook.com\/AlcostoreTallinn","article_modified_time":"2022-01-29T04:10:00+00:00","twitter_card":"summary","twitter_misc":{"Est. reading time":"1 minute"},"schema":{"@context":"https:\/\/schema.org","@graph":[{"@type":"Organization","@id":"https:\/\/www.alkostore.ee\/fi\/#organization","name":"ALKOSTORE","url":"https:\/\/www.alkostore.ee\/fi\/","sameAs":["https:\/\/www.facebook.com\/AlcostoreTallinn"],"logo":{"@type":"ImageObject","@id":"https:\/\/www.alkostore.ee\/fi\/#logo","inLanguage":"fi","url":"https:\/\/alkostore.ee\/wp-content\/uploads\/2021\/09\/liviko-alcostore_2x1.png","contentUrl":"https:\/\/alkostore.ee\/wp-content\/uploads\/2021\/09\/liviko-alcostore_2x1.png","width":352,"height":130,"caption":"ALKOSTORE"},"image":{"@id":"https:\/\/www.alkostore.ee\/fi\/#logo"}},{"@type":"WebSite","@id":"https:\/\/www.alkostore.ee\/fi\/#website","url":"https:\/\/www.alkostore.ee\/fi\/","name":"Alcostore","description":"Suurima valikuga alkoholi E-kauplus Eestis","publisher":{"@id":"https:\/\/www.alkostore.ee\/fi\/#organization"},"potentialAction":[{"@type":"SearchAction","target":{"@type":"EntryPoint","urlTemplate":"https:\/\/www.alkostore.ee\/fi\/?s={search_term_string}"},"query-input":"required name=search_term_string"}],"inLanguage":"fi"},{"@type":"WebPage","@id":"https:\/\/alkostore.ee\/fi\/kliendikaart-ja-soodustus\/#webpage","url":"https:\/\/alkostore.ee\/fi\/kliendikaart-ja-soodustus\/","name":"Kanta-asiakaskortti ja alennus | Alcostore","isPartOf":{"@id":"https:\/\/www.alkostore.ee\/fi\/#website"},"datePublished":"2021-10-10T16:35:56+00:00","dateModified":"2022-01-29T04:10:00+00:00","breadcrumb":{"@id":"https:\/\/alkostore.ee\/fi\/kliendikaart-ja-soodustus\/#breadcrumb"},"inLanguage":"fi","potentialAction":[{"@type":"ReadAction","target":["https:\/\/alkostore.ee\/fi\/kliendikaart-ja-soodustus\/"]}]},{"@type":"BreadcrumbList","@id":"https:\/\/alkostore.ee\/fi\/kliendikaart-ja-soodustus\/#breadcrumb","itemListElement":[{"@type":"ListItem","position":1,"name":"Home","item":"https:\/\/www.alkostore.ee\/fi\/"},{"@type":"ListItem","position":2,"name":"Kanta-asiakaskortti ja alennus"}]}]}},"_links":{"self":[{"href":"https:\/\/alkostore.ee\/fi\/wp-json\/wp\/v2\/pages\/11294792"}],"collection":[{"href":"https:\/\/alkostore.ee\/fi\/wp-json\/wp\/v2\/pages"}],"about":[{"href":"https:\/\/alkostore.ee\/fi\/wp-json\/wp\/v2\/types\/page"}],"author":[{"embeddable":true,"href":"https:\/\/alkostore.ee\/fi\/wp-json\/wp\/v2\/users\/3148"}],"replies":[{"embeddable":true,"href":"https:\/\/alkostore.ee\/fi\/wp-json\/wp\/v2\/comments?post=11294792"}],"version-history":[{"count":3,"href":"https:\/\/alkostore.ee\/fi\/wp-json\/wp\/v2\/pages\/11294792\/revisions"}],"predecessor-version":[{"id":11743880,"href":"https:\/\/alkostore.ee\/fi\/wp-json\/wp\/v2\/pages\/11294792\/revisions\/11743880"}],"wp:attachment":[{"href":"https:\/\/alkostore.ee\/fi\/wp-json\/wp\/v2\/media?parent=11294792"}],"curies":[{"name":"wp","href":"https:\/\/api.w.org\/{rel}","templated":true}]}}