{"id":11294784,"date":"2021-10-10T19:32:33","date_gmt":"2021-10-10T16:32:33","guid":{"rendered":"https:\/\/alkostore.ee\/fi\/kaubatagastusoigus\/"},"modified":"2022-01-31T12:18:47","modified_gmt":"2022-01-31T10:18:47","slug":"kaubatagastusoigus","status":"publish","type":"page","link":"https:\/\/alkostore.ee\/fi\/kaubatagastusoigus\/","title":{"rendered":"Oikeus palauttaa tavarat"},"content":{"rendered":"<p>Viron tasavallan ja Euroopan unionin lains\u00e4\u00e4d\u00e4nn\u00f6n mukaan kuluttajan oikeus peruuttaa sopimus ja palauttaa tavarat eiv\u00e4t ulotu alkoholijuomiin.<\/p>\n<p>Jos tavarat ovat virheellisi\u00e4 tai viallisia, sinun on ilmoitettava asiasta meille heti, kun vastaanotat tavarat s\u00e4hk\u00f6postiosoitteeseen kliendiinfo@alkostore.ee tai soittamalla kaupan yhteyshenkil\u00f6n puhelinnumeroon, jossa ostos tehtiin.<\/p>\n<p>Tallinna, Mere pst.6 &#8211; Puh. +372 6837745<\/p>\n<p>Tallinna, Lootsi 8 &#8211; Puh. +372660 5986<\/p>\n<p>Voit vaihtaa v\u00e4\u00e4r\u00e4n tai viallisen tavaran ostokuitin tai laskun perusteella. Palautuskustannukset maksaa Alcostore.<\/p>\n<p>Tavaroiden palautus sopimuksen mukaan.<\/p>\n<p>Ainoastaan \u200b\u200btilaukset, joista asiakas tiedottaa kirjallisesti toista osapuolta, palautetaan. Vain avaamattomat ja vahingoittumattomat tuotteet palautetaan. Hyv\u00e4ksymme vain tuotteet, jotka myyd\u00e4\u00e4n laatikossa tai kotelossa avaamattomassa muodossa. Avoimia olut- ja vodkalaatikoita sek\u00e4 viinipakkauksia ei saa palauttaa. Hyv\u00e4ksymme palautukset 14 kalenterip\u00e4iv\u00e4n sis\u00e4ll\u00e4 myyntihetkest\u00e4 ostokuitin tai laskun perusteella.<\/p>\n","protected":false},"excerpt":{"rendered":"<p>Viron tasavallan ja Euroopan unionin lains\u00e4\u00e4d\u00e4nn\u00f6n mukaan kuluttajan oikeus peruuttaa sopimus ja palauttaa tavarat eiv\u00e4t ulotu alkoholijuomiin. Jos tavarat ovat virheellisi\u00e4 tai viallisia, sinun on ilmoitettava asiasta meille heti, kun vastaanotat tavarat s\u00e4hk\u00f6postiosoitteeseen kliendiinfo@alkostore.ee tai soittamalla kaupan yhteyshenkil\u00f6n puhelinnumeroon, jossa ostos tehtiin. Tallinna, Mere pst.6 &#8211; Puh. +372 6837745 Tallinna, &hellip;<\/p>\n","protected":false},"author":3148,"featured_media":0,"parent":0,"menu_order":0,"comment_status":"closed","ping_status":"closed","template":"","meta":{"inline_featured_image":false},"yoast_head":"<!-- This site is optimized with the Yoast SEO plugin v18.2 - https:\/\/yoast.com\/wordpress\/plugins\/seo\/ -->\n<meta name=\"robots\" content=\"index, follow, max-snippet:-1, max-image-preview:large, max-video-preview:-1\" \/>\n<link rel=\"canonical\" href=\"https:\/\/alkostore.ee\/fi\/kaubatagastusoigus\/\" \/>\n<meta property=\"og:locale\" content=\"fi_FI\" \/>\n<meta property=\"og:type\" content=\"article\" \/>\n<meta property=\"og:title\" content=\"Oikeus palauttaa tavarat | Alcostore\" \/>\n<meta property=\"og:description\" content=\"Viron tasavallan ja Euroopan unionin lains\u00e4\u00e4d\u00e4nn\u00f6n mukaan kuluttajan oikeus peruuttaa sopimus ja palauttaa tavarat eiv\u00e4t ulotu alkoholijuomiin. Jos tavarat ovat virheellisi\u00e4 tai viallisia, sinun on ilmoitettava asiasta meille heti, kun vastaanotat tavarat s\u00e4hk\u00f6postiosoitteeseen kliendiinfo@alkostore.ee tai soittamalla kaupan yhteyshenkil\u00f6n puhelinnumeroon, jossa ostos tehtiin. Tallinna, Mere pst.6 &#8211; Puh. +372 6837745 Tallinna, &hellip;\" \/>\n<meta property=\"og:url\" content=\"https:\/\/alkostore.ee\/fi\/kaubatagastusoigus\/\" \/>\n<meta property=\"og:site_name\" content=\"Alcostore\" \/>\n<meta property=\"article:publisher\" content=\"https:\/\/www.facebook.com\/AlcostoreTallinn\" \/>\n<meta property=\"article:modified_time\" content=\"2022-01-31T10:18:47+00:00\" \/>\n<meta name=\"twitter:card\" content=\"summary\" \/>\n<meta name=\"twitter:label1\" content=\"Est. reading time\" \/>\n\t<meta name=\"twitter:data1\" content=\"1 minute\" \/>\n<script type=\"application\/ld+json\" class=\"yoast-schema-graph\">{\"@context\":\"https:\/\/schema.org\",\"@graph\":[{\"@type\":\"Organization\",\"@id\":\"https:\/\/www.alkostore.ee\/fi\/#organization\",\"name\":\"ALKOSTORE\",\"url\":\"https:\/\/www.alkostore.ee\/fi\/\",\"sameAs\":[\"https:\/\/www.facebook.com\/AlcostoreTallinn\"],\"logo\":{\"@type\":\"ImageObject\",\"@id\":\"https:\/\/www.alkostore.ee\/fi\/#logo\",\"inLanguage\":\"fi\",\"url\":\"https:\/\/alkostore.ee\/wp-content\/uploads\/2021\/09\/liviko-alcostore_2x1.png\",\"contentUrl\":\"https:\/\/alkostore.ee\/wp-content\/uploads\/2021\/09\/liviko-alcostore_2x1.png\",\"width\":352,\"height\":130,\"caption\":\"ALKOSTORE\"},\"image\":{\"@id\":\"https:\/\/www.alkostore.ee\/fi\/#logo\"}},{\"@type\":\"WebSite\",\"@id\":\"https:\/\/www.alkostore.ee\/fi\/#website\",\"url\":\"https:\/\/www.alkostore.ee\/fi\/\",\"name\":\"Alcostore\",\"description\":\"Suurima valikuga alkoholi E-kauplus Eestis\",\"publisher\":{\"@id\":\"https:\/\/www.alkostore.ee\/fi\/#organization\"},\"potentialAction\":[{\"@type\":\"SearchAction\",\"target\":{\"@type\":\"EntryPoint\",\"urlTemplate\":\"https:\/\/www.alkostore.ee\/fi\/?s={search_term_string}\"},\"query-input\":\"required name=search_term_string\"}],\"inLanguage\":\"fi\"},{\"@type\":\"WebPage\",\"@id\":\"https:\/\/alkostore.ee\/fi\/kaubatagastusoigus\/#webpage\",\"url\":\"https:\/\/alkostore.ee\/fi\/kaubatagastusoigus\/\",\"name\":\"Oikeus palauttaa tavarat | Alcostore\",\"isPartOf\":{\"@id\":\"https:\/\/www.alkostore.ee\/fi\/#website\"},\"datePublished\":\"2021-10-10T16:32:33+00:00\",\"dateModified\":\"2022-01-31T10:18:47+00:00\",\"breadcrumb\":{\"@id\":\"https:\/\/alkostore.ee\/fi\/kaubatagastusoigus\/#breadcrumb\"},\"inLanguage\":\"fi\",\"potentialAction\":[{\"@type\":\"ReadAction\",\"target\":[\"https:\/\/alkostore.ee\/fi\/kaubatagastusoigus\/\"]}]},{\"@type\":\"BreadcrumbList\",\"@id\":\"https:\/\/alkostore.ee\/fi\/kaubatagastusoigus\/#breadcrumb\",\"itemListElement\":[{\"@type\":\"ListItem\",\"position\":1,\"name\":\"Home\",\"item\":\"https:\/\/www.alkostore.ee\/fi\/\"},{\"@type\":\"ListItem\",\"position\":2,\"name\":\"Oikeus palauttaa tavarat\"}]}]}<\/script>\n<!-- \/ Yoast SEO plugin. -->","yoast_head_json":{"robots":{"index":"index","follow":"follow","max-snippet":"max-snippet:-1","max-image-preview":"max-image-preview:large","max-video-preview":"max-video-preview:-1"},"canonical":"https:\/\/alkostore.ee\/fi\/kaubatagastusoigus\/","og_locale":"fi_FI","og_type":"article","og_title":"Oikeus palauttaa tavarat | Alcostore","og_description":"Viron tasavallan ja Euroopan unionin lains\u00e4\u00e4d\u00e4nn\u00f6n mukaan kuluttajan oikeus peruuttaa sopimus ja palauttaa tavarat eiv\u00e4t ulotu alkoholijuomiin. Jos tavarat ovat virheellisi\u00e4 tai viallisia, sinun on ilmoitettava asiasta meille heti, kun vastaanotat tavarat s\u00e4hk\u00f6postiosoitteeseen kliendiinfo@alkostore.ee tai soittamalla kaupan yhteyshenkil\u00f6n puhelinnumeroon, jossa ostos tehtiin. Tallinna, Mere pst.6 &#8211; Puh. +372 6837745 Tallinna, &hellip;","og_url":"https:\/\/alkostore.ee\/fi\/kaubatagastusoigus\/","og_site_name":"Alcostore","article_publisher":"https:\/\/www.facebook.com\/AlcostoreTallinn","article_modified_time":"2022-01-31T10:18:47+00:00","twitter_card":"summary","twitter_misc":{"Est. reading time":"1 minute"},"schema":{"@context":"https:\/\/schema.org","@graph":[{"@type":"Organization","@id":"https:\/\/www.alkostore.ee\/fi\/#organization","name":"ALKOSTORE","url":"https:\/\/www.alkostore.ee\/fi\/","sameAs":["https:\/\/www.facebook.com\/AlcostoreTallinn"],"logo":{"@type":"ImageObject","@id":"https:\/\/www.alkostore.ee\/fi\/#logo","inLanguage":"fi","url":"https:\/\/alkostore.ee\/wp-content\/uploads\/2021\/09\/liviko-alcostore_2x1.png","contentUrl":"https:\/\/alkostore.ee\/wp-content\/uploads\/2021\/09\/liviko-alcostore_2x1.png","width":352,"height":130,"caption":"ALKOSTORE"},"image":{"@id":"https:\/\/www.alkostore.ee\/fi\/#logo"}},{"@type":"WebSite","@id":"https:\/\/www.alkostore.ee\/fi\/#website","url":"https:\/\/www.alkostore.ee\/fi\/","name":"Alcostore","description":"Suurima valikuga alkoholi E-kauplus Eestis","publisher":{"@id":"https:\/\/www.alkostore.ee\/fi\/#organization"},"potentialAction":[{"@type":"SearchAction","target":{"@type":"EntryPoint","urlTemplate":"https:\/\/www.alkostore.ee\/fi\/?s={search_term_string}"},"query-input":"required name=search_term_string"}],"inLanguage":"fi"},{"@type":"WebPage","@id":"https:\/\/alkostore.ee\/fi\/kaubatagastusoigus\/#webpage","url":"https:\/\/alkostore.ee\/fi\/kaubatagastusoigus\/","name":"Oikeus palauttaa tavarat | Alcostore","isPartOf":{"@id":"https:\/\/www.alkostore.ee\/fi\/#website"},"datePublished":"2021-10-10T16:32:33+00:00","dateModified":"2022-01-31T10:18:47+00:00","breadcrumb":{"@id":"https:\/\/alkostore.ee\/fi\/kaubatagastusoigus\/#breadcrumb"},"inLanguage":"fi","potentialAction":[{"@type":"ReadAction","target":["https:\/\/alkostore.ee\/fi\/kaubatagastusoigus\/"]}]},{"@type":"BreadcrumbList","@id":"https:\/\/alkostore.ee\/fi\/kaubatagastusoigus\/#breadcrumb","itemListElement":[{"@type":"ListItem","position":1,"name":"Home","item":"https:\/\/www.alkostore.ee\/fi\/"},{"@type":"ListItem","position":2,"name":"Oikeus palauttaa tavarat"}]}]}},"_links":{"self":[{"href":"https:\/\/alkostore.ee\/fi\/wp-json\/wp\/v2\/pages\/11294784"}],"collection":[{"href":"https:\/\/alkostore.ee\/fi\/wp-json\/wp\/v2\/pages"}],"about":[{"href":"https:\/\/alkostore.ee\/fi\/wp-json\/wp\/v2\/types\/page"}],"author":[{"embeddable":true,"href":"https:\/\/alkostore.ee\/fi\/wp-json\/wp\/v2\/users\/3148"}],"replies":[{"embeddable":true,"href":"https:\/\/alkostore.ee\/fi\/wp-json\/wp\/v2\/comments?post=11294784"}],"version-history":[{"count":3,"href":"https:\/\/alkostore.ee\/fi\/wp-json\/wp\/v2\/pages\/11294784\/revisions"}],"predecessor-version":[{"id":11749282,"href":"https:\/\/alkostore.ee\/fi\/wp-json\/wp\/v2\/pages\/11294784\/revisions\/11749282"}],"wp:attachment":[{"href":"https:\/\/alkostore.ee\/fi\/wp-json\/wp\/v2\/media?parent=11294784"}],"curies":[{"name":"wp","href":"https:\/\/api.w.org\/{rel}","templated":true}]}}