{"id":11294775,"date":"2021-10-10T19:28:07","date_gmt":"2021-10-10T16:28:07","guid":{"rendered":"https:\/\/alkostore.ee\/fi\/kohale-toimetamise-ja-kattesaamise-viisid\/"},"modified":"2023-03-03T17:26:22","modified_gmt":"2023-03-03T15:26:22","slug":"kohale-toimetamise-ja-kattesaamise-viisid","status":"publish","type":"page","link":"https:\/\/alkostore.ee\/fi\/kohale-toimetamise-ja-kattesaamise-viisid\/","title":{"rendered":"Tilauksien toimitus ja vastaanotto"},"content":{"rendered":"<p>Tilaamalla Alkostosre.ee-verkkokaupasta voit noutaa tavarat itse kaupasta tai Drive-in-palvelusta, tilata tavarat SmartPost-pakettiautomaattiin tai k\u00e4ytt\u00e4\u00e4 toimitusta kuriiripalvelun kautta.<\/p>\n<p>Noudan tavarat itse kaupasta.<\/p>\n<p>Voit noutaa tavarat seuraavista kaupoista:<\/p>\n<p>Tallinna, Lootsi 8 -myym\u00e4l\u00e4 &#8211; Voit noutaa klo 10.00-20.00<\/p>\n<p>Tallinna, Mere pst.6 &#8211; Voit noutaa klo 10.00-20.00<\/p>\n<p>Ostetut tavarat toimitetaan viimeist\u00e4\u00e4n 3 ty\u00f6p\u00e4iv\u00e4n kuluessa, mutta jos olemme ker\u00e4nneet tilauksen aikaisemmin, l\u00e4het\u00e4mme ilmoituksen s\u00e4hk\u00f6postitse tai soitamme sinulle, jos olet antanut puhelinnumeron. Tilaukseen ei lis\u00e4t\u00e4 pakkauskuluja.<\/p>\n<p>Tilatut tuotteet vastaanotetaan myym\u00e4l\u00f6iden aukioloaikoina tilausnumeron esitt\u00e4misen j\u00e4lkeen, ja tavarat luovutetaan vain yli 18-vuotiaille. Noudan tavarat itse k\u00e4ytt\u00e4m\u00e4ll\u00e4 Drive-in\u00a0 palvelua.<\/p>\n<p>Drive-in on auki seuraavina aikoina:<\/p>\n<p>Tallinna, Mere pst.6 &#8211; klo 10.00-20.00<\/p>\n<p>Saatuasi tilauksen ker\u00e4\u00e4misvahvistuksen aja auto rakennuksen takana olevalle Drive &#8211; in &#8211; alueelle, Mere pst.6. Paina painiketta ja sano tilausnumero. Asiakaspalvelu tuo tilauksesi autoon.<\/p>\n<p>Voit maksaa tuotteista my\u00f6s paikan p\u00e4\u00e4ll\u00e4 kortilla poistumatta autosta.<\/p>\n<p>Jos asiakas ei noutaa tavaroita 7 kalenterip\u00e4iv\u00e4n kuluessa, asiakkaan katsotaan irtisanoutuneen sopimuksesta. Palautamme maksun ostoksesta mahdollisimman pian, mutta viimeist\u00e4\u00e4n 14 kalenterip\u00e4iv\u00e4n sis\u00e4ll\u00e4, samalle tilille, jolta osto maksettiin.<\/p>\n<p>Tilaan tavarat SmartPost-pakettiautomaattiin<\/p>\n<p>Kun tilaat SmartPost-pakettiautomaattiin, hintaan lis\u00e4t\u00e4\u00e4n toimitusmaksu.<\/p>\n<p>Maanantaista torstaihin ostetut tavarat saapuvat pakettiautomaattiin 5 ty\u00f6p\u00e4iv\u00e4n sis\u00e4ll\u00e4\u00a0 ja perjantaista sunnuntaihin ostetut tavarat viimeist\u00e4\u00e4n seuraavana tiistaina. Paketti saapuu Saarenmaan ja Hiidenmaan pakettiautomaatteihin 5 ty\u00f6p\u00e4iv\u00e4n kuluessa. Tarjoamme SmartPost-palvelua vain Viron tasavallan rajoissa.<\/p>\n<p>Asiakkaalle ilmoitetaan tavaroiden saapumisesta pakettiautomaattiin tekstiviestill\u00e4, joka sis\u00e4lt\u00e4\u00e4 ainutlaatuisen koodin oven avaamiseksi. Ohjeet koodin k\u00e4ytt\u00f6\u00f6n ja pakettilokeron avaamiseen l\u00f6ytyv\u00e4t pakettiautomaatin kosketusn\u00e4yt\u00f6lt\u00e4.<\/p>\n<p>Alkoholijuomatilausten yhteydess\u00e4 tavaroita saa hakea \u200b\u200bpakettiautomaatista klo 10.00\u201322.00 (tai myyntiautomaatin sulkemisajankohtaan saakka, jos paikka on suljettu ennen klo 22.00). Ovikoodin lis\u00e4ksi tarvitaan henkil\u00f6todistus ja PIN-koodi i\u00e4n tunnistamiseksi alkoholituotteita vastaanotettaessa.<\/p>\n<p>Jos asiakas ei poista tavaraa pakettiautomaatista 7 p\u00e4iv\u00e4n kuluessa, asiakkaan katsotaan irtisanoutuneen sopimuksesta. Palautamme tilauksen maksun v\u00e4hennettyn\u00e4 postikulut mahdollisimman pian, mutta viimeist\u00e4\u00e4n 30 kalenterip\u00e4iv\u00e4n sis\u00e4ll\u00e4, samalle tilille, josta osto maksettiin.<\/p>\n<p>K\u00e4yt\u00e4n Jet Express -kuriiripalvelua<\/p>\n<p>Jos valitset ett\u00e4 kuriiri toimittaa tavarat sitten tilaukseen lis\u00e4t\u00e4\u00e4n toimitusmaksu. Maksu riippuu alueesta ja paketin painosta. Kuriirikuljetukset tapahtuvat vain Viron tasavallan rajojen sis\u00e4ll\u00e4.<\/p>\n<p>Tavarat toimitetaan suoraan tilauksessa ilmoitettuun osoitteeseen.<\/p>\n<p>Toimitusaika Viron suurimpiin kaupunkeihin on 1-2 ty\u00f6p\u00e4iv\u00e4\u00e4, maaseudulle 1-2 ty\u00f6p\u00e4iv\u00e4\u00e4 ja saarille 1-3 arkip\u00e4iv\u00e4\u00e4 klo 10.00-17.00.<\/p>\n<p>Tarkka toimitusaika sovitaan kuriirin ja asiakkaan v\u00e4lill\u00e4 ennen tavaroiden toimittamista puhelimitse.<\/p>\n<p>Alkoholijuomia sis\u00e4lt\u00e4v\u00e4t tilaukset luovutetaan vain yli 18-vuotiaille Jos tilauksen toimitus ep\u00e4onnistuu asiakkaan antamien virheellisten yhteystietojen vuoksi tai asiakas on alle 18-vuotias, asiakkaan maksama summa v\u00e4hennettyn\u00e4 kuljetuskustannukset palautetaan mahdollisimman pian, mutta viimeist\u00e4\u00e4n 30 kalenterip\u00e4iv\u00e4n sis\u00e4ll\u00e4 samalle tilille.<\/p>\n","protected":false},"excerpt":{"rendered":"<p>Tilaamalla Alkostosre.ee-verkkokaupasta voit noutaa tavarat itse kaupasta tai Drive-in-palvelusta, tilata tavarat SmartPost-pakettiautomaattiin tai k\u00e4ytt\u00e4\u00e4 toimitusta kuriiripalvelun kautta. Noudan tavarat itse kaupasta. Voit noutaa tavarat seuraavista kaupoista: Tallinna, Lootsi 8 -myym\u00e4l\u00e4 &#8211; Voit noutaa klo 10.00-20.00 Tallinna, Mere pst.6 &#8211; Voit noutaa klo 10.00-20.00 Ostetut tavarat toimitetaan viimeist\u00e4\u00e4n 3 ty\u00f6p\u00e4iv\u00e4n kuluessa, &hellip;<\/p>\n","protected":false},"author":3148,"featured_media":0,"parent":0,"menu_order":0,"comment_status":"closed","ping_status":"closed","template":"","meta":{"inline_featured_image":false},"yoast_head":"<!-- This site is optimized with the Yoast SEO plugin v18.2 - https:\/\/yoast.com\/wordpress\/plugins\/seo\/ -->\n<meta name=\"robots\" content=\"index, follow, max-snippet:-1, max-image-preview:large, max-video-preview:-1\" \/>\n<link rel=\"canonical\" href=\"https:\/\/alkostore.ee\/fi\/kohale-toimetamise-ja-kattesaamise-viisid\/\" \/>\n<meta property=\"og:locale\" content=\"fi_FI\" \/>\n<meta property=\"og:type\" content=\"article\" \/>\n<meta property=\"og:title\" content=\"Tilauksien toimitus ja vastaanotto | Alcostore\" \/>\n<meta property=\"og:description\" content=\"Tilaamalla Alkostosre.ee-verkkokaupasta voit noutaa tavarat itse kaupasta tai Drive-in-palvelusta, tilata tavarat SmartPost-pakettiautomaattiin tai k\u00e4ytt\u00e4\u00e4 toimitusta kuriiripalvelun kautta. Noudan tavarat itse kaupasta. Voit noutaa tavarat seuraavista kaupoista: Tallinna, Lootsi 8 -myym\u00e4l\u00e4 &#8211; Voit noutaa klo 10.00-20.00 Tallinna, Mere pst.6 &#8211; Voit noutaa klo 10.00-20.00 Ostetut tavarat toimitetaan viimeist\u00e4\u00e4n 3 ty\u00f6p\u00e4iv\u00e4n kuluessa, &hellip;\" \/>\n<meta property=\"og:url\" content=\"https:\/\/alkostore.ee\/fi\/kohale-toimetamise-ja-kattesaamise-viisid\/\" \/>\n<meta property=\"og:site_name\" content=\"Alcostore\" \/>\n<meta property=\"article:publisher\" content=\"https:\/\/www.facebook.com\/AlcostoreTallinn\" \/>\n<meta property=\"article:modified_time\" content=\"2023-03-03T15:26:22+00:00\" \/>\n<meta name=\"twitter:card\" content=\"summary\" \/>\n<meta name=\"twitter:label1\" content=\"Est. reading time\" \/>\n\t<meta name=\"twitter:data1\" content=\"3 minutes\" \/>\n<script type=\"application\/ld+json\" class=\"yoast-schema-graph\">{\"@context\":\"https:\/\/schema.org\",\"@graph\":[{\"@type\":\"Organization\",\"@id\":\"https:\/\/www.alkostore.ee\/fi\/#organization\",\"name\":\"ALKOSTORE\",\"url\":\"https:\/\/www.alkostore.ee\/fi\/\",\"sameAs\":[\"https:\/\/www.facebook.com\/AlcostoreTallinn\"],\"logo\":{\"@type\":\"ImageObject\",\"@id\":\"https:\/\/www.alkostore.ee\/fi\/#logo\",\"inLanguage\":\"fi\",\"url\":\"https:\/\/alkostore.ee\/wp-content\/uploads\/2021\/09\/liviko-alcostore_2x1.png\",\"contentUrl\":\"https:\/\/alkostore.ee\/wp-content\/uploads\/2021\/09\/liviko-alcostore_2x1.png\",\"width\":352,\"height\":130,\"caption\":\"ALKOSTORE\"},\"image\":{\"@id\":\"https:\/\/www.alkostore.ee\/fi\/#logo\"}},{\"@type\":\"WebSite\",\"@id\":\"https:\/\/www.alkostore.ee\/fi\/#website\",\"url\":\"https:\/\/www.alkostore.ee\/fi\/\",\"name\":\"Alcostore\",\"description\":\"Suurima valikuga alkoholi E-kauplus Eestis\",\"publisher\":{\"@id\":\"https:\/\/www.alkostore.ee\/fi\/#organization\"},\"potentialAction\":[{\"@type\":\"SearchAction\",\"target\":{\"@type\":\"EntryPoint\",\"urlTemplate\":\"https:\/\/www.alkostore.ee\/fi\/?s={search_term_string}\"},\"query-input\":\"required name=search_term_string\"}],\"inLanguage\":\"fi\"},{\"@type\":\"WebPage\",\"@id\":\"https:\/\/alkostore.ee\/fi\/kohale-toimetamise-ja-kattesaamise-viisid\/#webpage\",\"url\":\"https:\/\/alkostore.ee\/fi\/kohale-toimetamise-ja-kattesaamise-viisid\/\",\"name\":\"Tilauksien toimitus ja vastaanotto | Alcostore\",\"isPartOf\":{\"@id\":\"https:\/\/www.alkostore.ee\/fi\/#website\"},\"datePublished\":\"2021-10-10T16:28:07+00:00\",\"dateModified\":\"2023-03-03T15:26:22+00:00\",\"breadcrumb\":{\"@id\":\"https:\/\/alkostore.ee\/fi\/kohale-toimetamise-ja-kattesaamise-viisid\/#breadcrumb\"},\"inLanguage\":\"fi\",\"potentialAction\":[{\"@type\":\"ReadAction\",\"target\":[\"https:\/\/alkostore.ee\/fi\/kohale-toimetamise-ja-kattesaamise-viisid\/\"]}]},{\"@type\":\"BreadcrumbList\",\"@id\":\"https:\/\/alkostore.ee\/fi\/kohale-toimetamise-ja-kattesaamise-viisid\/#breadcrumb\",\"itemListElement\":[{\"@type\":\"ListItem\",\"position\":1,\"name\":\"Home\",\"item\":\"https:\/\/www.alkostore.ee\/fi\/\"},{\"@type\":\"ListItem\",\"position\":2,\"name\":\"Tilauksien toimitus ja vastaanotto\"}]}]}<\/script>\n<!-- \/ Yoast SEO plugin. -->","yoast_head_json":{"robots":{"index":"index","follow":"follow","max-snippet":"max-snippet:-1","max-image-preview":"max-image-preview:large","max-video-preview":"max-video-preview:-1"},"canonical":"https:\/\/alkostore.ee\/fi\/kohale-toimetamise-ja-kattesaamise-viisid\/","og_locale":"fi_FI","og_type":"article","og_title":"Tilauksien toimitus ja vastaanotto | Alcostore","og_description":"Tilaamalla Alkostosre.ee-verkkokaupasta voit noutaa tavarat itse kaupasta tai Drive-in-palvelusta, tilata tavarat SmartPost-pakettiautomaattiin tai k\u00e4ytt\u00e4\u00e4 toimitusta kuriiripalvelun kautta. Noudan tavarat itse kaupasta. Voit noutaa tavarat seuraavista kaupoista: Tallinna, Lootsi 8 -myym\u00e4l\u00e4 &#8211; Voit noutaa klo 10.00-20.00 Tallinna, Mere pst.6 &#8211; Voit noutaa klo 10.00-20.00 Ostetut tavarat toimitetaan viimeist\u00e4\u00e4n 3 ty\u00f6p\u00e4iv\u00e4n kuluessa, &hellip;","og_url":"https:\/\/alkostore.ee\/fi\/kohale-toimetamise-ja-kattesaamise-viisid\/","og_site_name":"Alcostore","article_publisher":"https:\/\/www.facebook.com\/AlcostoreTallinn","article_modified_time":"2023-03-03T15:26:22+00:00","twitter_card":"summary","twitter_misc":{"Est. reading time":"3 minutes"},"schema":{"@context":"https:\/\/schema.org","@graph":[{"@type":"Organization","@id":"https:\/\/www.alkostore.ee\/fi\/#organization","name":"ALKOSTORE","url":"https:\/\/www.alkostore.ee\/fi\/","sameAs":["https:\/\/www.facebook.com\/AlcostoreTallinn"],"logo":{"@type":"ImageObject","@id":"https:\/\/www.alkostore.ee\/fi\/#logo","inLanguage":"fi","url":"https:\/\/alkostore.ee\/wp-content\/uploads\/2021\/09\/liviko-alcostore_2x1.png","contentUrl":"https:\/\/alkostore.ee\/wp-content\/uploads\/2021\/09\/liviko-alcostore_2x1.png","width":352,"height":130,"caption":"ALKOSTORE"},"image":{"@id":"https:\/\/www.alkostore.ee\/fi\/#logo"}},{"@type":"WebSite","@id":"https:\/\/www.alkostore.ee\/fi\/#website","url":"https:\/\/www.alkostore.ee\/fi\/","name":"Alcostore","description":"Suurima valikuga alkoholi E-kauplus Eestis","publisher":{"@id":"https:\/\/www.alkostore.ee\/fi\/#organization"},"potentialAction":[{"@type":"SearchAction","target":{"@type":"EntryPoint","urlTemplate":"https:\/\/www.alkostore.ee\/fi\/?s={search_term_string}"},"query-input":"required name=search_term_string"}],"inLanguage":"fi"},{"@type":"WebPage","@id":"https:\/\/alkostore.ee\/fi\/kohale-toimetamise-ja-kattesaamise-viisid\/#webpage","url":"https:\/\/alkostore.ee\/fi\/kohale-toimetamise-ja-kattesaamise-viisid\/","name":"Tilauksien toimitus ja vastaanotto | Alcostore","isPartOf":{"@id":"https:\/\/www.alkostore.ee\/fi\/#website"},"datePublished":"2021-10-10T16:28:07+00:00","dateModified":"2023-03-03T15:26:22+00:00","breadcrumb":{"@id":"https:\/\/alkostore.ee\/fi\/kohale-toimetamise-ja-kattesaamise-viisid\/#breadcrumb"},"inLanguage":"fi","potentialAction":[{"@type":"ReadAction","target":["https:\/\/alkostore.ee\/fi\/kohale-toimetamise-ja-kattesaamise-viisid\/"]}]},{"@type":"BreadcrumbList","@id":"https:\/\/alkostore.ee\/fi\/kohale-toimetamise-ja-kattesaamise-viisid\/#breadcrumb","itemListElement":[{"@type":"ListItem","position":1,"name":"Home","item":"https:\/\/www.alkostore.ee\/fi\/"},{"@type":"ListItem","position":2,"name":"Tilauksien toimitus ja vastaanotto"}]}]}},"_links":{"self":[{"href":"https:\/\/alkostore.ee\/fi\/wp-json\/wp\/v2\/pages\/11294775"}],"collection":[{"href":"https:\/\/alkostore.ee\/fi\/wp-json\/wp\/v2\/pages"}],"about":[{"href":"https:\/\/alkostore.ee\/fi\/wp-json\/wp\/v2\/types\/page"}],"author":[{"embeddable":true,"href":"https:\/\/alkostore.ee\/fi\/wp-json\/wp\/v2\/users\/3148"}],"replies":[{"embeddable":true,"href":"https:\/\/alkostore.ee\/fi\/wp-json\/wp\/v2\/comments?post=11294775"}],"version-history":[{"count":4,"href":"https:\/\/alkostore.ee\/fi\/wp-json\/wp\/v2\/pages\/11294775\/revisions"}],"predecessor-version":[{"id":12770074,"href":"https:\/\/alkostore.ee\/fi\/wp-json\/wp\/v2\/pages\/11294775\/revisions\/12770074"}],"wp:attachment":[{"href":"https:\/\/alkostore.ee\/fi\/wp-json\/wp\/v2\/media?parent=11294775"}],"curies":[{"name":"wp","href":"https:\/\/api.w.org\/{rel}","templated":true}]}}