{"id":11294767,"date":"2021-10-10T19:12:45","date_gmt":"2021-10-10T16:12:45","guid":{"rendered":"https:\/\/alkostore.ee\/fi\/kuidas-osta-e-poest\/"},"modified":"2022-03-23T10:20:28","modified_gmt":"2022-03-23T08:20:28","slug":"kuidas-osta-e-poest","status":"publish","type":"page","link":"https:\/\/alkostore.ee\/fi\/kuidas-osta-e-poest\/","title":{"rendered":"Miten ostaa verkkokaupasta"},"content":{"rendered":"<p><strong>Tervetuloa\u00a0 alkostore.ee -verkkokauppaan.<\/strong><\/p>\n<p>&nbsp;<\/p>\n<p><strong>Alkostore.ee<\/strong> verkkokaupassamme on yli 3000 tuotetta, erinomainen asiakaspalvelua ja vinkkej\u00e4 juomien ja ruokien sovittamiseen.<\/p>\n<p><strong>\u00a0<\/strong><\/p>\n<p><strong>Alkostore.ee<\/strong> verkkokaupasta ostaminen on nopeaa ja k\u00e4tev\u00e4\u00e4. Voit tarkistaa, verrata ja ostaa tuotteita juuri sinulle sopiviksi. Tuotehaku on helppoa ja voit lajitella hakutulokset eri kriteerien mukaan &#8211; esimerkiksi hinnan, maan tai ruoan sopivuuden mukaan.<\/p>\n<p>&nbsp;<\/p>\n<p>Valittujen tuotteiden paketti toimitetaan kotiisi kuriirilla tai valitsemasi SmartPost-automaattiin. Halutessasi voit my\u00f6s itse noutaa tavarat valitsemastasi myym\u00e4l\u00e4st\u00e4 tai k\u00e4ytt\u00e4\u00e4 Tallinnan Mere pst.6 -kaupan k\u00e4tev\u00e4\u00e4 ja turvallista Drive-in-palvelua.<\/p>\n<p><strong>Drive-in alueella on mahdollista maksaa my\u00f6s kortilla poistumatta autosta.<\/strong><\/p>\n<p><strong>\u00a0<\/strong><\/p>\n<p><strong>K\u00e4tev\u00e4 ostosprosessi.<\/strong><\/p>\n<p>&nbsp;<\/p>\n<p>Kaikki tuotekategoriamme voi suodattaa k\u00e4tev\u00e4sti. Tuoteluokan napsauttaminen avaa pienen luokkasivun, joka sis\u00e4lt\u00e4\u00e4 my\u00f6s suodatinvalikon. Siell\u00e4 voit rajata valintasi k\u00e4tev\u00e4sti. N\u00e4in voit etsi\u00e4 tuotteita, jotka sopivat sinun mieltymyksiin.<\/p>\n<p><strong>Miten ostaa:<\/strong><\/p>\n<p>&nbsp;<\/p>\n<p>L\u00f6yd\u00e4 oikea tuote.<\/p>\n<p>Lis\u00e4\u00e4 tuote ostoskoriin, valitse sopiva m\u00e4\u00e4r\u00e4 ja valitse &#8221;Tilaa&#8221;<\/p>\n<p>Kirjoita s\u00e4hk\u00f6postiosoitteesi, valitse toimitustapa ja t\u00e4yt\u00e4 vaaditut kent\u00e4t.<\/p>\n<p>Valitse maksutapa ja vahvista tilaus.<\/p>\n<p><strong>\u00a0<\/strong><\/p>\n<p><strong>Ostoksista voi maksaa:<\/strong><\/p>\n<p>&nbsp;<\/p>\n<p><strong>Alkostore.ee<\/strong> verkkokaupassamme voit ostaa tuotteita turvallisesti pankkilinkkien kautta tai tehd\u00e4 pankkisiirron laskussa ilmoitetuille tileille.<\/p>\n<p><strong>\u00a0<\/strong><\/p>\n<p><strong>Viron Internet-pankeissa:<\/strong> Swedbank, SEB Pankki, LHV Pank ja Luminor Pank.<\/p>\n<p><strong>\u00a0<\/strong><\/p>\n<p><strong>Suomalaisissa verkkopankeissa:<\/strong> Aktia, \u00c5landin pankki, Danske, Handelsbanken, Nordea, Oma S\u00e4\u00e4st\u00f6pankki, OP, POP Pankki, S-Pankki, S\u00e4\u00e4stopankki<\/p>\n<p>&nbsp;<\/p>\n<p>Voit maksaa my\u00f6s Visa-, MasterCard- ja Maestro-luottokorteilla. Verkkokaupassa tehtyjen ostosten maksutiedot ovat aina suojattuja SSL-suojauksella ja maksut suoritetaan kyseisen palveluntarjoajan suojatuilla palvelimilla.<\/p>\n<p>&nbsp;<\/p>\n<p>Luottokorttimaksuilla on 3-D Secure -palvelu, johon sis\u00e4ltyy henkil\u00f6tunnus Internet-pankissa. Verkkokauppa ei k\u00e4sittele tai tallenna luottokorttitietojasi.<\/p>\n<p>&nbsp;<\/p>\n<p>Kaikkia maksutietoja, mukaan lukien maksulinkkitiedot, v\u00e4litt\u00e4\u00e4 SEB Pankki ja kaikkia suomalaisten internetpankkien maksulinkkitietoja v\u00e4litt\u00e4\u00e4 ESTO AS Rekisteritunnus 14180709 Osoite Laeva 2, 10111, Tallinn, Eesti S\u00e4hk\u00f6posti info@esto.ee Yhteyspuhelin (+372) 622 52 52<\/p>\n","protected":false},"excerpt":{"rendered":"<p>Tervetuloa\u00a0 alkostore.ee -verkkokauppaan. &nbsp; Alkostore.ee verkkokaupassamme on yli 3000 tuotetta, erinomainen asiakaspalvelua ja vinkkej\u00e4 juomien ja ruokien sovittamiseen. \u00a0 Alkostore.ee verkkokaupasta ostaminen on nopeaa ja k\u00e4tev\u00e4\u00e4. Voit tarkistaa, verrata ja ostaa tuotteita juuri sinulle sopiviksi. Tuotehaku on helppoa ja voit lajitella hakutulokset eri kriteerien mukaan &#8211; esimerkiksi hinnan, maan tai &hellip;<\/p>\n","protected":false},"author":3148,"featured_media":0,"parent":0,"menu_order":0,"comment_status":"closed","ping_status":"closed","template":"","meta":{"inline_featured_image":false},"yoast_head":"<!-- This site is optimized with the Yoast SEO plugin v18.2 - https:\/\/yoast.com\/wordpress\/plugins\/seo\/ -->\n<meta name=\"robots\" content=\"index, follow, max-snippet:-1, max-image-preview:large, max-video-preview:-1\" \/>\n<link rel=\"canonical\" href=\"https:\/\/alkostore.ee\/fi\/kuidas-osta-e-poest\/\" \/>\n<meta property=\"og:locale\" content=\"fi_FI\" \/>\n<meta property=\"og:type\" content=\"article\" \/>\n<meta property=\"og:title\" content=\"Miten ostaa verkkokaupasta | Alcostore\" \/>\n<meta property=\"og:description\" content=\"Tervetuloa\u00a0 alkostore.ee -verkkokauppaan. &nbsp; Alkostore.ee verkkokaupassamme on yli 3000 tuotetta, erinomainen asiakaspalvelua ja vinkkej\u00e4 juomien ja ruokien sovittamiseen. \u00a0 Alkostore.ee verkkokaupasta ostaminen on nopeaa ja k\u00e4tev\u00e4\u00e4. Voit tarkistaa, verrata ja ostaa tuotteita juuri sinulle sopiviksi. Tuotehaku on helppoa ja voit lajitella hakutulokset eri kriteerien mukaan &#8211; esimerkiksi hinnan, maan tai &hellip;\" \/>\n<meta property=\"og:url\" content=\"https:\/\/alkostore.ee\/fi\/kuidas-osta-e-poest\/\" \/>\n<meta property=\"og:site_name\" content=\"Alcostore\" \/>\n<meta property=\"article:publisher\" content=\"https:\/\/www.facebook.com\/AlcostoreTallinn\" \/>\n<meta property=\"article:modified_time\" content=\"2022-03-23T08:20:28+00:00\" \/>\n<meta name=\"twitter:card\" content=\"summary\" \/>\n<meta name=\"twitter:label1\" content=\"Est. reading time\" \/>\n\t<meta name=\"twitter:data1\" content=\"2 minutes\" \/>\n<script type=\"application\/ld+json\" class=\"yoast-schema-graph\">{\"@context\":\"https:\/\/schema.org\",\"@graph\":[{\"@type\":\"Organization\",\"@id\":\"https:\/\/www.alkostore.ee\/fi\/#organization\",\"name\":\"ALKOSTORE\",\"url\":\"https:\/\/www.alkostore.ee\/fi\/\",\"sameAs\":[\"https:\/\/www.facebook.com\/AlcostoreTallinn\"],\"logo\":{\"@type\":\"ImageObject\",\"@id\":\"https:\/\/www.alkostore.ee\/fi\/#logo\",\"inLanguage\":\"fi\",\"url\":\"https:\/\/alkostore.ee\/wp-content\/uploads\/2021\/09\/liviko-alcostore_2x1.png\",\"contentUrl\":\"https:\/\/alkostore.ee\/wp-content\/uploads\/2021\/09\/liviko-alcostore_2x1.png\",\"width\":352,\"height\":130,\"caption\":\"ALKOSTORE\"},\"image\":{\"@id\":\"https:\/\/www.alkostore.ee\/fi\/#logo\"}},{\"@type\":\"WebSite\",\"@id\":\"https:\/\/www.alkostore.ee\/fi\/#website\",\"url\":\"https:\/\/www.alkostore.ee\/fi\/\",\"name\":\"Alcostore\",\"description\":\"Suurima valikuga alkoholi E-kauplus Eestis\",\"publisher\":{\"@id\":\"https:\/\/www.alkostore.ee\/fi\/#organization\"},\"potentialAction\":[{\"@type\":\"SearchAction\",\"target\":{\"@type\":\"EntryPoint\",\"urlTemplate\":\"https:\/\/www.alkostore.ee\/fi\/?s={search_term_string}\"},\"query-input\":\"required name=search_term_string\"}],\"inLanguage\":\"fi\"},{\"@type\":\"WebPage\",\"@id\":\"https:\/\/alkostore.ee\/fi\/kuidas-osta-e-poest\/#webpage\",\"url\":\"https:\/\/alkostore.ee\/fi\/kuidas-osta-e-poest\/\",\"name\":\"Miten ostaa verkkokaupasta | Alcostore\",\"isPartOf\":{\"@id\":\"https:\/\/www.alkostore.ee\/fi\/#website\"},\"datePublished\":\"2021-10-10T16:12:45+00:00\",\"dateModified\":\"2022-03-23T08:20:28+00:00\",\"breadcrumb\":{\"@id\":\"https:\/\/alkostore.ee\/fi\/kuidas-osta-e-poest\/#breadcrumb\"},\"inLanguage\":\"fi\",\"potentialAction\":[{\"@type\":\"ReadAction\",\"target\":[\"https:\/\/alkostore.ee\/fi\/kuidas-osta-e-poest\/\"]}]},{\"@type\":\"BreadcrumbList\",\"@id\":\"https:\/\/alkostore.ee\/fi\/kuidas-osta-e-poest\/#breadcrumb\",\"itemListElement\":[{\"@type\":\"ListItem\",\"position\":1,\"name\":\"Home\",\"item\":\"https:\/\/www.alkostore.ee\/fi\/\"},{\"@type\":\"ListItem\",\"position\":2,\"name\":\"Miten ostaa verkkokaupasta\"}]}]}<\/script>\n<!-- \/ Yoast SEO plugin. -->","yoast_head_json":{"robots":{"index":"index","follow":"follow","max-snippet":"max-snippet:-1","max-image-preview":"max-image-preview:large","max-video-preview":"max-video-preview:-1"},"canonical":"https:\/\/alkostore.ee\/fi\/kuidas-osta-e-poest\/","og_locale":"fi_FI","og_type":"article","og_title":"Miten ostaa verkkokaupasta | Alcostore","og_description":"Tervetuloa\u00a0 alkostore.ee -verkkokauppaan. &nbsp; Alkostore.ee verkkokaupassamme on yli 3000 tuotetta, erinomainen asiakaspalvelua ja vinkkej\u00e4 juomien ja ruokien sovittamiseen. \u00a0 Alkostore.ee verkkokaupasta ostaminen on nopeaa ja k\u00e4tev\u00e4\u00e4. Voit tarkistaa, verrata ja ostaa tuotteita juuri sinulle sopiviksi. Tuotehaku on helppoa ja voit lajitella hakutulokset eri kriteerien mukaan &#8211; esimerkiksi hinnan, maan tai &hellip;","og_url":"https:\/\/alkostore.ee\/fi\/kuidas-osta-e-poest\/","og_site_name":"Alcostore","article_publisher":"https:\/\/www.facebook.com\/AlcostoreTallinn","article_modified_time":"2022-03-23T08:20:28+00:00","twitter_card":"summary","twitter_misc":{"Est. reading time":"2 minutes"},"schema":{"@context":"https:\/\/schema.org","@graph":[{"@type":"Organization","@id":"https:\/\/www.alkostore.ee\/fi\/#organization","name":"ALKOSTORE","url":"https:\/\/www.alkostore.ee\/fi\/","sameAs":["https:\/\/www.facebook.com\/AlcostoreTallinn"],"logo":{"@type":"ImageObject","@id":"https:\/\/www.alkostore.ee\/fi\/#logo","inLanguage":"fi","url":"https:\/\/alkostore.ee\/wp-content\/uploads\/2021\/09\/liviko-alcostore_2x1.png","contentUrl":"https:\/\/alkostore.ee\/wp-content\/uploads\/2021\/09\/liviko-alcostore_2x1.png","width":352,"height":130,"caption":"ALKOSTORE"},"image":{"@id":"https:\/\/www.alkostore.ee\/fi\/#logo"}},{"@type":"WebSite","@id":"https:\/\/www.alkostore.ee\/fi\/#website","url":"https:\/\/www.alkostore.ee\/fi\/","name":"Alcostore","description":"Suurima valikuga alkoholi E-kauplus Eestis","publisher":{"@id":"https:\/\/www.alkostore.ee\/fi\/#organization"},"potentialAction":[{"@type":"SearchAction","target":{"@type":"EntryPoint","urlTemplate":"https:\/\/www.alkostore.ee\/fi\/?s={search_term_string}"},"query-input":"required name=search_term_string"}],"inLanguage":"fi"},{"@type":"WebPage","@id":"https:\/\/alkostore.ee\/fi\/kuidas-osta-e-poest\/#webpage","url":"https:\/\/alkostore.ee\/fi\/kuidas-osta-e-poest\/","name":"Miten ostaa verkkokaupasta | Alcostore","isPartOf":{"@id":"https:\/\/www.alkostore.ee\/fi\/#website"},"datePublished":"2021-10-10T16:12:45+00:00","dateModified":"2022-03-23T08:20:28+00:00","breadcrumb":{"@id":"https:\/\/alkostore.ee\/fi\/kuidas-osta-e-poest\/#breadcrumb"},"inLanguage":"fi","potentialAction":[{"@type":"ReadAction","target":["https:\/\/alkostore.ee\/fi\/kuidas-osta-e-poest\/"]}]},{"@type":"BreadcrumbList","@id":"https:\/\/alkostore.ee\/fi\/kuidas-osta-e-poest\/#breadcrumb","itemListElement":[{"@type":"ListItem","position":1,"name":"Home","item":"https:\/\/www.alkostore.ee\/fi\/"},{"@type":"ListItem","position":2,"name":"Miten ostaa verkkokaupasta"}]}]}},"_links":{"self":[{"href":"https:\/\/alkostore.ee\/fi\/wp-json\/wp\/v2\/pages\/11294767"}],"collection":[{"href":"https:\/\/alkostore.ee\/fi\/wp-json\/wp\/v2\/pages"}],"about":[{"href":"https:\/\/alkostore.ee\/fi\/wp-json\/wp\/v2\/types\/page"}],"author":[{"embeddable":true,"href":"https:\/\/alkostore.ee\/fi\/wp-json\/wp\/v2\/users\/3148"}],"replies":[{"embeddable":true,"href":"https:\/\/alkostore.ee\/fi\/wp-json\/wp\/v2\/comments?post=11294767"}],"version-history":[{"count":4,"href":"https:\/\/alkostore.ee\/fi\/wp-json\/wp\/v2\/pages\/11294767\/revisions"}],"predecessor-version":[{"id":11882550,"href":"https:\/\/alkostore.ee\/fi\/wp-json\/wp\/v2\/pages\/11294767\/revisions\/11882550"}],"wp:attachment":[{"href":"https:\/\/alkostore.ee\/fi\/wp-json\/wp\/v2\/media?parent=11294767"}],"curies":[{"name":"wp","href":"https:\/\/api.w.org\/{rel}","templated":true}]}}