{"id":11272432,"date":"2013-07-29T18:02:50","date_gmt":"2013-07-29T15:02:50","guid":{"rendered":"https:\/\/alkostore.ee\/fi\/lostpassword\/"},"modified":"2021-09-25T22:50:59","modified_gmt":"2021-09-25T19:50:59","slug":"lostpassword","status":"publish","type":"page","link":"https:\/\/alkostore.ee\/fi\/lostpassword\/","title":{"rendered":"Unohdin salasanan"},"content":{"rendered":"Logi sisse\n\n<div class=\"login\" id=\"theme-my-login1\">\n    \n    \n    \n    <div class=\"form-float\">\n        <form name=\"loginform\" id=\"loginform1\" action=\"\/fi\/wp-json\/wp\/v2\/pages\/11272432?instance=1\" method=\"post\">\n            <p>\n                <label for=\"user_login1\">K\u00e4ytt\u00e4j\u00e4nimi\r\n<\/label>\n                <input type=\"text\" name=\"log\" id=\"user_login1\" class=\"input\" value=\"\" size=\"20\" \/>\n            <\/p>\n            <p>\n                <label for=\"user_pass1\">Salasana<\/label>\n                <input type=\"password\" name=\"pwd\" id=\"user_pass1\" class=\"input\" value=\"\" size=\"20\" \/>\n            <\/p>\n\n            \n            <p class=\"forgetmenot\">\n                <input name=\"rememberme\" type=\"checkbox\" id=\"rememberme1\" value=\"forever\" \/>\n                <label for=\"rememberme1\">Muista kirjautumistietoni <\/label>\n            <\/p>\n            <p class=\"submit\">\n                <input type=\"submit\" name=\"wp-submit\" id=\"wp-submit1\" value=\"Kirjaudu\" \/>\n                <input type=\"hidden\" name=\"redirect_to\" value=\"https:\/\/alkostore.ee\/wp-admin\/\" \/>\n                <input type=\"hidden\" name=\"instance\" value=\"1\" \/>\n                <input type=\"hidden\" name=\"action\" value=\"login\" \/>\n            <\/p>\n        <\/form>\n        <ul class=\"tml-action-links\">\n<li class=\"pos\"><a href=\"https:\/\/alkostore.ee\/fi\/lostpassword\/\" rel=\"nofollow\">Olen unohtanut salasanani<\/a><\/li>\n<\/ul>\n        <div class=\"sep\"><span><\/span><\/div>\n    <\/div>\n\n    <div class=\"fb-float\">\n                                <\/div>\n<\/div>\n\n\n","protected":false},"excerpt":{"rendered":"Logi sisse K\u00e4ytt\u00e4j\u00e4nimi Salasana Muista kirjautumistietoni Olen unohtanut salasanani","protected":false},"author":2,"featured_media":0,"parent":0,"menu_order":0,"comment_status":"closed","ping_status":"closed","template":"","meta":{"inline_featured_image":false},"yoast_head":"<!-- This site is optimized with the Yoast SEO plugin v18.2 - https:\/\/yoast.com\/wordpress\/plugins\/seo\/ -->\n<meta name=\"robots\" content=\"index, follow, max-snippet:-1, max-image-preview:large, max-video-preview:-1\" \/>\n<link rel=\"canonical\" href=\"https:\/\/alkostore.ee\/fi\/lostpassword\/\" \/>\n<meta property=\"og:locale\" content=\"fi_FI\" \/>\n<meta property=\"og:type\" content=\"article\" \/>\n<meta property=\"og:title\" content=\"Unohdin salasanan | Alcostore\" \/>\n<meta property=\"og:url\" content=\"https:\/\/alkostore.ee\/fi\/lostpassword\/\" \/>\n<meta property=\"og:site_name\" content=\"Alcostore\" \/>\n<meta property=\"article:publisher\" content=\"https:\/\/www.facebook.com\/AlcostoreTallinn\" \/>\n<meta property=\"article:modified_time\" content=\"2021-09-25T19:50:59+00:00\" \/>\n<meta name=\"twitter:card\" content=\"summary\" \/>\n<script type=\"application\/ld+json\" class=\"yoast-schema-graph\">{\"@context\":\"https:\/\/schema.org\",\"@graph\":[{\"@type\":\"Organization\",\"@id\":\"https:\/\/www.alkostore.ee\/fi\/#organization\",\"name\":\"ALKOSTORE\",\"url\":\"https:\/\/www.alkostore.ee\/fi\/\",\"sameAs\":[\"https:\/\/www.facebook.com\/AlcostoreTallinn\"],\"logo\":{\"@type\":\"ImageObject\",\"@id\":\"https:\/\/www.alkostore.ee\/fi\/#logo\",\"inLanguage\":\"fi\",\"url\":\"https:\/\/alkostore.ee\/wp-content\/uploads\/2021\/09\/liviko-alcostore_2x1.png\",\"contentUrl\":\"https:\/\/alkostore.ee\/wp-content\/uploads\/2021\/09\/liviko-alcostore_2x1.png\",\"width\":352,\"height\":130,\"caption\":\"ALKOSTORE\"},\"image\":{\"@id\":\"https:\/\/www.alkostore.ee\/fi\/#logo\"}},{\"@type\":\"WebSite\",\"@id\":\"https:\/\/www.alkostore.ee\/fi\/#website\",\"url\":\"https:\/\/www.alkostore.ee\/fi\/\",\"name\":\"Alcostore\",\"description\":\"Suurima valikuga alkoholi E-kauplus Eestis\",\"publisher\":{\"@id\":\"https:\/\/www.alkostore.ee\/fi\/#organization\"},\"potentialAction\":[{\"@type\":\"SearchAction\",\"target\":{\"@type\":\"EntryPoint\",\"urlTemplate\":\"https:\/\/www.alkostore.ee\/fi\/?s={search_term_string}\"},\"query-input\":\"required name=search_term_string\"}],\"inLanguage\":\"fi\"},{\"@type\":\"WebPage\",\"@id\":\"https:\/\/alkostore.ee\/fi\/lostpassword\/#webpage\",\"url\":\"https:\/\/alkostore.ee\/fi\/lostpassword\/\",\"name\":\"Unohdin salasanan | Alcostore\",\"isPartOf\":{\"@id\":\"https:\/\/www.alkostore.ee\/fi\/#website\"},\"datePublished\":\"2013-07-29T15:02:50+00:00\",\"dateModified\":\"2021-09-25T19:50:59+00:00\",\"breadcrumb\":{\"@id\":\"https:\/\/alkostore.ee\/fi\/lostpassword\/#breadcrumb\"},\"inLanguage\":\"fi\",\"potentialAction\":[{\"@type\":\"ReadAction\",\"target\":[\"https:\/\/alkostore.ee\/fi\/lostpassword\/\"]}]},{\"@type\":\"BreadcrumbList\",\"@id\":\"https:\/\/alkostore.ee\/fi\/lostpassword\/#breadcrumb\",\"itemListElement\":[{\"@type\":\"ListItem\",\"position\":1,\"name\":\"Home\",\"item\":\"https:\/\/www.alkostore.ee\/fi\/\"},{\"@type\":\"ListItem\",\"position\":2,\"name\":\"Unohdin salasanan\"}]}]}<\/script>\n<!-- \/ Yoast SEO plugin. -->","yoast_head_json":{"robots":{"index":"index","follow":"follow","max-snippet":"max-snippet:-1","max-image-preview":"max-image-preview:large","max-video-preview":"max-video-preview:-1"},"canonical":"https:\/\/alkostore.ee\/fi\/lostpassword\/","og_locale":"fi_FI","og_type":"article","og_title":"Unohdin salasanan | Alcostore","og_url":"https:\/\/alkostore.ee\/fi\/lostpassword\/","og_site_name":"Alcostore","article_publisher":"https:\/\/www.facebook.com\/AlcostoreTallinn","article_modified_time":"2021-09-25T19:50:59+00:00","twitter_card":"summary","schema":{"@context":"https:\/\/schema.org","@graph":[{"@type":"Organization","@id":"https:\/\/www.alkostore.ee\/fi\/#organization","name":"ALKOSTORE","url":"https:\/\/www.alkostore.ee\/fi\/","sameAs":["https:\/\/www.facebook.com\/AlcostoreTallinn"],"logo":{"@type":"ImageObject","@id":"https:\/\/www.alkostore.ee\/fi\/#logo","inLanguage":"fi","url":"https:\/\/alkostore.ee\/wp-content\/uploads\/2021\/09\/liviko-alcostore_2x1.png","contentUrl":"https:\/\/alkostore.ee\/wp-content\/uploads\/2021\/09\/liviko-alcostore_2x1.png","width":352,"height":130,"caption":"ALKOSTORE"},"image":{"@id":"https:\/\/www.alkostore.ee\/fi\/#logo"}},{"@type":"WebSite","@id":"https:\/\/www.alkostore.ee\/fi\/#website","url":"https:\/\/www.alkostore.ee\/fi\/","name":"Alcostore","description":"Suurima valikuga alkoholi E-kauplus Eestis","publisher":{"@id":"https:\/\/www.alkostore.ee\/fi\/#organization"},"potentialAction":[{"@type":"SearchAction","target":{"@type":"EntryPoint","urlTemplate":"https:\/\/www.alkostore.ee\/fi\/?s={search_term_string}"},"query-input":"required name=search_term_string"}],"inLanguage":"fi"},{"@type":"WebPage","@id":"https:\/\/alkostore.ee\/fi\/lostpassword\/#webpage","url":"https:\/\/alkostore.ee\/fi\/lostpassword\/","name":"Unohdin salasanan | Alcostore","isPartOf":{"@id":"https:\/\/www.alkostore.ee\/fi\/#website"},"datePublished":"2013-07-29T15:02:50+00:00","dateModified":"2021-09-25T19:50:59+00:00","breadcrumb":{"@id":"https:\/\/alkostore.ee\/fi\/lostpassword\/#breadcrumb"},"inLanguage":"fi","potentialAction":[{"@type":"ReadAction","target":["https:\/\/alkostore.ee\/fi\/lostpassword\/"]}]},{"@type":"BreadcrumbList","@id":"https:\/\/alkostore.ee\/fi\/lostpassword\/#breadcrumb","itemListElement":[{"@type":"ListItem","position":1,"name":"Home","item":"https:\/\/www.alkostore.ee\/fi\/"},{"@type":"ListItem","position":2,"name":"Unohdin salasanan"}]}]}},"_links":{"self":[{"href":"https:\/\/alkostore.ee\/fi\/wp-json\/wp\/v2\/pages\/11272432"}],"collection":[{"href":"https:\/\/alkostore.ee\/fi\/wp-json\/wp\/v2\/pages"}],"about":[{"href":"https:\/\/alkostore.ee\/fi\/wp-json\/wp\/v2\/types\/page"}],"author":[{"embeddable":true,"href":"https:\/\/alkostore.ee\/fi\/wp-json\/wp\/v2\/users\/2"}],"replies":[{"embeddable":true,"href":"https:\/\/alkostore.ee\/fi\/wp-json\/wp\/v2\/comments?post=11272432"}],"version-history":[{"count":2,"href":"https:\/\/alkostore.ee\/fi\/wp-json\/wp\/v2\/pages\/11272432\/revisions"}],"predecessor-version":[{"id":11272438,"href":"https:\/\/alkostore.ee\/fi\/wp-json\/wp\/v2\/pages\/11272432\/revisions\/11272438"}],"wp:attachment":[{"href":"https:\/\/alkostore.ee\/fi\/wp-json\/wp\/v2\/media?parent=11272432"}],"curies":[{"name":"wp","href":"https:\/\/api.w.org\/{rel}","templated":true}]}}