{"id":11294535,"date":"2021-10-15T16:22:23","date_gmt":"2021-10-15T13:22:23","guid":{"rendered":"https:\/\/alkostore.ee\/en\/?page_id=11294535"},"modified":"2022-03-23T10:18:23","modified_gmt":"2022-03-23T08:18:23","slug":"kuidas-osta-e-poest","status":"publish","type":"page","link":"https:\/\/alkostore.ee\/en\/kuidas-osta-e-poest\/","title":{"rendered":"How to buy from online store"},"content":{"rendered":"<p>Welcome to the e-shop\u00a0 alkostore.ee.<\/p>\n<p>Our alkostore.ee e-shop offers you selections of more than 3,000 product, excellent customer service and tips for matching drinks and food.<\/p>\n<p>Buying in the alkostore.ee e-store is fast and convenient. You can review, compare and buy products how it suits you. Product search is easy and you can sort the search results by different criteria &#8211; for example, price, country or food suitability.<\/p>\n<p>Selected products will be delivered to your home by Courier or to the SmartPost parcel machine of your choice. If you wish, you can also pick up the goods at the store of your choice or use the convenient and safe Drive-in service of the Tallinn, Mere pst.6 store.<\/p>\n<p>Using the drive-in, it is also possible to pay with a card without leaving the car.<\/p>\n<p>Convenient buying process.<\/p>\n<p>All our product categories can be conveniently filtered. Clicking on a product category opens a small category page that also contains the filter menu. There you can narrow your choice. This way you can search for products that suit your taste preference.<\/p>\n<p>How to buy:<\/p>\n<p>Find the right product<\/p>\n<p>Add the product to the cart, select the quantity and select &#8220;Order&#8221;<\/p>\n<p>Enter your e-mail address, select the delivery method and fill in the required fields.<\/p>\n<p>Choose a payment method and confirm the order.<\/p>\n<p>Purchases can be paid with:<\/p>\n<p>In our alkostore.ee e-shop, you can securely buy products via bank links or make a bank transfer to the accounts indicated on the invoice.<\/p>\n<p>Estonian Internet banks: Swedbank, SEB Bank, LHV Bank, and Luminor Bank.<\/p>\n<p>Finnish online banks: Aktia, Bank of \u00c5land, Danske, Handelsbanken, Nordea, Oma S\u00e4\u00e4st\u00f6pankki, OP, POP Bank, S-Bank, S\u00e4\u00e4stopankki<\/p>\n<p>&nbsp;<\/p>\n<p>You can also pay with Visa, MasterCard and Maestro credit cards. Payment data for purchases made in the e-shop is always protected by SSL security and payments are made on the secure servers of the service provider.<\/p>\n<p>Credit card payments have a 3-D Secure service, which involves personal identification in the Internet bank. The e-shop does not process or store your credit card information.<\/p>\n<p>All payment data, including payment link data, is mediated by SEB Bank and all payment link data of Finnish Internet banks are mediated by the ESTO AS Registry code 14180709 Address Laeva st 2, 10111, Tallinn, Estonia E-mail info@esto.ee Contact phone (+372) 622 52 52<\/p>\n","protected":false},"excerpt":{"rendered":"<p>Welcome to the e-shop\u00a0 alkostore.ee. Our alkostore.ee e-shop offers you selections of more than 3,000 product, excellent customer service and tips for matching drinks and food. Buying in the alkostore.ee e-store is fast and convenient. You can review, compare and buy products how it suits you. Product search is easy &hellip;<\/p>\n","protected":false},"author":3148,"featured_media":0,"parent":0,"menu_order":0,"comment_status":"closed","ping_status":"closed","template":"","meta":{"inline_featured_image":false},"yoast_head":"<!-- This site is optimized with the Yoast SEO plugin v18.2 - https:\/\/yoast.com\/wordpress\/plugins\/seo\/ -->\n<meta name=\"robots\" content=\"index, follow, max-snippet:-1, max-image-preview:large, max-video-preview:-1\" \/>\n<link rel=\"canonical\" href=\"https:\/\/alkostore.ee\/en\/kuidas-osta-e-poest\/\" \/>\n<meta property=\"og:locale\" content=\"en_US\" \/>\n<meta property=\"og:type\" content=\"article\" \/>\n<meta property=\"og:title\" content=\"How to buy from online store | Alcostore\" \/>\n<meta property=\"og:description\" content=\"Welcome to the e-shop\u00a0 alkostore.ee. Our alkostore.ee e-shop offers you selections of more than 3,000 product, excellent customer service and tips for matching drinks and food. Buying in the alkostore.ee e-store is fast and convenient. You can review, compare and buy products how it suits you. Product search is easy &hellip;\" \/>\n<meta property=\"og:url\" content=\"https:\/\/alkostore.ee\/en\/kuidas-osta-e-poest\/\" \/>\n<meta property=\"og:site_name\" content=\"Alcostore\" \/>\n<meta property=\"article:publisher\" content=\"https:\/\/www.facebook.com\/AlcostoreTallinn\" \/>\n<meta property=\"article:modified_time\" content=\"2022-03-23T08:18:23+00:00\" \/>\n<meta name=\"twitter:card\" content=\"summary\" \/>\n<meta name=\"twitter:label1\" content=\"Est. reading time\" \/>\n\t<meta name=\"twitter:data1\" content=\"3 minutes\" \/>\n<script type=\"application\/ld+json\" class=\"yoast-schema-graph\">{\"@context\":\"https:\/\/schema.org\",\"@graph\":[{\"@type\":\"Organization\",\"@id\":\"https:\/\/www.alkostore.ee\/fi\/#organization\",\"name\":\"ALKOSTORE\",\"url\":\"https:\/\/www.alkostore.ee\/fi\/\",\"sameAs\":[\"https:\/\/www.facebook.com\/AlcostoreTallinn\"],\"logo\":{\"@type\":\"ImageObject\",\"@id\":\"https:\/\/www.alkostore.ee\/fi\/#logo\",\"inLanguage\":\"en\",\"url\":\"https:\/\/alkostore.ee\/wp-content\/uploads\/2021\/09\/liviko-alcostore_2x1.png\",\"contentUrl\":\"https:\/\/alkostore.ee\/wp-content\/uploads\/2021\/09\/liviko-alcostore_2x1.png\",\"width\":352,\"height\":130,\"caption\":\"ALKOSTORE\"},\"image\":{\"@id\":\"https:\/\/www.alkostore.ee\/fi\/#logo\"}},{\"@type\":\"WebSite\",\"@id\":\"https:\/\/www.alkostore.ee\/fi\/#website\",\"url\":\"https:\/\/www.alkostore.ee\/fi\/\",\"name\":\"Alcostore\",\"description\":\"Suurima valikuga alkoholi E-kauplus Eestis\",\"publisher\":{\"@id\":\"https:\/\/www.alkostore.ee\/fi\/#organization\"},\"potentialAction\":[{\"@type\":\"SearchAction\",\"target\":{\"@type\":\"EntryPoint\",\"urlTemplate\":\"https:\/\/www.alkostore.ee\/fi\/?s={search_term_string}\"},\"query-input\":\"required name=search_term_string\"}],\"inLanguage\":\"en\"},{\"@type\":\"WebPage\",\"@id\":\"https:\/\/alkostore.ee\/en\/kuidas-osta-e-poest\/#webpage\",\"url\":\"https:\/\/alkostore.ee\/en\/kuidas-osta-e-poest\/\",\"name\":\"How to buy from online store | Alcostore\",\"isPartOf\":{\"@id\":\"https:\/\/www.alkostore.ee\/fi\/#website\"},\"datePublished\":\"2021-10-15T13:22:23+00:00\",\"dateModified\":\"2022-03-23T08:18:23+00:00\",\"breadcrumb\":{\"@id\":\"https:\/\/alkostore.ee\/en\/kuidas-osta-e-poest\/#breadcrumb\"},\"inLanguage\":\"en\",\"potentialAction\":[{\"@type\":\"ReadAction\",\"target\":[\"https:\/\/alkostore.ee\/en\/kuidas-osta-e-poest\/\"]}]},{\"@type\":\"BreadcrumbList\",\"@id\":\"https:\/\/alkostore.ee\/en\/kuidas-osta-e-poest\/#breadcrumb\",\"itemListElement\":[{\"@type\":\"ListItem\",\"position\":1,\"name\":\"Home\",\"item\":\"https:\/\/alkostore.ee\/en\/\"},{\"@type\":\"ListItem\",\"position\":2,\"name\":\"How to buy from online store\"}]}]}<\/script>\n<!-- \/ Yoast SEO plugin. -->","yoast_head_json":{"robots":{"index":"index","follow":"follow","max-snippet":"max-snippet:-1","max-image-preview":"max-image-preview:large","max-video-preview":"max-video-preview:-1"},"canonical":"https:\/\/alkostore.ee\/en\/kuidas-osta-e-poest\/","og_locale":"en_US","og_type":"article","og_title":"How to buy from online store | Alcostore","og_description":"Welcome to the e-shop\u00a0 alkostore.ee. Our alkostore.ee e-shop offers you selections of more than 3,000 product, excellent customer service and tips for matching drinks and food. Buying in the alkostore.ee e-store is fast and convenient. You can review, compare and buy products how it suits you. Product search is easy &hellip;","og_url":"https:\/\/alkostore.ee\/en\/kuidas-osta-e-poest\/","og_site_name":"Alcostore","article_publisher":"https:\/\/www.facebook.com\/AlcostoreTallinn","article_modified_time":"2022-03-23T08:18:23+00:00","twitter_card":"summary","twitter_misc":{"Est. reading time":"3 minutes"},"schema":{"@context":"https:\/\/schema.org","@graph":[{"@type":"Organization","@id":"https:\/\/www.alkostore.ee\/fi\/#organization","name":"ALKOSTORE","url":"https:\/\/www.alkostore.ee\/fi\/","sameAs":["https:\/\/www.facebook.com\/AlcostoreTallinn"],"logo":{"@type":"ImageObject","@id":"https:\/\/www.alkostore.ee\/fi\/#logo","inLanguage":"en","url":"https:\/\/alkostore.ee\/wp-content\/uploads\/2021\/09\/liviko-alcostore_2x1.png","contentUrl":"https:\/\/alkostore.ee\/wp-content\/uploads\/2021\/09\/liviko-alcostore_2x1.png","width":352,"height":130,"caption":"ALKOSTORE"},"image":{"@id":"https:\/\/www.alkostore.ee\/fi\/#logo"}},{"@type":"WebSite","@id":"https:\/\/www.alkostore.ee\/fi\/#website","url":"https:\/\/www.alkostore.ee\/fi\/","name":"Alcostore","description":"Suurima valikuga alkoholi E-kauplus Eestis","publisher":{"@id":"https:\/\/www.alkostore.ee\/fi\/#organization"},"potentialAction":[{"@type":"SearchAction","target":{"@type":"EntryPoint","urlTemplate":"https:\/\/www.alkostore.ee\/fi\/?s={search_term_string}"},"query-input":"required name=search_term_string"}],"inLanguage":"en"},{"@type":"WebPage","@id":"https:\/\/alkostore.ee\/en\/kuidas-osta-e-poest\/#webpage","url":"https:\/\/alkostore.ee\/en\/kuidas-osta-e-poest\/","name":"How to buy from online store | Alcostore","isPartOf":{"@id":"https:\/\/www.alkostore.ee\/fi\/#website"},"datePublished":"2021-10-15T13:22:23+00:00","dateModified":"2022-03-23T08:18:23+00:00","breadcrumb":{"@id":"https:\/\/alkostore.ee\/en\/kuidas-osta-e-poest\/#breadcrumb"},"inLanguage":"en","potentialAction":[{"@type":"ReadAction","target":["https:\/\/alkostore.ee\/en\/kuidas-osta-e-poest\/"]}]},{"@type":"BreadcrumbList","@id":"https:\/\/alkostore.ee\/en\/kuidas-osta-e-poest\/#breadcrumb","itemListElement":[{"@type":"ListItem","position":1,"name":"Home","item":"https:\/\/alkostore.ee\/en\/"},{"@type":"ListItem","position":2,"name":"How to buy from online store"}]}]}},"_links":{"self":[{"href":"https:\/\/alkostore.ee\/en\/wp-json\/wp\/v2\/pages\/11294535"}],"collection":[{"href":"https:\/\/alkostore.ee\/en\/wp-json\/wp\/v2\/pages"}],"about":[{"href":"https:\/\/alkostore.ee\/en\/wp-json\/wp\/v2\/types\/page"}],"author":[{"embeddable":true,"href":"https:\/\/alkostore.ee\/en\/wp-json\/wp\/v2\/users\/3148"}],"replies":[{"embeddable":true,"href":"https:\/\/alkostore.ee\/en\/wp-json\/wp\/v2\/comments?post=11294535"}],"version-history":[{"count":5,"href":"https:\/\/alkostore.ee\/en\/wp-json\/wp\/v2\/pages\/11294535\/revisions"}],"predecessor-version":[{"id":11882548,"href":"https:\/\/alkostore.ee\/en\/wp-json\/wp\/v2\/pages\/11294535\/revisions\/11882548"}],"wp:attachment":[{"href":"https:\/\/alkostore.ee\/en\/wp-json\/wp\/v2\/media?parent=11294535"}],"curies":[{"name":"wp","href":"https:\/\/api.w.org\/{rel}","templated":true}]}}